{"id":11,"date":"2016-11-15T13:10:03","date_gmt":"2016-11-15T12:10:03","guid":{"rendered":"http:\/\/www.chirurgie-hn.de\/klinik\/?page_id=11"},"modified":"2026-01-23T11:39:24","modified_gmt":"2026-01-23T10:39:24","slug":"die-klinik","status":"publish","type":"page","link":"https:\/\/www.chirurgie-hn.de\/klinik\/","title":{"rendered":"Die Klinik"},"content":{"rendered":"<div id='full_slider_1'  class='avia-fullwidth-slider main_color avia-shadow   avia-builder-el-0  el_before_av_section  avia-builder-el-first   container_wrap fullsize'  ><div  class='avia-slideshow av-aykbv-82b809c8d070a6bd2d22453b4a3e73df avia-slideshow-no scaling av_slideshow_full avia-slide-slider av-slideshow-ui av-control-default av-slideshow-manual av-loop-once av-loop-manual-endless av-default-height-applied   avia-slideshow-1' data-slideshow-options=\"{&quot;animation&quot;:&quot;slide&quot;,&quot;autoplay&quot;:false,&quot;loop_autoplay&quot;:&quot;once&quot;,&quot;interval&quot;:5,&quot;loop_manual&quot;:&quot;manual-endless&quot;,&quot;autoplay_stopper&quot;:false,&quot;noNavigation&quot;:false,&quot;bg_slider&quot;:false,&quot;keep_padding&quot;:false,&quot;hoverpause&quot;:false,&quot;show_slide_delay&quot;:0}\"  itemprop=\"image\" itemscope=\"itemscope\" itemtype=\"https:\/\/schema.org\/ImageObject\" ><ul class='avia-slideshow-inner ' style='padding-bottom: 26.315789473684%;'><li  class='avia-slideshow-slide av-aykbv-82b809c8d070a6bd2d22453b4a3e73df__0  av-single-slide slide-1 slide-odd'><div data-rel='slideshow-1' class='avia-slide-wrap '   ><div class='av-slideshow-caption av-aykbv-82b809c8d070a6bd2d22453b4a3e73df__0 caption_fullwidth caption_bottom caption_bottom_framed caption_framed'><div class=\"container caption_container\"><div class=\"slideshow_caption\"><div class=\"slideshow_inner_caption\"><div class=\"slideshow_align_caption\"><h2 class='avia-caption-title '  itemprop=\"name\" >Exzellente Behandlung in exquisiter Umgebung.<\/h2><\/div><\/div><\/div><\/div><\/div><img decoding=\"async\" fetchpriority=\"high\" class=\"wp-image-308 avia-img-lazy-loading-not-308\"  src=\"https:\/\/www.chirurgie-hn.de\/klinik\/wp-content\/uploads\/2017\/05\/die-privatklinik-heilbronn.jpg\" width=\"1900\" height=\"500\" title='Privatklinik Heilbronn' alt='Privatklinik Heilbronn'  itemprop=\"thumbnailUrl\" srcset=\"https:\/\/www.chirurgie-hn.de\/klinik\/wp-content\/uploads\/2017\/05\/die-privatklinik-heilbronn.jpg 1900w, https:\/\/www.chirurgie-hn.de\/klinik\/wp-content\/uploads\/2017\/05\/die-privatklinik-heilbronn-300x79.jpg 300w, https:\/\/www.chirurgie-hn.de\/klinik\/wp-content\/uploads\/2017\/05\/die-privatklinik-heilbronn-768x202.jpg 768w, https:\/\/www.chirurgie-hn.de\/klinik\/wp-content\/uploads\/2017\/05\/die-privatklinik-heilbronn-1030x271.jpg 1030w, https:\/\/www.chirurgie-hn.de\/klinik\/wp-content\/uploads\/2017\/05\/die-privatklinik-heilbronn-1500x395.jpg 1500w, https:\/\/www.chirurgie-hn.de\/klinik\/wp-content\/uploads\/2017\/05\/die-privatklinik-heilbronn-705x186.jpg 705w, https:\/\/www.chirurgie-hn.de\/klinik\/wp-content\/uploads\/2017\/05\/die-privatklinik-heilbronn-450x118.jpg 450w\" sizes=\"(max-width: 1900px) 100vw, 1900px\" \/><\/div><\/li><\/ul><\/div><\/div>\n<div id='av_section_1'  class='avia-section av-9y5g7-4b8dd5abbd4509c21a0055ab008e512b main_color avia-section-large avia-no-border-styling  avia-builder-el-1  el_after_av_slideshow_full  el_before_av_section  avia-bg-style-scroll container_wrap fullsize'  ><div class='container av-section-cont-open' ><div class='template-page content  av-content-full alpha units'><div class='post-entry post-entry-type-page post-entry-11'><div class='entry-content-wrapper clearfix'>\n<div class='flex_column_table av-973u7-42fa63890a4e9599db1b6436a65099fa sc-av_one_half av-equal-height-column-flextable'>\n<style type=\"text\/css\" data-created_by=\"avia_inline_auto\" id=\"style-css-av-973u7-42fa63890a4e9599db1b6436a65099fa\">\n.flex_column.av-973u7-42fa63890a4e9599db1b6436a65099fa{\nborder-radius:0px 0px 0px 0px;\npadding:0px 0px 0px 0px;\n}\n<\/style>\n<div  class='flex_column av-973u7-42fa63890a4e9599db1b6436a65099fa av_one_half  avia-builder-el-2  el_before_av_one_half  avia-builder-el-first  first flex_column_table_cell av-equal-height-column av-align-top av-zero-column-padding  '     ><section  class='av_textblock_section av-8mp6z-ded7890e02094832fa0474bfac1c0b63 '   itemscope=\"itemscope\" itemtype=\"https:\/\/schema.org\/CreativeWork\" ><div class='avia_textblock'  itemprop=\"text\" ><h1>Sehr geehrte Patientin,<br \/>\nsehr geehrter Patient<\/h1>\n<\/div><\/section><br \/>\n<section  class='av_textblock_section av-81oej-504860f68e661eb8227a97d3c47e0dbb '   itemscope=\"itemscope\" itemtype=\"https:\/\/schema.org\/CreativeWork\" ><div class='avia_textblock'  itemprop=\"text\" ><p>Willkommen auf unserer Internet-Seite.<\/p>\n<p>Die SLK-Klinik am Rathenauplatz ist eine chirurgische Belegklinik. Wir sind von allen Krankenkassen zugelassen zur station\u00e4ren Behandlung von chirurgischen und orthop\u00e4dischen Krankheitsbildern.<br \/>\nAls hochqualifiziertes Chirurgenteam mit mehreren Schwerpunkten k\u00f6nnen wir Ihnen umfassende chirurgische Diagnostik und Therapie in einem modernen Umfeld anbieten.<\/p>\n<p>Sie finden unsere Chirurgische Belegklinik mit der Bettenstation und den Operationss\u00e4len in Ebene 4 in der Happelstra\u00dfe 8 (QS\u00fcd).<\/p>\n<p>In Ebene 3 befindet sich unsere chirurgische Gemeinschaftspraxis.<\/p>\n<p>Wir freuen uns auf Ihren Besuch!<\/p>\n<p><strong>Dr. med. Andreas Simpfend\u00f6rfer,<br \/>\nDr. med. J\u00fcrgen Raupp,<br \/>\nDr. med. Corinna M\u00fcller,<br \/>\nDr. med. Florian Stumpp,<br \/>\nFederico Dotti<br \/>\n<\/strong><\/p>\n<\/div><\/section><\/p><\/div><div class='av-flex-placeholder'><\/div>\n<style type=\"text\/css\" data-created_by=\"avia_inline_auto\" id=\"style-css-av-7p4xr-4e437f7d2659698f450daa5e8b9d8344\">\n.flex_column.av-7p4xr-4e437f7d2659698f450daa5e8b9d8344{\nborder-radius:0px 0px 0px 0px;\npadding:30px 30px 30px 30px;\nbackground-color:#f3f3f3;\n}\n<\/style>\n<div  class='flex_column av-7p4xr-4e437f7d2659698f450daa5e8b9d8344 av_one_half  avia-builder-el-5  el_after_av_one_half  avia-builder-el-last  flex_column_table_cell av-equal-height-column av-align-top  '     ><section  class='av_textblock_section av-6rz6r-49b5de6b70d293cfcceb6b7df38b4210 '   itemscope=\"itemscope\" itemtype=\"https:\/\/schema.org\/CreativeWork\" ><div class='avia_textblock'  itemprop=\"text\" ><h3>Unsere Schwerpunkte<\/h3>\n<p>Wir sind in verschiedenen Bereichen der Chirurgie t\u00e4tig, von der Allgemein -und Viszeralchirurgie \u00fcber die Gef\u00e4\u00dfchirurgie bis zur Unfallchirurgie, Orthop\u00e4die und Sporttraumatologie.<\/p>\n<p>Eine \u00dcbersicht unserer Kenntnisse und Kompetenzen finden Sie hier.<\/p>\n<p style=\"text-align: left;\"><a class=\"avia-button\" title=\"Chirurgie von erfahrenen Chirurgen aus Heilbronn\" href=\"\/klinik\/schwerpunkte\/chirurgie\/\">Chirurgie<\/a><\/p>\n<p><a class=\"avia-button\" title=\"Orthop\u00e4die und Unfallchirurgie aus Heilbronn\" href=\"\/klinik\/schwerpunkte\/orthopaedie-unfallchirurgie\/\">Orthop\u00e4die + Unfallchirurgie<\/a><\/p>\n<p><a class=\"avia-button\" title=\"Professionelle Gef\u00e4\u00dfchirurgie von Experten\" href=\"\/klinik\/schwerpunkte\/gefaesschirurgie\/\">Gef\u00e4\u00dfchirurgie<\/a><\/p>\n<\/div><\/section><\/div><\/div><!--close column table wrapper. Autoclose: 1 --><\/div><\/div><\/div><!-- close content main div --><\/div><\/div>\n<style type=\"text\/css\" data-created_by=\"avia_inline_auto\" id=\"style-css-av-6j9dj-eef02fc7f2e9b7c94862f4ed2e0d0f1f\">\n.avia-section.av-6j9dj-eef02fc7f2e9b7c94862f4ed2e0d0f1f{\nbackground-color:#f3f3f3;\nbackground-image:url(https:\/\/www.chirurgie-hn.de\/klinik\/wp-content\/uploads\/2016\/11\/bg-logo-intro-start.png);\nbackground-repeat:no-repeat;\nbackground-position:100% 50%;\nbackground-attachment:scroll;\n}\n<\/style>\n<div id='home-intro'  class='avia-section av-6j9dj-eef02fc7f2e9b7c94862f4ed2e0d0f1f main_color avia-section-large avia-no-border-styling  avia-builder-el-7  el_after_av_section  avia-builder-el-last  avia-bg-style-scroll container_wrap fullsize'  data-section-bg-repeat='no-repeat'><div class='container av-section-cont-open' ><div class='template-page content  av-content-full alpha units'><div class='post-entry post-entry-type-page post-entry-11'><div class='entry-content-wrapper clearfix'>\n<div class='flex_column_table av-5f8sf-bd6a54a24fa1b691158d1f4ac27ca815 sc-av_one_third av-equal-height-column-flextable'>\n<style type=\"text\/css\" data-created_by=\"avia_inline_auto\" id=\"style-css-av-5f8sf-bd6a54a24fa1b691158d1f4ac27ca815\">\n.flex_column.av-5f8sf-bd6a54a24fa1b691158d1f4ac27ca815{\nborder-radius:0px 0px 0px 0px;\npadding:0px 0px 0px 0px;\n}\n<\/style>\n<div  class='flex_column av-5f8sf-bd6a54a24fa1b691158d1f4ac27ca815 av_one_third  avia-builder-el-8  el_before_av_one_third  avia-builder-el-first  first flex_column_table_cell av-equal-height-column av-align-top av-zero-column-padding  '     ><p>\n<style type=\"text\/css\" data-created_by=\"avia_inline_auto\" id=\"style-css-av-58rub-09585ddc68ea3edcb658eb94cbebc1d4\">\n.avia-image-container.av-58rub-09585ddc68ea3edcb658eb94cbebc1d4 img.avia_image{\nbox-shadow:none;\n}\n.avia-image-container.av-58rub-09585ddc68ea3edcb658eb94cbebc1d4 .av-image-caption-overlay-center{\ncolor:#ffffff;\n}\n<\/style>\n<div  class='avia-image-container av-58rub-09585ddc68ea3edcb658eb94cbebc1d4 av-styling- av-img-linked avia-align-  avia-builder-el-9  el_before_av_textblock  avia-builder-el-first '   itemprop=\"image\" itemscope=\"itemscope\" itemtype=\"https:\/\/schema.org\/ImageObject\" ><div class=\"avia-image-container-inner\"><div class=\"avia-image-overlay-wrap\"><a href=\"https:\/\/www.chirurgie-hn.de\/klinik\/kontakt\/\" class='avia_image '  aria-label='teaser-kontakt'><img decoding=\"async\" fetchpriority=\"high\" class='wp-image-594 avia-img-lazy-loading-not-594 avia_image ' src=\"https:\/\/www.chirurgie-hn.de\/klinik\/wp-content\/uploads\/2016\/11\/teaser-kontakt.jpg\" alt='' title='teaser-kontakt'  height=\"340\" width=\"500\"  itemprop=\"thumbnailUrl\" srcset=\"https:\/\/www.chirurgie-hn.de\/klinik\/wp-content\/uploads\/2016\/11\/teaser-kontakt.jpg 500w, https:\/\/www.chirurgie-hn.de\/klinik\/wp-content\/uploads\/2016\/11\/teaser-kontakt-300x204.jpg 300w, https:\/\/www.chirurgie-hn.de\/klinik\/wp-content\/uploads\/2016\/11\/teaser-kontakt-450x306.jpg 450w\" sizes=\"(max-width: 500px) 100vw, 500px\" \/><\/a><\/div><\/div><\/div><br \/>\n<section  class='av_textblock_section av-4hxy3-019ce15762debe3753a9d482dbab5b97 '   itemscope=\"itemscope\" itemtype=\"https:\/\/schema.org\/CreativeWork\" ><div class='avia_textblock'  itemprop=\"text\" ><h4>Kontakt<\/h4>\n<p>Sie haben Fragen oder ben\u00f6tigen Informationen rund um ihren station\u00e4ren Aufenthalt in unserer Klinik? Dann rufen Sie uns an oder senden Sie uns ein E-Mail.<\/p>\n<p><a class=\"avia-button href=\" href=\"\/klinik\/kontakt\/\">Kontakt aufnehmen<\/a><\/p>\n<\/div><\/section><\/p><\/div><div class='av-flex-placeholder'><\/div>\n<style type=\"text\/css\" data-created_by=\"avia_inline_auto\" id=\"style-css-av-d6e3-9486dd212c9f58e163390c18a6707ffa\">\n.flex_column.av-d6e3-9486dd212c9f58e163390c18a6707ffa{\nborder-radius:0px 0px 0px 0px;\npadding:0px 0px 0px 0px;\n}\n<\/style>\n<div  class='flex_column av-d6e3-9486dd212c9f58e163390c18a6707ffa av_one_third  avia-builder-el-11  el_after_av_one_third  el_before_av_one_third  flex_column_table_cell av-equal-height-column av-align-top av-zero-column-padding  '     ><p>\n<style type=\"text\/css\" data-created_by=\"avia_inline_auto\" id=\"style-css-av-3glyr-1e7df351d0822d5f24fd02ae4817b37d\">\n.avia-image-container.av-3glyr-1e7df351d0822d5f24fd02ae4817b37d img.avia_image{\nbox-shadow:none;\n}\n.avia-image-container.av-3glyr-1e7df351d0822d5f24fd02ae4817b37d .av-image-caption-overlay-center{\ncolor:#ffffff;\n}\n<\/style>\n<div  class='avia-image-container av-3glyr-1e7df351d0822d5f24fd02ae4817b37d av-styling- av-img-linked avia-align-  avia-builder-el-12  el_before_av_textblock  avia-builder-el-first '   itemprop=\"image\" itemscope=\"itemscope\" itemtype=\"https:\/\/schema.org\/ImageObject\" ><div class=\"avia-image-container-inner\"><div class=\"avia-image-overlay-wrap\"><a href=\"https:\/\/www.chirurgie-hn.de\/klinik\/anfahrt\/\" class='avia_image '  aria-label='Anfahrt'><img decoding=\"async\" fetchpriority=\"high\" class='wp-image-294 avia-img-lazy-loading-not-294 avia_image ' src=\"https:\/\/www.chirurgie-hn.de\/klinik\/wp-content\/uploads\/2016\/11\/teaser-anfahrt-3.jpg\" alt='Anfahrt' title='Anfahrt'  height=\"340\" width=\"500\"  itemprop=\"thumbnailUrl\" srcset=\"https:\/\/www.chirurgie-hn.de\/klinik\/wp-content\/uploads\/2016\/11\/teaser-anfahrt-3.jpg 500w, https:\/\/www.chirurgie-hn.de\/klinik\/wp-content\/uploads\/2016\/11\/teaser-anfahrt-3-300x204.jpg 300w, https:\/\/www.chirurgie-hn.de\/klinik\/wp-content\/uploads\/2016\/11\/teaser-anfahrt-3-450x306.jpg 450w\" sizes=\"(max-width: 500px) 100vw, 500px\" \/><\/a><\/div><\/div><\/div><br \/>\n<section  class='av_textblock_section av-2owif-85c518ed9f6709754164a90e0bad716d '   itemscope=\"itemscope\" itemtype=\"https:\/\/schema.org\/CreativeWork\" ><div class='avia_textblock'  itemprop=\"text\" ><h4>Anfahrt<\/h4>\n<p>Die Klinik befindet sich in Ebene 4 in der Happelstra\u00dfe 8 (QS\u00fcd).<\/p>\n<p><a class=\"avia-button href=\" href=\"\/klinik\/anfahrt\/\">Mehr erfahren<\/a><\/p>\n<\/div><\/section><\/p><\/div><div class='av-flex-placeholder'><\/div>\n<style type=\"text\/css\" data-created_by=\"avia_inline_auto\" id=\"style-css-av-8f0n-2ae31d0ddefc29ba80a60fa9583e899d\">\n.flex_column.av-8f0n-2ae31d0ddefc29ba80a60fa9583e899d{\nborder-radius:0px 0px 0px 0px;\npadding:0px 0px 0px 0px;\n}\n<\/style>\n<div  class='flex_column av-8f0n-2ae31d0ddefc29ba80a60fa9583e899d av_one_third  avia-builder-el-14  el_after_av_one_third  avia-builder-el-last  flex_column_table_cell av-equal-height-column av-align-top av-zero-column-padding  '     ><p>\n<style type=\"text\/css\" data-created_by=\"avia_inline_auto\" id=\"style-css-av-1ntv7-6bcb13e314c3c7a2488e6f5d0ea96402\">\n.avia-image-container.av-1ntv7-6bcb13e314c3c7a2488e6f5d0ea96402 img.avia_image{\nbox-shadow:none;\n}\n.avia-image-container.av-1ntv7-6bcb13e314c3c7a2488e6f5d0ea96402 .av-image-caption-overlay-center{\ncolor:#ffffff;\n}\n<\/style>\n<div  class='avia-image-container av-1ntv7-6bcb13e314c3c7a2488e6f5d0ea96402 av-styling- av-img-linked avia-align-  avia-builder-el-15  el_before_av_textblock  avia-builder-el-first '   itemprop=\"image\" itemscope=\"itemscope\" itemtype=\"https:\/\/schema.org\/ImageObject\" ><div class=\"avia-image-container-inner\"><div class=\"avia-image-overlay-wrap\"><a href=\"https:\/\/www.chirurgie-hn.de\/klinik\/aktuelles\/\" class='avia_image '  aria-label='Termine'><img decoding=\"async\" fetchpriority=\"high\" class='wp-image-185 avia-img-lazy-loading-not-185 avia_image ' src=\"https:\/\/www.chirurgie-hn.de\/klinik\/wp-content\/uploads\/2016\/11\/teaser-termin-2.jpg\" alt='Termine' title='Termine'  height=\"340\" width=\"500\"  itemprop=\"thumbnailUrl\" srcset=\"https:\/\/www.chirurgie-hn.de\/klinik\/wp-content\/uploads\/2016\/11\/teaser-termin-2.jpg 500w, https:\/\/www.chirurgie-hn.de\/klinik\/wp-content\/uploads\/2016\/11\/teaser-termin-2-300x204.jpg 300w, https:\/\/www.chirurgie-hn.de\/klinik\/wp-content\/uploads\/2016\/11\/teaser-termin-2-450x306.jpg 450w\" sizes=\"(max-width: 500px) 100vw, 500px\" \/><\/a><\/div><\/div><\/div><br \/>\n<section  class='av_textblock_section av-yquv-0e55125249963570efb7dd648b8a3836 '   itemscope=\"itemscope\" itemtype=\"https:\/\/schema.org\/CreativeWork\" ><div class='avia_textblock'  itemprop=\"text\" ><h4>Online Termin buchen<\/h4>\n<p>Nutzen Sie das Online-Termintool TerMed und vereinbaren Sie Ihre Termine ohne lange Wartezeiten einfach online.<\/p>\n<p><a class=\"avia-button href=\" href=\"\/klinik\/online-terminbuchung\">Jetzt Termin buchen<\/a><\/p>\n<\/div><\/section><\/p><\/div><\/div><!--close column table wrapper. Autoclose: 1 -->\n<\/p>\n","protected":false},"excerpt":{"rendered":"","protected":false},"author":1,"featured_media":0,"parent":0,"menu_order":0,"comment_status":"closed","ping_status":"closed","template":"","meta":{"footnotes":""},"class_list":["post-11","page","type-page","status-publish","hentry"],"yoast_head":"<!-- This site is optimized with the Yoast SEO plugin v25.3.1 - https:\/\/yoast.com\/wordpress\/plugins\/seo\/ -->\n<title>Klinik am Rathenauplatz - Chirurgie in Heilbronn<\/title>\n<meta name=\"description\" content=\"Ihre chirurgische Klinik in Heilbronn mit den Schwerpunkten Allgemein- u. Viszeralchirurgie Gef\u00e4\u00dfchirurgie, Unfallchirurgie, Orthop\u00e4die &amp; Sporttraumatologie\" \/>\n<meta name=\"robots\" content=\"index, follow, max-snippet:-1, max-image-preview:large, max-video-preview:-1\" \/>\n<link rel=\"canonical\" href=\"https:\/\/www.chirurgie-hn.de\/klinik\/die-klinik\/\" \/>\n<meta property=\"og:locale\" content=\"de_DE\" \/>\n<meta property=\"og:type\" content=\"article\" \/>\n<meta property=\"og:title\" content=\"Klinik am Rathenauplatz - Chirurgie in Heilbronn\" \/>\n<meta property=\"og:description\" content=\"Ihre chirurgische Klinik in Heilbronn mit den Schwerpunkten Allgemein- u. Viszeralchirurgie Gef\u00e4\u00dfchirurgie, Unfallchirurgie, Orthop\u00e4die &amp; Sporttraumatologie\" \/>\n<meta property=\"og:url\" content=\"https:\/\/www.chirurgie-hn.de\/klinik\/die-klinik\/\" \/>\n<meta property=\"og:site_name\" content=\"Klinik am Rathenauplatz\" \/>\n<meta property=\"article:modified_time\" content=\"2026-01-23T10:39:24+00:00\" \/>\n<meta name=\"twitter:card\" content=\"summary_large_image\" \/>\n<meta name=\"twitter:label1\" content=\"Gesch\u00e4tzte Lesezeit\" \/>\n\t<meta name=\"twitter:data1\" content=\"2\u00a0Minuten\" \/>\n<script type=\"application\/ld+json\" class=\"yoast-schema-graph\">{\"@context\":\"https:\/\/schema.org\",\"@graph\":[{\"@type\":\"WebPage\",\"@id\":\"https:\/\/www.chirurgie-hn.de\/klinik\/die-klinik\/\",\"url\":\"https:\/\/www.chirurgie-hn.de\/klinik\/die-klinik\/\",\"name\":\"Klinik am Rathenauplatz - Chirurgie in Heilbronn\",\"isPartOf\":{\"@id\":\"https:\/\/www.chirurgie-hn.de\/klinik\/#website\"},\"datePublished\":\"2016-11-15T12:10:03+00:00\",\"dateModified\":\"2026-01-23T10:39:24+00:00\",\"description\":\"Ihre chirurgische Klinik in Heilbronn mit den Schwerpunkten Allgemein- u. Viszeralchirurgie Gef\u00e4\u00dfchirurgie, Unfallchirurgie, Orthop\u00e4die & Sporttraumatologie\",\"breadcrumb\":{\"@id\":\"https:\/\/www.chirurgie-hn.de\/klinik\/die-klinik\/#breadcrumb\"},\"inLanguage\":\"de\",\"potentialAction\":[{\"@type\":\"ReadAction\",\"target\":[\"https:\/\/www.chirurgie-hn.de\/klinik\/die-klinik\/\"]}]},{\"@type\":\"BreadcrumbList\",\"@id\":\"https:\/\/www.chirurgie-hn.de\/klinik\/die-klinik\/#breadcrumb\",\"itemListElement\":[{\"@type\":\"ListItem\",\"position\":1,\"name\":\"Startseite\",\"item\":\"https:\/\/www.chirurgie-hn.de\/klinik\/die-klinik\/\"},{\"@type\":\"ListItem\",\"position\":2,\"name\":\"Die Klinik\"}]},{\"@type\":\"WebSite\",\"@id\":\"https:\/\/www.chirurgie-hn.de\/klinik\/#website\",\"url\":\"https:\/\/www.chirurgie-hn.de\/klinik\/\",\"name\":\"Klinik am Rathenauplatz\",\"description\":\"\",\"potentialAction\":[{\"@type\":\"SearchAction\",\"target\":{\"@type\":\"EntryPoint\",\"urlTemplate\":\"https:\/\/www.chirurgie-hn.de\/klinik\/?s={search_term_string}\"},\"query-input\":{\"@type\":\"PropertyValueSpecification\",\"valueRequired\":true,\"valueName\":\"search_term_string\"}}],\"inLanguage\":\"de\"}]}<\/script>\n<!-- \/ Yoast SEO plugin. -->","yoast_head_json":{"title":"Klinik am Rathenauplatz - Chirurgie in Heilbronn","description":"Ihre chirurgische Klinik in Heilbronn mit den Schwerpunkten Allgemein- u. Viszeralchirurgie Gef\u00e4\u00dfchirurgie, Unfallchirurgie, Orthop\u00e4die & Sporttraumatologie","robots":{"index":"index","follow":"follow","max-snippet":"max-snippet:-1","max-image-preview":"max-image-preview:large","max-video-preview":"max-video-preview:-1"},"canonical":"https:\/\/www.chirurgie-hn.de\/klinik\/die-klinik\/","og_locale":"de_DE","og_type":"article","og_title":"Klinik am Rathenauplatz - Chirurgie in Heilbronn","og_description":"Ihre chirurgische Klinik in Heilbronn mit den Schwerpunkten Allgemein- u. Viszeralchirurgie Gef\u00e4\u00dfchirurgie, Unfallchirurgie, Orthop\u00e4die & Sporttraumatologie","og_url":"https:\/\/www.chirurgie-hn.de\/klinik\/die-klinik\/","og_site_name":"Klinik am Rathenauplatz","article_modified_time":"2026-01-23T10:39:24+00:00","twitter_card":"summary_large_image","twitter_misc":{"Gesch\u00e4tzte Lesezeit":"2\u00a0Minuten"},"schema":{"@context":"https:\/\/schema.org","@graph":[{"@type":"WebPage","@id":"https:\/\/www.chirurgie-hn.de\/klinik\/die-klinik\/","url":"https:\/\/www.chirurgie-hn.de\/klinik\/die-klinik\/","name":"Klinik am Rathenauplatz - Chirurgie in Heilbronn","isPartOf":{"@id":"https:\/\/www.chirurgie-hn.de\/klinik\/#website"},"datePublished":"2016-11-15T12:10:03+00:00","dateModified":"2026-01-23T10:39:24+00:00","description":"Ihre chirurgische Klinik in Heilbronn mit den Schwerpunkten Allgemein- u. Viszeralchirurgie Gef\u00e4\u00dfchirurgie, Unfallchirurgie, Orthop\u00e4die & Sporttraumatologie","breadcrumb":{"@id":"https:\/\/www.chirurgie-hn.de\/klinik\/die-klinik\/#breadcrumb"},"inLanguage":"de","potentialAction":[{"@type":"ReadAction","target":["https:\/\/www.chirurgie-hn.de\/klinik\/die-klinik\/"]}]},{"@type":"BreadcrumbList","@id":"https:\/\/www.chirurgie-hn.de\/klinik\/die-klinik\/#breadcrumb","itemListElement":[{"@type":"ListItem","position":1,"name":"Startseite","item":"https:\/\/www.chirurgie-hn.de\/klinik\/die-klinik\/"},{"@type":"ListItem","position":2,"name":"Die Klinik"}]},{"@type":"WebSite","@id":"https:\/\/www.chirurgie-hn.de\/klinik\/#website","url":"https:\/\/www.chirurgie-hn.de\/klinik\/","name":"Klinik am Rathenauplatz","description":"","potentialAction":[{"@type":"SearchAction","target":{"@type":"EntryPoint","urlTemplate":"https:\/\/www.chirurgie-hn.de\/klinik\/?s={search_term_string}"},"query-input":{"@type":"PropertyValueSpecification","valueRequired":true,"valueName":"search_term_string"}}],"inLanguage":"de"}]}},"_links":{"self":[{"href":"https:\/\/www.chirurgie-hn.de\/klinik\/wp-json\/wp\/v2\/pages\/11","targetHints":{"allow":["GET"]}}],"collection":[{"href":"https:\/\/www.chirurgie-hn.de\/klinik\/wp-json\/wp\/v2\/pages"}],"about":[{"href":"https:\/\/www.chirurgie-hn.de\/klinik\/wp-json\/wp\/v2\/types\/page"}],"author":[{"embeddable":true,"href":"https:\/\/www.chirurgie-hn.de\/klinik\/wp-json\/wp\/v2\/users\/1"}],"replies":[{"embeddable":true,"href":"https:\/\/www.chirurgie-hn.de\/klinik\/wp-json\/wp\/v2\/comments?post=11"}],"version-history":[{"count":99,"href":"https:\/\/www.chirurgie-hn.de\/klinik\/wp-json\/wp\/v2\/pages\/11\/revisions"}],"predecessor-version":[{"id":1171,"href":"https:\/\/www.chirurgie-hn.de\/klinik\/wp-json\/wp\/v2\/pages\/11\/revisions\/1171"}],"wp:attachment":[{"href":"https:\/\/www.chirurgie-hn.de\/klinik\/wp-json\/wp\/v2\/media?parent=11"}],"curies":[{"name":"wp","href":"https:\/\/api.w.org\/{rel}","templated":true}]}}