{"id":14,"date":"2016-11-15T13:18:00","date_gmt":"2016-11-15T12:18:00","guid":{"rendered":"http:\/\/www.chirurgie-hn.de\/klinik\/?page_id=14"},"modified":"2025-12-04T14:25:23","modified_gmt":"2025-12-04T13:25:23","slug":"das-team","status":"publish","type":"page","link":"https:\/\/www.chirurgie-hn.de\/klinik\/das-team\/","title":{"rendered":"Das Team"},"content":{"rendered":"<div id='full_slider_1'  class='avia-fullwidth-slider main_color avia-shadow   avia-builder-el-0  el_before_av_heading  avia-builder-el-first   container_wrap fullsize'  ><div  class='avia-slideshow av-9nlo2-4e1a21d8e886c818fd557ce97e9f7fae avia-slideshow-no scaling av_slideshow_full avia-slide-slider av-slideshow-ui av-control-default av-slideshow-manual av-loop-once av-loop-manual-endless av-default-height-applied   avia-slideshow-1' data-slideshow-options=\"{&quot;animation&quot;:&quot;slide&quot;,&quot;autoplay&quot;:false,&quot;loop_autoplay&quot;:&quot;once&quot;,&quot;interval&quot;:5,&quot;loop_manual&quot;:&quot;manual-endless&quot;,&quot;autoplay_stopper&quot;:false,&quot;noNavigation&quot;:false,&quot;bg_slider&quot;:false,&quot;keep_padding&quot;:false,&quot;hoverpause&quot;:false,&quot;show_slide_delay&quot;:0}\"  itemprop=\"image\" itemscope=\"itemscope\" itemtype=\"https:\/\/schema.org\/ImageObject\" ><ul class='avia-slideshow-inner ' style='padding-bottom: 21.052631578947%;'><li  class='avia-slideshow-slide av-9nlo2-4e1a21d8e886c818fd557ce97e9f7fae__0  slide-1 slide-odd'><div data-rel='slideshow-1' class='avia-slide-wrap '   ><img decoding=\"async\" fetchpriority=\"high\" class=\"wp-image-580 avia-img-lazy-loading-not-580\"  src=\"https:\/\/www.chirurgie-hn.de\/klinik\/wp-content\/uploads\/2016\/11\/team-gruppenbild-2.jpg\" width=\"1900\" height=\"400\" title='Unser Team' alt='Unser Team'  itemprop=\"thumbnailUrl\" srcset=\"https:\/\/www.chirurgie-hn.de\/klinik\/wp-content\/uploads\/2016\/11\/team-gruppenbild-2.jpg 1900w, https:\/\/www.chirurgie-hn.de\/klinik\/wp-content\/uploads\/2016\/11\/team-gruppenbild-2-300x63.jpg 300w, https:\/\/www.chirurgie-hn.de\/klinik\/wp-content\/uploads\/2016\/11\/team-gruppenbild-2-768x162.jpg 768w, https:\/\/www.chirurgie-hn.de\/klinik\/wp-content\/uploads\/2016\/11\/team-gruppenbild-2-1030x217.jpg 1030w, https:\/\/www.chirurgie-hn.de\/klinik\/wp-content\/uploads\/2016\/11\/team-gruppenbild-2-1500x316.jpg 1500w, https:\/\/www.chirurgie-hn.de\/klinik\/wp-content\/uploads\/2016\/11\/team-gruppenbild-2-705x148.jpg 705w, https:\/\/www.chirurgie-hn.de\/klinik\/wp-content\/uploads\/2016\/11\/team-gruppenbild-2-450x95.jpg 450w\" sizes=\"(max-width: 1900px) 100vw, 1900px\" \/><\/div><\/li><li  class='avia-slideshow-slide av-9nlo2-4e1a21d8e886c818fd557ce97e9f7fae__1  slide-2 slide-even'><div data-rel='slideshow-1' class='avia-slide-wrap '   ><img decoding=\"async\" fetchpriority=\"high\" class=\"wp-image-579 avia-img-lazy-loading-not-579\"  src=\"https:\/\/www.chirurgie-hn.de\/klinik\/wp-content\/uploads\/2016\/11\/team-gruppenbild.jpg\" width=\"1900\" height=\"400\" title='Unser Team' alt='Unser Team'  itemprop=\"thumbnailUrl\" srcset=\"https:\/\/www.chirurgie-hn.de\/klinik\/wp-content\/uploads\/2016\/11\/team-gruppenbild.jpg 1900w, https:\/\/www.chirurgie-hn.de\/klinik\/wp-content\/uploads\/2016\/11\/team-gruppenbild-300x63.jpg 300w, https:\/\/www.chirurgie-hn.de\/klinik\/wp-content\/uploads\/2016\/11\/team-gruppenbild-768x162.jpg 768w, https:\/\/www.chirurgie-hn.de\/klinik\/wp-content\/uploads\/2016\/11\/team-gruppenbild-1030x217.jpg 1030w, https:\/\/www.chirurgie-hn.de\/klinik\/wp-content\/uploads\/2016\/11\/team-gruppenbild-1500x316.jpg 1500w, https:\/\/www.chirurgie-hn.de\/klinik\/wp-content\/uploads\/2016\/11\/team-gruppenbild-705x148.jpg 705w, https:\/\/www.chirurgie-hn.de\/klinik\/wp-content\/uploads\/2016\/11\/team-gruppenbild-450x95.jpg 450w\" sizes=\"(max-width: 1900px) 100vw, 1900px\" \/><\/div><\/li><\/ul><div class='avia-slideshow-arrows avia-slideshow-controls' ><a href='#prev' class='prev-slide  avia-svg-icon avia-font-svg_entypo-fontello' data-av_svg_icon='left-open-big' data-av_iconset='svg_entypo-fontello' tabindex='-1' title=\"Zur\u00fcck\"><svg version=\"1.1\" xmlns=\"http:\/\/www.w3.org\/2000\/svg\" width=\"15\" height=\"32\" viewBox=\"0 0 15 32\" preserveAspectRatio=\"xMidYMid meet\" aria-labelledby='av-svg-title-1' aria-describedby='av-svg-desc-1' role=\"graphics-symbol\" aria-hidden=\"true\">\n<title id='av-svg-title-1'>Zur\u00fcck<\/title>\n<desc id='av-svg-desc-1'>Zur\u00fcck<\/desc>\n<path d=\"M14.464 27.84q0.832 0.832 0 1.536-0.832 0.832-1.536 0l-12.544-12.608q-0.768-0.768 0-1.6l12.544-12.608q0.704-0.832 1.536 0 0.832 0.704 0 1.536l-11.456 11.904z\"><\/path>\n<\/svg><span class='avia_hidden_link_text'>Zur\u00fcck<\/span><\/a><a href='#next' class='next-slide  avia-svg-icon avia-font-svg_entypo-fontello' data-av_svg_icon='right-open-big' data-av_iconset='svg_entypo-fontello' tabindex='-1' title=\"Weiter\"><svg version=\"1.1\" xmlns=\"http:\/\/www.w3.org\/2000\/svg\" width=\"15\" height=\"32\" viewBox=\"0 0 15 32\" preserveAspectRatio=\"xMidYMid meet\" aria-labelledby='av-svg-title-2' aria-describedby='av-svg-desc-2' role=\"graphics-symbol\" aria-hidden=\"true\">\n<title id='av-svg-title-2'>Weiter<\/title>\n<desc id='av-svg-desc-2'>Weiter<\/desc>\n<path d=\"M0.416 27.84l11.456-11.84-11.456-11.904q-0.832-0.832 0-1.536 0.832-0.832 1.536 0l12.544 12.608q0.768 0.832 0 1.6l-12.544 12.608q-0.704 0.832-1.536 0-0.832-0.704 0-1.536z\"><\/path>\n<\/svg><span class='avia_hidden_link_text'>Weiter<\/span><\/a><\/div><div class='avia-slideshow-dots avia-slideshow-controls'><a href='#1' class='goto-slide active' >1<\/a><a href='#2' class='goto-slide ' >2<\/a><\/div><\/div><\/div><div id='after_full_slider_1'  class='main_color av_default_container_wrap container_wrap fullsize'  ><div class='container av-section-cont-open' ><div class='template-page content  av-content-full alpha units'><div class='post-entry post-entry-type-page post-entry-14'><div class='entry-content-wrapper clearfix'>\n\n<style type=\"text\/css\" data-created_by=\"avia_inline_auto\" id=\"style-css-av-xuzq-4c3f834d79c6bf7c1f35b752a9c10313\">\n#top .av-special-heading.av-xuzq-4c3f834d79c6bf7c1f35b752a9c10313{\npadding-bottom:20px;\n}\nbody .av-special-heading.av-xuzq-4c3f834d79c6bf7c1f35b752a9c10313 .av-special-heading-tag .heading-char{\nfont-size:25px;\n}\n.av-special-heading.av-xuzq-4c3f834d79c6bf7c1f35b752a9c10313 .av-subheading{\nfont-size:15px;\n}\n<\/style>\n<div  class='av-special-heading av-xuzq-4c3f834d79c6bf7c1f35b752a9c10313 av-special-heading-h1  avia-builder-el-1  el_after_av_slideshow_full  el_before_av_one_third  avia-builder-el-first '><h1 class='av-special-heading-tag '  itemprop=\"headline\"  >Unser Team<\/h1><div class=\"special-heading-border\"><div class=\"special-heading-inner-border\"><\/div><\/div><\/div>\n\n<style type=\"text\/css\" data-created_by=\"avia_inline_auto\" id=\"style-css-av-552ti-8cfbb32ec91ec135eea361282422ef31\">\n.flex_column.av-552ti-8cfbb32ec91ec135eea361282422ef31{\nborder-radius:0px 0px 0px 0px;\npadding:0px 0px 0px 0px;\n}\n<\/style>\n<div  class='flex_column av-552ti-8cfbb32ec91ec135eea361282422ef31 av_one_third  avia-builder-el-2  el_after_av_heading  el_before_av_one_third  first flex_column_div av-zero-column-padding  '     ><section  class='avia-team-member av-4c2aq-5fccced2d5a1d334a689f6846acc805d  avia-builder-el-3  avia-builder-el-no-sibling '  itemscope=\"itemscope\" itemtype=\"https:\/\/schema.org\/Person\" ><div class=\"team-img-container\"><img decoding=\"async\" fetchpriority=\"high\" class='wp-image-844 avia-img-lazy-loading-not-844 avia_image avia_image_team' src=\"https:\/\/www.chirurgie-hn.de\/klinik\/wp-content\/uploads\/2019\/05\/Simpfendoerfer-300x231.jpg\" alt='Dr.med. Andreas Simpfend\u00f6rfer'  itemprop=\"image\"   height=\"231\" width=\"300\" srcset=\"https:\/\/www.chirurgie-hn.de\/klinik\/wp-content\/uploads\/2019\/05\/Simpfendoerfer-300x231.jpg 300w, https:\/\/www.chirurgie-hn.de\/klinik\/wp-content\/uploads\/2019\/05\/Simpfendoerfer-495x382.jpg 495w, https:\/\/www.chirurgie-hn.de\/klinik\/wp-content\/uploads\/2019\/05\/Simpfendoerfer-450x346.jpg 450w, https:\/\/www.chirurgie-hn.de\/klinik\/wp-content\/uploads\/2019\/05\/Simpfendoerfer.jpg 497w\" sizes=\"(max-width: 300px) 100vw, 300px\" \/><\/div><h3 class='team-member-name '  itemprop=\"name\" >Dr.med. Andreas Simpfend\u00f6rfer<\/h3><div class='team-member-job-title '  itemprop=\"jobTitle\" >Facharzt f\u00fcr Chirurgie, Unfallchirurgie<br \/>\nFacharzt f\u00fcr Orthop\u00e4die und Unfallchirurgie, Sportmedizin, Notfallmedizin<\/div><span class='hidden team-member-affiliation'  itemprop=\"affiliation\" >Klinik am Rathenauplatz<\/span><\/section><\/div>\n<style type=\"text\/css\" data-created_by=\"avia_inline_auto\" id=\"style-css-av-3pptm-c9e00d13b3cbf015ef6758b8ca2cc547\">\n.flex_column.av-3pptm-c9e00d13b3cbf015ef6758b8ca2cc547{\nborder-radius:0px 0px 0px 0px;\npadding:0px 0px 0px 0px;\n}\n<\/style>\n<div  class='flex_column av-3pptm-c9e00d13b3cbf015ef6758b8ca2cc547 av_one_third  avia-builder-el-4  el_after_av_one_third  el_before_av_one_third  flex_column_div av-zero-column-padding  '     ><section  class='avia-team-member av-3hn06-ea133d4a6805002006e6c049f200b002  avia-builder-el-5  avia-builder-el-no-sibling '  itemscope=\"itemscope\" itemtype=\"https:\/\/schema.org\/Person\" ><div class=\"team-img-container\"><img decoding=\"async\" fetchpriority=\"high\" class='wp-image-843 avia-img-lazy-loading-not-843 avia_image avia_image_team' src=\"https:\/\/www.chirurgie-hn.de\/klinik\/wp-content\/uploads\/2019\/05\/Raupp-300x231.jpg\" alt='Dr. med. J\u00fcrgen Raupp'  itemprop=\"image\"   height=\"231\" width=\"300\" srcset=\"https:\/\/www.chirurgie-hn.de\/klinik\/wp-content\/uploads\/2019\/05\/Raupp-300x231.jpg 300w, https:\/\/www.chirurgie-hn.de\/klinik\/wp-content\/uploads\/2019\/05\/Raupp-495x382.jpg 495w, https:\/\/www.chirurgie-hn.de\/klinik\/wp-content\/uploads\/2019\/05\/Raupp-450x346.jpg 450w, https:\/\/www.chirurgie-hn.de\/klinik\/wp-content\/uploads\/2019\/05\/Raupp.jpg 497w\" sizes=\"(max-width: 300px) 100vw, 300px\" \/><\/div><h3 class='team-member-name '  itemprop=\"name\" >Dr. med. J\u00fcrgen Raupp<\/h3><div class='team-member-job-title '  itemprop=\"jobTitle\" >Facharzt f\u00fcr Chirurgie, Viszeralchirurgie<br \/>\nFacharzt f\u00fcr Gef\u00e4\u00dfchirurgie, Sportmedizin, Notfallmedizin<\/div><span class='hidden team-member-affiliation'  itemprop=\"affiliation\" >Klinik am Rathenauplatz<\/span><\/section><\/div>\n<style type=\"text\/css\" data-created_by=\"avia_inline_auto\" id=\"style-css-av-2sph2-023c8e93842c8e1a8e299371699d8097\">\n.flex_column.av-2sph2-023c8e93842c8e1a8e299371699d8097{\nborder-radius:0px 0px 0px 0px;\npadding:0px 0px 0px 0px;\n}\n<\/style>\n<div  class='flex_column av-2sph2-023c8e93842c8e1a8e299371699d8097 av_one_third  avia-builder-el-6  el_after_av_one_third  el_before_av_one_third  flex_column_div av-zero-column-padding  '     ><section  class='avia-team-member av-1uppi-905ee5743ca5877d0383258e0487b402  avia-builder-el-7  avia-builder-el-no-sibling '  itemscope=\"itemscope\" itemtype=\"https:\/\/schema.org\/Person\" ><div class=\"team-img-container\"><img decoding=\"async\" fetchpriority=\"high\" class='wp-image-841 avia-img-lazy-loading-not-841 avia_image avia_image_team' src=\"https:\/\/www.chirurgie-hn.de\/klinik\/wp-content\/uploads\/2019\/05\/Mueller-300x231.jpg\" alt='Dr. med. Corinna M\u00fcller'  itemprop=\"image\"   height=\"231\" width=\"300\" srcset=\"https:\/\/www.chirurgie-hn.de\/klinik\/wp-content\/uploads\/2019\/05\/Mueller-300x231.jpg 300w, https:\/\/www.chirurgie-hn.de\/klinik\/wp-content\/uploads\/2019\/05\/Mueller-495x382.jpg 495w, https:\/\/www.chirurgie-hn.de\/klinik\/wp-content\/uploads\/2019\/05\/Mueller-450x346.jpg 450w, https:\/\/www.chirurgie-hn.de\/klinik\/wp-content\/uploads\/2019\/05\/Mueller.jpg 497w\" sizes=\"(max-width: 300px) 100vw, 300px\" \/><\/div><h3 class='team-member-name '  itemprop=\"name\" >Dr. med. Corinna M\u00fcller<\/h3><div class='team-member-job-title '  itemprop=\"jobTitle\" >Fach\u00e4rztin f\u00fcr Chirurgie, Unfallchirurgie<br \/>\nFach\u00e4rztin f\u00fcr Orthop\u00e4die und Unfallchirurgie<\/div><span class='hidden team-member-affiliation'  itemprop=\"affiliation\" >Klinik am Rathenauplatz<\/span><\/section><\/div>\n<style type=\"text\/css\" data-created_by=\"avia_inline_auto\" id=\"style-css-av-2sph2-7ad10d88ed31c40ee6352c415140c246\">\n.flex_column.av-2sph2-7ad10d88ed31c40ee6352c415140c246{\nborder-radius:0px 0px 0px 0px;\npadding:0px 0px 0px 0px;\n}\n<\/style>\n<div  class='flex_column av-2sph2-7ad10d88ed31c40ee6352c415140c246 av_one_third  avia-builder-el-8  el_after_av_one_third  el_before_av_one_third  first flex_column_div av-zero-column-padding  column-top-margin'     ><section  class='avia-team-member av-1uppi-fa00d0d0383b5d454e925c8647facb2d  avia-builder-el-9  avia-builder-el-no-sibling '  itemscope=\"itemscope\" itemtype=\"https:\/\/schema.org\/Person\" ><div class=\"team-img-container\"><img decoding=\"async\" fetchpriority=\"high\" class='wp-image-846 avia-img-lazy-loading-not-846 avia_image avia_image_team' src=\"https:\/\/www.chirurgie-hn.de\/klinik\/wp-content\/uploads\/2019\/05\/Stumpp-300x231.jpg\" alt='Dr. med. Florian Stumpp'  itemprop=\"image\"   height=\"231\" width=\"300\" srcset=\"https:\/\/www.chirurgie-hn.de\/klinik\/wp-content\/uploads\/2019\/05\/Stumpp-300x231.jpg 300w, https:\/\/www.chirurgie-hn.de\/klinik\/wp-content\/uploads\/2019\/05\/Stumpp-495x382.jpg 495w, https:\/\/www.chirurgie-hn.de\/klinik\/wp-content\/uploads\/2019\/05\/Stumpp-450x346.jpg 450w, https:\/\/www.chirurgie-hn.de\/klinik\/wp-content\/uploads\/2019\/05\/Stumpp.jpg 497w\" sizes=\"(max-width: 300px) 100vw, 300px\" \/><\/div><h3 class='team-member-name '  itemprop=\"name\" >Dr. med. Florian Stumpp<\/h3><div class='team-member-job-title '  itemprop=\"jobTitle\" >Facharzt f\u00fcr Chirurgie<\/div><span class='hidden team-member-affiliation'  itemprop=\"affiliation\" >Klinik am Rathenauplatz<\/span><\/section><\/div>\n<style type=\"text\/css\" data-created_by=\"avia_inline_auto\" id=\"style-css-av-619xa-a2ba68da682d89889d67f22086c8b081\">\n.flex_column.av-619xa-a2ba68da682d89889d67f22086c8b081{\nborder-radius:0px 0px 0px 0px;\npadding:0px 0px 0px 0px;\n}\n<\/style>\n<div  class='flex_column av-619xa-a2ba68da682d89889d67f22086c8b081 av_one_third  avia-builder-el-10  el_after_av_one_third  el_before_av_textblock  flex_column_div av-zero-column-padding  column-top-margin'     ><section  class='avia-team-member av-5vkr6-10c02a8f30f78423608a64c060d78300  avia-builder-el-11  avia-builder-el-no-sibling '  itemscope=\"itemscope\" itemtype=\"https:\/\/schema.org\/Person\" ><div class=\"team-img-container\"><img decoding=\"async\" fetchpriority=\"high\" class='wp-image-963 avia-img-lazy-loading-not-963 avia_image avia_image_team' src=\"https:\/\/www.chirurgie-hn.de\/klinik\/wp-content\/uploads\/2021\/03\/Dotti-300x231.jpg\" alt='Federico Dotti'  itemprop=\"image\"   height=\"231\" width=\"300\" srcset=\"https:\/\/www.chirurgie-hn.de\/klinik\/wp-content\/uploads\/2021\/03\/Dotti-300x231.jpg 300w, https:\/\/www.chirurgie-hn.de\/klinik\/wp-content\/uploads\/2021\/03\/Dotti-768x592.jpg 768w, https:\/\/www.chirurgie-hn.de\/klinik\/wp-content\/uploads\/2021\/03\/Dotti-1030x794.jpg 1030w, https:\/\/www.chirurgie-hn.de\/klinik\/wp-content\/uploads\/2021\/03\/Dotti-1500x1156.jpg 1500w, https:\/\/www.chirurgie-hn.de\/klinik\/wp-content\/uploads\/2021\/03\/Dotti-705x543.jpg 705w, https:\/\/www.chirurgie-hn.de\/klinik\/wp-content\/uploads\/2021\/03\/Dotti-450x347.jpg 450w, https:\/\/www.chirurgie-hn.de\/klinik\/wp-content\/uploads\/2021\/03\/Dotti.jpg 1512w\" sizes=\"(max-width: 300px) 100vw, 300px\" \/><\/div><h3 class='team-member-name '  itemprop=\"name\" >Federico Dotti<\/h3><div class='team-member-job-title '  itemprop=\"jobTitle\" >Facharzt f\u00fcr Chirurgie, Viszeralchirurgie<\/div><span class='hidden team-member-affiliation'  itemprop=\"affiliation\" >Klinik am Rathenauplatz<\/span><\/section><\/div><section  class='av_textblock_section av-k05b97ac-87753a7d7e3b913c4e013068c8318d02 '   itemscope=\"itemscope\" itemtype=\"https:\/\/schema.org\/CreativeWork\" ><div class='avia_textblock'  itemprop=\"text\" ><p>* angestellte Fach\u00e4rzte<\/p>\n<\/div><\/section><\/p>\n","protected":false},"excerpt":{"rendered":"","protected":false},"author":1,"featured_media":0,"parent":0,"menu_order":0,"comment_status":"closed","ping_status":"closed","template":"","meta":{"footnotes":""},"class_list":["post-14","page","type-page","status-publish","hentry"],"yoast_head":"<!-- This site is optimized with the Yoast SEO plugin v25.3.1 - https:\/\/yoast.com\/wordpress\/plugins\/seo\/ -->\n<title>Das Team - Klinik am Rathenauplatz<\/title>\n<meta name=\"robots\" content=\"index, follow, max-snippet:-1, max-image-preview:large, max-video-preview:-1\" \/>\n<link rel=\"canonical\" href=\"https:\/\/www.chirurgie-hn.de\/klinik\/das-team\/\" \/>\n<meta property=\"og:locale\" content=\"de_DE\" \/>\n<meta property=\"og:type\" content=\"article\" \/>\n<meta property=\"og:title\" content=\"Das Team - Klinik am Rathenauplatz\" \/>\n<meta property=\"og:url\" content=\"https:\/\/www.chirurgie-hn.de\/klinik\/das-team\/\" \/>\n<meta property=\"og:site_name\" content=\"Klinik am Rathenauplatz\" \/>\n<meta property=\"article:modified_time\" content=\"2025-12-04T13:25:23+00:00\" \/>\n<meta name=\"twitter:card\" content=\"summary_large_image\" \/>\n<meta name=\"twitter:label1\" content=\"Gesch\u00e4tzte Lesezeit\" \/>\n\t<meta name=\"twitter:data1\" content=\"2\u00a0Minuten\" \/>\n<script type=\"application\/ld+json\" class=\"yoast-schema-graph\">{\"@context\":\"https:\/\/schema.org\",\"@graph\":[{\"@type\":\"WebPage\",\"@id\":\"https:\/\/www.chirurgie-hn.de\/klinik\/das-team\/\",\"url\":\"https:\/\/www.chirurgie-hn.de\/klinik\/das-team\/\",\"name\":\"Das Team - Klinik am Rathenauplatz\",\"isPartOf\":{\"@id\":\"https:\/\/www.chirurgie-hn.de\/klinik\/#website\"},\"datePublished\":\"2016-11-15T12:18:00+00:00\",\"dateModified\":\"2025-12-04T13:25:23+00:00\",\"breadcrumb\":{\"@id\":\"https:\/\/www.chirurgie-hn.de\/klinik\/das-team\/#breadcrumb\"},\"inLanguage\":\"de\",\"potentialAction\":[{\"@type\":\"ReadAction\",\"target\":[\"https:\/\/www.chirurgie-hn.de\/klinik\/das-team\/\"]}]},{\"@type\":\"BreadcrumbList\",\"@id\":\"https:\/\/www.chirurgie-hn.de\/klinik\/das-team\/#breadcrumb\",\"itemListElement\":[{\"@type\":\"ListItem\",\"position\":1,\"name\":\"Startseite\",\"item\":\"https:\/\/www.chirurgie-hn.de\/klinik\/die-klinik\/\"},{\"@type\":\"ListItem\",\"position\":2,\"name\":\"Das Team\"}]},{\"@type\":\"WebSite\",\"@id\":\"https:\/\/www.chirurgie-hn.de\/klinik\/#website\",\"url\":\"https:\/\/www.chirurgie-hn.de\/klinik\/\",\"name\":\"Klinik am Rathenauplatz\",\"description\":\"\",\"potentialAction\":[{\"@type\":\"SearchAction\",\"target\":{\"@type\":\"EntryPoint\",\"urlTemplate\":\"https:\/\/www.chirurgie-hn.de\/klinik\/?s={search_term_string}\"},\"query-input\":{\"@type\":\"PropertyValueSpecification\",\"valueRequired\":true,\"valueName\":\"search_term_string\"}}],\"inLanguage\":\"de\"}]}<\/script>\n<!-- \/ Yoast SEO plugin. -->","yoast_head_json":{"title":"Das Team - Klinik am Rathenauplatz","robots":{"index":"index","follow":"follow","max-snippet":"max-snippet:-1","max-image-preview":"max-image-preview:large","max-video-preview":"max-video-preview:-1"},"canonical":"https:\/\/www.chirurgie-hn.de\/klinik\/das-team\/","og_locale":"de_DE","og_type":"article","og_title":"Das Team - Klinik am Rathenauplatz","og_url":"https:\/\/www.chirurgie-hn.de\/klinik\/das-team\/","og_site_name":"Klinik am Rathenauplatz","article_modified_time":"2025-12-04T13:25:23+00:00","twitter_card":"summary_large_image","twitter_misc":{"Gesch\u00e4tzte Lesezeit":"2\u00a0Minuten"},"schema":{"@context":"https:\/\/schema.org","@graph":[{"@type":"WebPage","@id":"https:\/\/www.chirurgie-hn.de\/klinik\/das-team\/","url":"https:\/\/www.chirurgie-hn.de\/klinik\/das-team\/","name":"Das Team - Klinik am Rathenauplatz","isPartOf":{"@id":"https:\/\/www.chirurgie-hn.de\/klinik\/#website"},"datePublished":"2016-11-15T12:18:00+00:00","dateModified":"2025-12-04T13:25:23+00:00","breadcrumb":{"@id":"https:\/\/www.chirurgie-hn.de\/klinik\/das-team\/#breadcrumb"},"inLanguage":"de","potentialAction":[{"@type":"ReadAction","target":["https:\/\/www.chirurgie-hn.de\/klinik\/das-team\/"]}]},{"@type":"BreadcrumbList","@id":"https:\/\/www.chirurgie-hn.de\/klinik\/das-team\/#breadcrumb","itemListElement":[{"@type":"ListItem","position":1,"name":"Startseite","item":"https:\/\/www.chirurgie-hn.de\/klinik\/die-klinik\/"},{"@type":"ListItem","position":2,"name":"Das Team"}]},{"@type":"WebSite","@id":"https:\/\/www.chirurgie-hn.de\/klinik\/#website","url":"https:\/\/www.chirurgie-hn.de\/klinik\/","name":"Klinik am Rathenauplatz","description":"","potentialAction":[{"@type":"SearchAction","target":{"@type":"EntryPoint","urlTemplate":"https:\/\/www.chirurgie-hn.de\/klinik\/?s={search_term_string}"},"query-input":{"@type":"PropertyValueSpecification","valueRequired":true,"valueName":"search_term_string"}}],"inLanguage":"de"}]}},"_links":{"self":[{"href":"https:\/\/www.chirurgie-hn.de\/klinik\/wp-json\/wp\/v2\/pages\/14","targetHints":{"allow":["GET"]}}],"collection":[{"href":"https:\/\/www.chirurgie-hn.de\/klinik\/wp-json\/wp\/v2\/pages"}],"about":[{"href":"https:\/\/www.chirurgie-hn.de\/klinik\/wp-json\/wp\/v2\/types\/page"}],"author":[{"embeddable":true,"href":"https:\/\/www.chirurgie-hn.de\/klinik\/wp-json\/wp\/v2\/users\/1"}],"replies":[{"embeddable":true,"href":"https:\/\/www.chirurgie-hn.de\/klinik\/wp-json\/wp\/v2\/comments?post=14"}],"version-history":[{"count":43,"href":"https:\/\/www.chirurgie-hn.de\/klinik\/wp-json\/wp\/v2\/pages\/14\/revisions"}],"predecessor-version":[{"id":1157,"href":"https:\/\/www.chirurgie-hn.de\/klinik\/wp-json\/wp\/v2\/pages\/14\/revisions\/1157"}],"wp:attachment":[{"href":"https:\/\/www.chirurgie-hn.de\/klinik\/wp-json\/wp\/v2\/media?parent=14"}],"curies":[{"name":"wp","href":"https:\/\/api.w.org\/{rel}","templated":true}]}}