{"id":16,"date":"2016-11-15T13:18:18","date_gmt":"2016-11-15T12:18:18","guid":{"rendered":"http:\/\/www.chirurgie-hn.de\/klinik\/?page_id=16"},"modified":"2019-05-23T14:01:27","modified_gmt":"2019-05-23T12:01:27","slug":"untersuchung-und-behandlung","status":"publish","type":"page","link":"https:\/\/www.chirurgie-hn.de\/klinik\/die-klinik\/untersuchung-und-behandlung\/","title":{"rendered":"Untersuchung und Behandlung"},"content":{"rendered":"<div id='full_slider_1'  class='avia-fullwidth-slider main_color avia-shadow   avia-builder-el-0  el_before_av_section  avia-builder-el-first   container_wrap fullsize'  ><div  class='avia-slideshow av-52x4c-871b646b0200b97de5e94862fa28280b avia-slideshow-featured av_slideshow_full avia-slide-slider av-slideshow-ui av-control-default av-slideshow-manual av-loop-once av-loop-manual-endless av-default-height-applied   avia-slideshow-1' data-slideshow-options=\"{&quot;animation&quot;:&quot;slide&quot;,&quot;autoplay&quot;:false,&quot;loop_autoplay&quot;:&quot;once&quot;,&quot;interval&quot;:5,&quot;loop_manual&quot;:&quot;manual-endless&quot;,&quot;autoplay_stopper&quot;:false,&quot;noNavigation&quot;:false,&quot;bg_slider&quot;:false,&quot;keep_padding&quot;:false,&quot;hoverpause&quot;:false,&quot;show_slide_delay&quot;:0}\"  itemprop=\"image\" itemscope=\"itemscope\" itemtype=\"https:\/\/schema.org\/ImageObject\" ><ul class='avia-slideshow-inner ' style='padding-bottom: 26.666666666667%;'><li  class='avia-slideshow-slide av-52x4c-871b646b0200b97de5e94862fa28280b__0  av-single-slide slide-1 slide-odd'><div data-rel='slideshow-1' class='avia-slide-wrap '   ><img decoding=\"async\" fetchpriority=\"high\" class=\"wp-image-191 avia-img-lazy-loading-not-191\"  src=\"https:\/\/www.chirurgie-hn.de\/klinik\/wp-content\/uploads\/2016\/11\/pflege-behandlung-privatklinik-heilbronn-1-1500x400.jpg\" width=\"1500\" height=\"400\" title='Pflege und Behandlung in unserer Klinik' alt='Pflege und Behandlung in unserer Klinik'  itemprop=\"thumbnailUrl\" srcset=\"https:\/\/www.chirurgie-hn.de\/klinik\/wp-content\/uploads\/2016\/11\/pflege-behandlung-privatklinik-heilbronn-1.jpg 1500w, https:\/\/www.chirurgie-hn.de\/klinik\/wp-content\/uploads\/2016\/11\/pflege-behandlung-privatklinik-heilbronn-1-300x80.jpg 300w, https:\/\/www.chirurgie-hn.de\/klinik\/wp-content\/uploads\/2016\/11\/pflege-behandlung-privatklinik-heilbronn-1-768x205.jpg 768w, https:\/\/www.chirurgie-hn.de\/klinik\/wp-content\/uploads\/2016\/11\/pflege-behandlung-privatklinik-heilbronn-1-1030x275.jpg 1030w, https:\/\/www.chirurgie-hn.de\/klinik\/wp-content\/uploads\/2016\/11\/pflege-behandlung-privatklinik-heilbronn-1-705x188.jpg 705w, https:\/\/www.chirurgie-hn.de\/klinik\/wp-content\/uploads\/2016\/11\/pflege-behandlung-privatklinik-heilbronn-1-450x120.jpg 450w\" sizes=\"(max-width: 1500px) 100vw, 1500px\" \/><\/div><\/li><\/ul><\/div><\/div>\n<div id='av_section_1'  class='avia-section av-3sbng-2eb161c3465dd7bf3e2ea99fc392c5cf main_color avia-section-large avia-no-border-styling  avia-builder-el-1  el_after_av_slideshow_full  avia-builder-el-last  avia-bg-style-scroll container_wrap fullsize'  ><div class='container av-section-cont-open' ><div class='template-page content  av-content-full alpha units'><div class='post-entry post-entry-type-page post-entry-16'><div class='entry-content-wrapper clearfix'>\n\n<style type=\"text\/css\" data-created_by=\"avia_inline_auto\" id=\"style-css-av-av_heading-138741d0c32306a65c274324e0e3a6ca\">\n#top .av-special-heading.av-av_heading-138741d0c32306a65c274324e0e3a6ca{\npadding-bottom:10px;\n}\nbody .av-special-heading.av-av_heading-138741d0c32306a65c274324e0e3a6ca .av-special-heading-tag .heading-char{\nfont-size:25px;\n}\n.av-special-heading.av-av_heading-138741d0c32306a65c274324e0e3a6ca .av-subheading{\nfont-size:15px;\n}\n<\/style>\n<div  class='av-special-heading av-av_heading-138741d0c32306a65c274324e0e3a6ca av-special-heading-h1  avia-builder-el-2  el_before_av_one_half  avia-builder-el-first '><h1 class='av-special-heading-tag '  itemprop=\"headline\"  >Untersuchung und Behandlung<\/h1><div class=\"special-heading-border\"><div class=\"special-heading-inner-border\"><\/div><\/div><\/div>\n\n<style type=\"text\/css\" data-created_by=\"avia_inline_auto\" id=\"style-css-av-2l4v8-b0576d5e81a635c6e7e44ea8232cd01b\">\n.flex_column.av-2l4v8-b0576d5e81a635c6e7e44ea8232cd01b{\nborder-radius:0px 0px 0px 0px;\npadding:0px 0px 0px 0px;\n}\n<\/style>\n<div  class='flex_column av-2l4v8-b0576d5e81a635c6e7e44ea8232cd01b av_one_half  avia-builder-el-3  el_after_av_heading  el_before_av_one_half  first flex_column_div av-zero-column-padding  '     ><section  class='av_textblock_section av-28my0-b1e6b97ed5390732d2461e08c11fa22a '   itemscope=\"itemscope\" itemtype=\"https:\/\/schema.org\/CreativeWork\" ><div class='avia_textblock'  itemprop=\"text\" ><p>Vor jeder chirurgischen Behandlung und Operation steht zun\u00e4chst eine ausf\u00fchrliche Untersuchung. Diese erfolgt, ob als Notfall oder nach Terminvereinbarung, in unserer Praxis in der 3. Etage. Nach Erhebung der Krankengeschichte (Anamnese) und der k\u00f6rperlichen Untersuchung erfolgen dann, je nach Krankheitsbild, weitere Untersuchungen wie Ultraschall, Duplexsonographie, R\u00f6ntgen, endoskopische Untersuchungen oder Laboranalysen. Sollten dar\u00fcber hinaus weiterf\u00fchrende Untersuchungen erforderlich sein, \u00fcberweisen wir Sie an entsprechende Einrichtungen.<\/p>\n<\/div><\/section><\/div>\n<style type=\"text\/css\" data-created_by=\"avia_inline_auto\" id=\"style-css-av-1rd3w-32dd4e7563867201f2e8f6e19f29edd8\">\n.flex_column.av-1rd3w-32dd4e7563867201f2e8f6e19f29edd8{\nborder-radius:0px 0px 0px 0px;\npadding:0px 0px 0px 0px;\n}\n<\/style>\n<div  class='flex_column av-1rd3w-32dd4e7563867201f2e8f6e19f29edd8 av_one_half  avia-builder-el-5  el_after_av_one_half  avia-builder-el-last  flex_column_div av-zero-column-padding  '     ><section  class='av_textblock_section av-tk4s-163006ea515b10f4f03d5a14b412291a '   itemscope=\"itemscope\" itemtype=\"https:\/\/schema.org\/CreativeWork\" ><div class='avia_textblock'  itemprop=\"text\" ><p>Alle Behandlungsma\u00dfnahmen und operativen Eingriffe, die in \u00f6rtlicher Bet\u00e4ubung m\u00f6glich sind, werden meist in den Eingriffsr\u00e4umen der Praxis durchgef\u00fchrt, ebenso die Vorgespr\u00e4che vor geplanten Operationen. Wir informieren Sie dann nochmals umfassend \u00fcber ihre Erkrankung, die geplante Operation einschlie\u00dflich der Nachbehandlung.<\/p>\n<p>Alle Operationen in Narkose, ob ambulant oder station\u00e4r, werden in der Klinik in der 4. Etage vorgenommen.<\/p>\n<p><strong>F\u00fcr Ihre Gesundheit, Sicherheit und Zufriedenheit tun wir alles!<\/strong><\/p>\n<\/div><\/section><\/div>\n","protected":false},"excerpt":{"rendered":"","protected":false},"author":1,"featured_media":0,"parent":11,"menu_order":0,"comment_status":"closed","ping_status":"closed","template":"","meta":{"footnotes":""},"class_list":["post-16","page","type-page","status-publish","hentry"],"yoast_head":"<!-- This site is optimized with the Yoast SEO plugin v25.3.1 - https:\/\/yoast.com\/wordpress\/plugins\/seo\/ -->\n<title>Untersuchung und Behandlung - Klinik am Rathenauplatz<\/title>\n<meta name=\"robots\" content=\"index, follow, max-snippet:-1, max-image-preview:large, max-video-preview:-1\" \/>\n<link rel=\"canonical\" href=\"https:\/\/www.chirurgie-hn.de\/klinik\/die-klinik\/untersuchung-und-behandlung\/\" \/>\n<meta property=\"og:locale\" content=\"de_DE\" \/>\n<meta property=\"og:type\" content=\"article\" \/>\n<meta property=\"og:title\" content=\"Untersuchung und Behandlung - Klinik am Rathenauplatz\" \/>\n<meta property=\"og:url\" content=\"https:\/\/www.chirurgie-hn.de\/klinik\/die-klinik\/untersuchung-und-behandlung\/\" \/>\n<meta property=\"og:site_name\" content=\"Klinik am Rathenauplatz\" \/>\n<meta property=\"article:modified_time\" content=\"2019-05-23T12:01:27+00:00\" \/>\n<meta name=\"twitter:card\" content=\"summary_large_image\" \/>\n<meta name=\"twitter:label1\" content=\"Gesch\u00e4tzte Lesezeit\" \/>\n\t<meta name=\"twitter:data1\" content=\"3\u00a0Minuten\" \/>\n<script type=\"application\/ld+json\" class=\"yoast-schema-graph\">{\"@context\":\"https:\/\/schema.org\",\"@graph\":[{\"@type\":\"WebPage\",\"@id\":\"https:\/\/www.chirurgie-hn.de\/klinik\/die-klinik\/untersuchung-und-behandlung\/\",\"url\":\"https:\/\/www.chirurgie-hn.de\/klinik\/die-klinik\/untersuchung-und-behandlung\/\",\"name\":\"Untersuchung und Behandlung - Klinik am Rathenauplatz\",\"isPartOf\":{\"@id\":\"https:\/\/www.chirurgie-hn.de\/klinik\/#website\"},\"datePublished\":\"2016-11-15T12:18:18+00:00\",\"dateModified\":\"2019-05-23T12:01:27+00:00\",\"breadcrumb\":{\"@id\":\"https:\/\/www.chirurgie-hn.de\/klinik\/die-klinik\/untersuchung-und-behandlung\/#breadcrumb\"},\"inLanguage\":\"de\",\"potentialAction\":[{\"@type\":\"ReadAction\",\"target\":[\"https:\/\/www.chirurgie-hn.de\/klinik\/die-klinik\/untersuchung-und-behandlung\/\"]}]},{\"@type\":\"BreadcrumbList\",\"@id\":\"https:\/\/www.chirurgie-hn.de\/klinik\/die-klinik\/untersuchung-und-behandlung\/#breadcrumb\",\"itemListElement\":[{\"@type\":\"ListItem\",\"position\":1,\"name\":\"Startseite\",\"item\":\"https:\/\/www.chirurgie-hn.de\/klinik\/die-klinik\/\"},{\"@type\":\"ListItem\",\"position\":2,\"name\":\"Die Klinik\",\"item\":\"https:\/\/www.chirurgie-hn.de\/klinik\/die-klinik\/\"},{\"@type\":\"ListItem\",\"position\":3,\"name\":\"Untersuchung und Behandlung\"}]},{\"@type\":\"WebSite\",\"@id\":\"https:\/\/www.chirurgie-hn.de\/klinik\/#website\",\"url\":\"https:\/\/www.chirurgie-hn.de\/klinik\/\",\"name\":\"Klinik am Rathenauplatz\",\"description\":\"\",\"potentialAction\":[{\"@type\":\"SearchAction\",\"target\":{\"@type\":\"EntryPoint\",\"urlTemplate\":\"https:\/\/www.chirurgie-hn.de\/klinik\/?s={search_term_string}\"},\"query-input\":{\"@type\":\"PropertyValueSpecification\",\"valueRequired\":true,\"valueName\":\"search_term_string\"}}],\"inLanguage\":\"de\"}]}<\/script>\n<!-- \/ Yoast SEO plugin. -->","yoast_head_json":{"title":"Untersuchung und Behandlung - Klinik am Rathenauplatz","robots":{"index":"index","follow":"follow","max-snippet":"max-snippet:-1","max-image-preview":"max-image-preview:large","max-video-preview":"max-video-preview:-1"},"canonical":"https:\/\/www.chirurgie-hn.de\/klinik\/die-klinik\/untersuchung-und-behandlung\/","og_locale":"de_DE","og_type":"article","og_title":"Untersuchung und Behandlung - Klinik am Rathenauplatz","og_url":"https:\/\/www.chirurgie-hn.de\/klinik\/die-klinik\/untersuchung-und-behandlung\/","og_site_name":"Klinik am Rathenauplatz","article_modified_time":"2019-05-23T12:01:27+00:00","twitter_card":"summary_large_image","twitter_misc":{"Gesch\u00e4tzte Lesezeit":"3\u00a0Minuten"},"schema":{"@context":"https:\/\/schema.org","@graph":[{"@type":"WebPage","@id":"https:\/\/www.chirurgie-hn.de\/klinik\/die-klinik\/untersuchung-und-behandlung\/","url":"https:\/\/www.chirurgie-hn.de\/klinik\/die-klinik\/untersuchung-und-behandlung\/","name":"Untersuchung und Behandlung - Klinik am Rathenauplatz","isPartOf":{"@id":"https:\/\/www.chirurgie-hn.de\/klinik\/#website"},"datePublished":"2016-11-15T12:18:18+00:00","dateModified":"2019-05-23T12:01:27+00:00","breadcrumb":{"@id":"https:\/\/www.chirurgie-hn.de\/klinik\/die-klinik\/untersuchung-und-behandlung\/#breadcrumb"},"inLanguage":"de","potentialAction":[{"@type":"ReadAction","target":["https:\/\/www.chirurgie-hn.de\/klinik\/die-klinik\/untersuchung-und-behandlung\/"]}]},{"@type":"BreadcrumbList","@id":"https:\/\/www.chirurgie-hn.de\/klinik\/die-klinik\/untersuchung-und-behandlung\/#breadcrumb","itemListElement":[{"@type":"ListItem","position":1,"name":"Startseite","item":"https:\/\/www.chirurgie-hn.de\/klinik\/die-klinik\/"},{"@type":"ListItem","position":2,"name":"Die Klinik","item":"https:\/\/www.chirurgie-hn.de\/klinik\/die-klinik\/"},{"@type":"ListItem","position":3,"name":"Untersuchung und Behandlung"}]},{"@type":"WebSite","@id":"https:\/\/www.chirurgie-hn.de\/klinik\/#website","url":"https:\/\/www.chirurgie-hn.de\/klinik\/","name":"Klinik am Rathenauplatz","description":"","potentialAction":[{"@type":"SearchAction","target":{"@type":"EntryPoint","urlTemplate":"https:\/\/www.chirurgie-hn.de\/klinik\/?s={search_term_string}"},"query-input":{"@type":"PropertyValueSpecification","valueRequired":true,"valueName":"search_term_string"}}],"inLanguage":"de"}]}},"_links":{"self":[{"href":"https:\/\/www.chirurgie-hn.de\/klinik\/wp-json\/wp\/v2\/pages\/16","targetHints":{"allow":["GET"]}}],"collection":[{"href":"https:\/\/www.chirurgie-hn.de\/klinik\/wp-json\/wp\/v2\/pages"}],"about":[{"href":"https:\/\/www.chirurgie-hn.de\/klinik\/wp-json\/wp\/v2\/types\/page"}],"author":[{"embeddable":true,"href":"https:\/\/www.chirurgie-hn.de\/klinik\/wp-json\/wp\/v2\/users\/1"}],"replies":[{"embeddable":true,"href":"https:\/\/www.chirurgie-hn.de\/klinik\/wp-json\/wp\/v2\/comments?post=16"}],"version-history":[{"count":12,"href":"https:\/\/www.chirurgie-hn.de\/klinik\/wp-json\/wp\/v2\/pages\/16\/revisions"}],"predecessor-version":[{"id":811,"href":"https:\/\/www.chirurgie-hn.de\/klinik\/wp-json\/wp\/v2\/pages\/16\/revisions\/811"}],"up":[{"embeddable":true,"href":"https:\/\/www.chirurgie-hn.de\/klinik\/wp-json\/wp\/v2\/pages\/11"}],"wp:attachment":[{"href":"https:\/\/www.chirurgie-hn.de\/klinik\/wp-json\/wp\/v2\/media?parent=16"}],"curies":[{"name":"wp","href":"https:\/\/api.w.org\/{rel}","templated":true}]}}