{"id":208,"date":"2017-03-06T09:09:46","date_gmt":"2017-03-06T08:09:46","guid":{"rendered":"http:\/\/www.chirurgie-hn.de\/klinik\/?page_id=208"},"modified":"2026-01-20T12:48:34","modified_gmt":"2026-01-20T11:48:34","slug":"impressum","status":"publish","type":"page","link":"https:\/\/www.chirurgie-hn.de\/klinik\/impressum\/","title":{"rendered":"Impressum"},"content":{"rendered":"\n<style type=\"text\/css\" data-created_by=\"avia_inline_auto\" id=\"style-css-av-11uw7c-db16bab45a77ccd4059a90c59ee10057\">\n.flex_column.av-11uw7c-db16bab45a77ccd4059a90c59ee10057{\nborder-radius:0px 0px 0px 0px;\npadding:0px 0px 0px 0px;\n}\n<\/style>\n<div  class='flex_column av-11uw7c-db16bab45a77ccd4059a90c59ee10057 av_one_full  avia-builder-el-0  el_before_av_one_half  avia-builder-el-first  first flex_column_div av-zero-column-padding  '     ><style type=\"text\/css\" data-created_by=\"avia_inline_auto\" id=\"style-css-av-33ha0-f48c36a8fb88f633fe0f5e3c654b4f84\">\n#top .av-special-heading.av-33ha0-f48c36a8fb88f633fe0f5e3c654b4f84{\npadding-bottom:10px;\n}\nbody .av-special-heading.av-33ha0-f48c36a8fb88f633fe0f5e3c654b4f84 .av-special-heading-tag .heading-char{\nfont-size:25px;\n}\n.av-special-heading.av-33ha0-f48c36a8fb88f633fe0f5e3c654b4f84 .av-subheading{\nfont-size:15px;\n}\n<\/style>\n<div  class='av-special-heading av-33ha0-f48c36a8fb88f633fe0f5e3c654b4f84 av-special-heading-h1  avia-builder-el-1  avia-builder-el-no-sibling '><h1 class='av-special-heading-tag '  itemprop=\"headline\"  >Information nach \u00a7 6 TDG (Telefondienstgesetz)<\/h1><div class=\"special-heading-border\"><div class=\"special-heading-inner-border\"><\/div><\/div><\/div><\/div>\n\n<style type=\"text\/css\" data-created_by=\"avia_inline_auto\" id=\"style-css-av-rbqig-e100193445fa49771d0dbd22421aa563\">\n.flex_column.av-rbqig-e100193445fa49771d0dbd22421aa563{\nborder-radius:0px 0px 0px 0px;\npadding:0px 0px 0px 0px;\n}\n<\/style>\n<div  class='flex_column av-rbqig-e100193445fa49771d0dbd22421aa563 av_one_half  avia-builder-el-2  el_after_av_one_full  el_before_av_one_half  first flex_column_div av-zero-column-padding  column-top-margin'     ><section  class='av_textblock_section av-lrcs0-f57b2afcecbc29224dc810c289ea9447 '   itemscope=\"itemscope\" itemtype=\"https:\/\/schema.org\/CreativeWork\" ><div class='avia_textblock'  itemprop=\"text\" ><h2>Impressum<\/h2>\n<h3>Herausgeberin und inhaltlich Verantwortliche<\/h3>\n<p>SLK-Praxis und Klinik am Rathenauplatz GmbH<br \/>\nGesundbrunnen 20-26<br \/>\n74078 Heilbronn<\/p>\n<h3>Kontakt:<\/h3>\n<p>Telefon: 07131 49 40021<br \/>\nE-Mail: <a href=\"mailto:info.PKR@slk-kliniken.de\">info.PKR@slk-kliniken.de<\/a><\/p>\n<h3>Vertreten durch:<\/h3>\n<p>Melanie Junge<br \/>\nGeorg Schmidt<\/p>\n<h3>Registerangaben:<\/h3>\n<p>Amtsgericht Stuttgart<br \/>\nRegisternummer: HRB 802607<br \/>\nUSt-IdNr.: noch ausstehend<\/p>\n<h3>Zust\u00e4ndige Aufsichtsbeh\u00f6rden<\/h3>\n<p>Regierungspr\u00e4sidium Stuttgart<br \/>\nAbteilung 9 &#8211; Gesundheit<br \/>\nRuppmannstra\u00dfe 21<br \/>\n70565 Stuttgart<\/p>\n<p>Landes\u00e4rztekammer Baden-W\u00fcrttemberg,<br \/>\nJahnstra\u00dfe 40, 70597 Stuttgart<br \/>\nwww.aerztekammer-bw.de<\/p>\n<p>Kassen\u00e4rztliche Vereinigung Baden-W\u00fcrttemberg (KVBW),<br \/>\nAlbstadtweg 11, 70567 Stuttgart<br \/>\nhttps:\/\/www.kvbawue.de\/<\/p>\n<h3>Berufsbezeichnung und berufsrechtliche Regelungen<\/h3>\n<p>Berufsbezeichnung: \u00c4rzte<br \/>\nVerliehen durch: Bundesrepublik Deutschland<\/p>\n<ul>\n<li>Dr. med. Andreas Simpfend\u00f6rfer<br \/>\nFacharzt f\u00fcr Chirurgie, Unfallchirurg, Orthop\u00e4de<\/li>\n<li>Dr. med. J\u00fcrgen Raupp<br \/>\nFacharzt f\u00fcr Chirurgie, Viszeralchirurg, Gef\u00e4\u00dfchirurg<\/li>\n<li>Dr. med. Corinna M\u00fcller<br \/>\nFach\u00e4rztin f\u00fcr Chirurgie, Unfallchirurgin<\/li>\n<li>Dr. med. Florian Stumpp<br \/>\nFacharzt f\u00fcr Chirurgie<\/li>\n<li>Federico Dotti<br \/>\nFacharzt f\u00fcr Chirurgie, Viszeralchirurg<\/li>\n<\/ul>\n<p>Berufsordnung der \u00c4rzte einsehbar unter:<br \/>\nhttp:\/\/www.aerztekammer-bw.de<\/p>\n<h3>Gutachterkommissionen und Schlichtungsstellen<\/h3>\n<p>Gutachterkommission f\u00fcr Fragen \u00e4rztlicher Haftpflicht bei der Landes\u00e4rztekammer Baden-W\u00fcrttemberg<br \/>\nJahnstra\u00dfe 40<br \/>\n70597 Stuttgart<\/p>\n<p>Wir nehmen an Streitbeilegungsverfahren vor einer Verbraucherschlichtungsstelle nicht teil.<\/p>\n<p><strong>Bildquellen:<\/strong><br \/>\nFotolia: kasto, Janina Dierks, zinkevych, gpointstudio, rogerphoto, Syda Productions. Wolfram Reiff, Hammer und Rall Media GmbH<\/p>\n<\/div><\/section><\/div>\n<style type=\"text\/css\" data-created_by=\"avia_inline_auto\" id=\"style-css-av-1ddxs-2eea8b00d48d207ebda9910b333f20b4\">\n.flex_column.av-1ddxs-2eea8b00d48d207ebda9910b333f20b4{\nborder-radius:0px 0px 0px 0px;\npadding:0px 0px 0px 0px;\n}\n<\/style>\n<div  class='flex_column av-1ddxs-2eea8b00d48d207ebda9910b333f20b4 av_one_half  avia-builder-el-4  el_after_av_one_half  avia-builder-el-last  flex_column_div av-zero-column-padding  column-top-margin'     ><section  class='av_textblock_section av-a5hkg-507dc0896625cc912e712893172bf562 '   itemscope=\"itemscope\" itemtype=\"https:\/\/schema.org\/CreativeWork\" ><div class='avia_textblock'  itemprop=\"text\" ><h3>Haftung f\u00fcr Inhalte<\/h3>\n<p>Als Diensteanbieter sind wir gem\u00e4\u00df \u00a7 7 Abs.1 TMG f\u00fcr eigene Inhalte auf diesen Seiten nach den allgemeinen Gesetzen verantwortlich. Nach \u00a7\u00a7 8 bis 10 TMG sind wir als Diensteanbieter jedoch nicht verpflichtet, \u00fcbermittelte oder gespeicherte fremde Informationen zu \u00fcberwachen oder nach Umst\u00e4nden zu forschen, die auf eine rechtswidrige T\u00e4tigkeit hinweisen.<\/p>\n<p>Verpflichtungen zur Entfernung oder Sperrung der Nutzung von Informationen nach den allgemeinen Gesetzen bleiben hiervon unber\u00fchrt. Eine diesbez\u00fcgliche Haftung ist jedoch erst ab dem Zeitpunkt der Kenntnis einer konkreten Rechtsverletzung m\u00f6glich. Bei Bekanntwerden von entsprechenden Rechtsverletzungen werden wir diese Inhalte umgehend entfernen.<\/p>\n<h3>Haftung f\u00fcr Links<\/h3>\n<p>Unser Angebot enth\u00e4lt Links zu externen Websites Dritter, auf deren Inhalte wir keinen Einfluss haben. Deshalb k\u00f6nnen wir f\u00fcr diese fremden Inhalte auch keine Gew\u00e4hr \u00fcbernehmen. F\u00fcr die Inhalte der verlinkten Seiten ist stets der jeweilige Anbieter oder Betreiber der Seiten verantwortlich. Die verlinkten Seiten wurden zum Zeitpunkt der Verlinkung auf m\u00f6gliche Rechtsverst\u00f6\u00dfe \u00fcberpr\u00fcft. Rechtswidrige Inhalte waren zum Zeitpunkt der Verlinkung nicht erkennbar.<\/p>\n<p>Eine permanente inhaltliche Kontrolle der verlinkten Seiten ist jedoch ohne konkrete Anhaltspunkte einer Rechtsverletzung nicht zumutbar. Bei Bekanntwerden von Rechtsverletzungen werden wir derartige Links umgehend entfernen.<\/p>\n<h3>Urheberrecht<\/h3>\n<p>Die durch die Seitenbetreiber erstellten Inhalte und Werke auf diesen Seiten unterliegen dem deutschen Urheberrecht. Die Vervielf\u00e4ltigung, Bearbeitung, Verbreitung und jede Art der Verwertung au\u00dferhalb der Grenzen des Urheberrechtes bed\u00fcrfen der schriftlichen Zustimmung des jeweiligen Autors bzw. Erstellers. Downloads und Kopien dieser Seite sind nur f\u00fcr den privaten, nicht kommerziellen Gebrauch gestattet.<\/p>\n<p>Soweit die Inhalte auf dieser Seite nicht vom Betreiber erstellt wurden, werden die Urheberrechte Dritter beachtet. Insbesondere werden Inhalte Dritter als solche gekennzeichnet. Sollten Sie trotzdem auf eine Urheberrechtsverletzung aufmerksam werden, bitten wir um einen entsprechenden Hinweis. Bei Bekanntwerden von Rechtsverletzungen werden wir derartige Inhalte umgehend entfernen.<\/p>\n<\/div><\/section><\/div><\/p>\n","protected":false},"excerpt":{"rendered":"","protected":false},"author":1,"featured_media":0,"parent":0,"menu_order":0,"comment_status":"closed","ping_status":"closed","template":"","meta":{"footnotes":""},"class_list":["post-208","page","type-page","status-publish","hentry"],"yoast_head":"<!-- This site is optimized with the Yoast SEO plugin v25.3.1 - https:\/\/yoast.com\/wordpress\/plugins\/seo\/ -->\n<title>Impressum - Klinik am Rathenauplatz<\/title>\n<meta name=\"robots\" content=\"index, follow, max-snippet:-1, max-image-preview:large, max-video-preview:-1\" \/>\n<link rel=\"canonical\" href=\"https:\/\/www.chirurgie-hn.de\/klinik\/impressum\/\" \/>\n<meta property=\"og:locale\" content=\"de_DE\" \/>\n<meta property=\"og:type\" content=\"article\" \/>\n<meta property=\"og:title\" content=\"Impressum - Klinik am Rathenauplatz\" \/>\n<meta property=\"og:url\" content=\"https:\/\/www.chirurgie-hn.de\/klinik\/impressum\/\" \/>\n<meta property=\"og:site_name\" content=\"Klinik am Rathenauplatz\" \/>\n<meta property=\"article:modified_time\" content=\"2026-01-20T11:48:34+00:00\" \/>\n<meta name=\"twitter:card\" content=\"summary_large_image\" \/>\n<meta name=\"twitter:label1\" content=\"Gesch\u00e4tzte Lesezeit\" \/>\n\t<meta name=\"twitter:data1\" content=\"3\u00a0Minuten\" \/>\n<script type=\"application\/ld+json\" class=\"yoast-schema-graph\">{\"@context\":\"https:\/\/schema.org\",\"@graph\":[{\"@type\":\"WebPage\",\"@id\":\"https:\/\/www.chirurgie-hn.de\/klinik\/impressum\/\",\"url\":\"https:\/\/www.chirurgie-hn.de\/klinik\/impressum\/\",\"name\":\"Impressum - Klinik am Rathenauplatz\",\"isPartOf\":{\"@id\":\"https:\/\/www.chirurgie-hn.de\/klinik\/#website\"},\"datePublished\":\"2017-03-06T08:09:46+00:00\",\"dateModified\":\"2026-01-20T11:48:34+00:00\",\"breadcrumb\":{\"@id\":\"https:\/\/www.chirurgie-hn.de\/klinik\/impressum\/#breadcrumb\"},\"inLanguage\":\"de\",\"potentialAction\":[{\"@type\":\"ReadAction\",\"target\":[\"https:\/\/www.chirurgie-hn.de\/klinik\/impressum\/\"]}]},{\"@type\":\"BreadcrumbList\",\"@id\":\"https:\/\/www.chirurgie-hn.de\/klinik\/impressum\/#breadcrumb\",\"itemListElement\":[{\"@type\":\"ListItem\",\"position\":1,\"name\":\"Startseite\",\"item\":\"https:\/\/www.chirurgie-hn.de\/klinik\/die-klinik\/\"},{\"@type\":\"ListItem\",\"position\":2,\"name\":\"Impressum\"}]},{\"@type\":\"WebSite\",\"@id\":\"https:\/\/www.chirurgie-hn.de\/klinik\/#website\",\"url\":\"https:\/\/www.chirurgie-hn.de\/klinik\/\",\"name\":\"Klinik am Rathenauplatz\",\"description\":\"\",\"potentialAction\":[{\"@type\":\"SearchAction\",\"target\":{\"@type\":\"EntryPoint\",\"urlTemplate\":\"https:\/\/www.chirurgie-hn.de\/klinik\/?s={search_term_string}\"},\"query-input\":{\"@type\":\"PropertyValueSpecification\",\"valueRequired\":true,\"valueName\":\"search_term_string\"}}],\"inLanguage\":\"de\"}]}<\/script>\n<!-- \/ Yoast SEO plugin. -->","yoast_head_json":{"title":"Impressum - Klinik am Rathenauplatz","robots":{"index":"index","follow":"follow","max-snippet":"max-snippet:-1","max-image-preview":"max-image-preview:large","max-video-preview":"max-video-preview:-1"},"canonical":"https:\/\/www.chirurgie-hn.de\/klinik\/impressum\/","og_locale":"de_DE","og_type":"article","og_title":"Impressum - Klinik am Rathenauplatz","og_url":"https:\/\/www.chirurgie-hn.de\/klinik\/impressum\/","og_site_name":"Klinik am Rathenauplatz","article_modified_time":"2026-01-20T11:48:34+00:00","twitter_card":"summary_large_image","twitter_misc":{"Gesch\u00e4tzte Lesezeit":"3\u00a0Minuten"},"schema":{"@context":"https:\/\/schema.org","@graph":[{"@type":"WebPage","@id":"https:\/\/www.chirurgie-hn.de\/klinik\/impressum\/","url":"https:\/\/www.chirurgie-hn.de\/klinik\/impressum\/","name":"Impressum - Klinik am Rathenauplatz","isPartOf":{"@id":"https:\/\/www.chirurgie-hn.de\/klinik\/#website"},"datePublished":"2017-03-06T08:09:46+00:00","dateModified":"2026-01-20T11:48:34+00:00","breadcrumb":{"@id":"https:\/\/www.chirurgie-hn.de\/klinik\/impressum\/#breadcrumb"},"inLanguage":"de","potentialAction":[{"@type":"ReadAction","target":["https:\/\/www.chirurgie-hn.de\/klinik\/impressum\/"]}]},{"@type":"BreadcrumbList","@id":"https:\/\/www.chirurgie-hn.de\/klinik\/impressum\/#breadcrumb","itemListElement":[{"@type":"ListItem","position":1,"name":"Startseite","item":"https:\/\/www.chirurgie-hn.de\/klinik\/die-klinik\/"},{"@type":"ListItem","position":2,"name":"Impressum"}]},{"@type":"WebSite","@id":"https:\/\/www.chirurgie-hn.de\/klinik\/#website","url":"https:\/\/www.chirurgie-hn.de\/klinik\/","name":"Klinik am Rathenauplatz","description":"","potentialAction":[{"@type":"SearchAction","target":{"@type":"EntryPoint","urlTemplate":"https:\/\/www.chirurgie-hn.de\/klinik\/?s={search_term_string}"},"query-input":{"@type":"PropertyValueSpecification","valueRequired":true,"valueName":"search_term_string"}}],"inLanguage":"de"}]}},"_links":{"self":[{"href":"https:\/\/www.chirurgie-hn.de\/klinik\/wp-json\/wp\/v2\/pages\/208","targetHints":{"allow":["GET"]}}],"collection":[{"href":"https:\/\/www.chirurgie-hn.de\/klinik\/wp-json\/wp\/v2\/pages"}],"about":[{"href":"https:\/\/www.chirurgie-hn.de\/klinik\/wp-json\/wp\/v2\/types\/page"}],"author":[{"embeddable":true,"href":"https:\/\/www.chirurgie-hn.de\/klinik\/wp-json\/wp\/v2\/users\/1"}],"replies":[{"embeddable":true,"href":"https:\/\/www.chirurgie-hn.de\/klinik\/wp-json\/wp\/v2\/comments?post=208"}],"version-history":[{"count":25,"href":"https:\/\/www.chirurgie-hn.de\/klinik\/wp-json\/wp\/v2\/pages\/208\/revisions"}],"predecessor-version":[{"id":1167,"href":"https:\/\/www.chirurgie-hn.de\/klinik\/wp-json\/wp\/v2\/pages\/208\/revisions\/1167"}],"wp:attachment":[{"href":"https:\/\/www.chirurgie-hn.de\/klinik\/wp-json\/wp\/v2\/media?parent=208"}],"curies":[{"name":"wp","href":"https:\/\/api.w.org\/{rel}","templated":true}]}}