{"id":22,"date":"2016-11-15T13:19:27","date_gmt":"2016-11-15T12:19:27","guid":{"rendered":"http:\/\/www.chirurgie-hn.de\/klinik\/?page_id=22"},"modified":"2023-04-26T16:41:59","modified_gmt":"2023-04-26T14:41:59","slug":"aktuelles","status":"publish","type":"page","link":"https:\/\/www.chirurgie-hn.de\/klinik\/aktuelles\/","title":{"rendered":"Aktuelles"},"content":{"rendered":"<div id='full_slider_1'  class='avia-fullwidth-slider main_color avia-shadow   avia-builder-el-0  el_before_av_one_full  avia-builder-el-first   container_wrap fullsize'  ><div  class='avia-slideshow av-7fze6-ee3132a6d802c35cf66f74134b78677c avia-slideshow-featured av_slideshow_full avia-slide-slider av-slideshow-ui av-control-default av-slideshow-manual av-loop-once av-loop-manual-endless av-default-height-applied   avia-slideshow-1' data-slideshow-options=\"{&quot;animation&quot;:&quot;slide&quot;,&quot;autoplay&quot;:false,&quot;loop_autoplay&quot;:&quot;once&quot;,&quot;interval&quot;:5,&quot;loop_manual&quot;:&quot;manual-endless&quot;,&quot;autoplay_stopper&quot;:false,&quot;noNavigation&quot;:false,&quot;bg_slider&quot;:false,&quot;keep_padding&quot;:false,&quot;hoverpause&quot;:false,&quot;show_slide_delay&quot;:0}\"  itemprop=\"image\" itemscope=\"itemscope\" itemtype=\"https:\/\/schema.org\/ImageObject\" ><ul class='avia-slideshow-inner ' style='padding-bottom: 26.666666666667%;'><li  class='avia-slideshow-slide av-7fze6-ee3132a6d802c35cf66f74134b78677c__0  av-single-slide slide-1 slide-odd'><div data-rel='slideshow-1' class='avia-slide-wrap '   ><img decoding=\"async\" fetchpriority=\"high\" class=\"wp-image-173 avia-img-lazy-loading-not-173\"  src=\"https:\/\/www.chirurgie-hn.de\/klinik\/wp-content\/uploads\/2016\/11\/aktuelles-privatklinik-heilbronn-1500x400.jpg\" width=\"1500\" height=\"400\" title='Aktuelles aus der Privatklinik Heilbronn' alt='Aktuelles aus der Privatklinik Heilbronn'  itemprop=\"thumbnailUrl\" srcset=\"https:\/\/www.chirurgie-hn.de\/klinik\/wp-content\/uploads\/2016\/11\/aktuelles-privatklinik-heilbronn.jpg 1500w, https:\/\/www.chirurgie-hn.de\/klinik\/wp-content\/uploads\/2016\/11\/aktuelles-privatklinik-heilbronn-300x80.jpg 300w, https:\/\/www.chirurgie-hn.de\/klinik\/wp-content\/uploads\/2016\/11\/aktuelles-privatklinik-heilbronn-768x205.jpg 768w, https:\/\/www.chirurgie-hn.de\/klinik\/wp-content\/uploads\/2016\/11\/aktuelles-privatklinik-heilbronn-1030x275.jpg 1030w, https:\/\/www.chirurgie-hn.de\/klinik\/wp-content\/uploads\/2016\/11\/aktuelles-privatklinik-heilbronn-705x188.jpg 705w, https:\/\/www.chirurgie-hn.de\/klinik\/wp-content\/uploads\/2016\/11\/aktuelles-privatklinik-heilbronn-450x120.jpg 450w\" sizes=\"(max-width: 1500px) 100vw, 1500px\" \/><\/div><\/li><\/ul><\/div><\/div><div id='after_full_slider_1'  class='main_color av_default_container_wrap container_wrap fullsize'  ><div class='container av-section-cont-open' ><div class='template-page content  av-content-full alpha units'><div class='post-entry post-entry-type-page post-entry-22'><div class='entry-content-wrapper clearfix'>\n\n<style type=\"text\/css\" data-created_by=\"avia_inline_auto\" id=\"style-css-av-67hma-bb9178b67e52a54ad42fc2372e55b5ce\">\n.flex_column.av-67hma-bb9178b67e52a54ad42fc2372e55b5ce{\nborder-radius:0px 0px 0px 0px;\npadding:0px 0px 0px 0px;\n}\n<\/style>\n<div  class='flex_column av-67hma-bb9178b67e52a54ad42fc2372e55b5ce av_one_full  avia-builder-el-1  el_after_av_slideshow_full  el_before_av_section  avia-builder-el-no-sibling  first flex_column_div av-zero-column-padding  '     ><style type=\"text\/css\" data-created_by=\"avia_inline_auto\" id=\"style-css-av-5k516-f31dc8df7618caeccfb769e76ad92959\">\n#top .av-special-heading.av-5k516-f31dc8df7618caeccfb769e76ad92959{\npadding-bottom:10px;\n}\nbody .av-special-heading.av-5k516-f31dc8df7618caeccfb769e76ad92959 .av-special-heading-tag .heading-char{\nfont-size:25px;\n}\n.av-special-heading.av-5k516-f31dc8df7618caeccfb769e76ad92959 .av-subheading{\nfont-size:15px;\n}\n<\/style>\n<div  class='av-special-heading av-5k516-f31dc8df7618caeccfb769e76ad92959 av-special-heading-h1  avia-builder-el-2  avia-builder-el-no-sibling '><h1 class='av-special-heading-tag '  itemprop=\"headline\"  >Aktuelles<\/h1><div class=\"special-heading-border\"><div class=\"special-heading-inner-border\"><\/div><\/div><\/div><\/div>\n<\/div><\/div><\/div><!-- close content main div --><\/div><\/div><div id='av_section_1'  class='avia-section av-av_section-d22d0925bbe873903d870fa53c85a800 main_color avia-section-default avia-no-border-styling  avia-builder-el-3  el_after_av_one_full  avia-builder-el-last  avia-bg-style-scroll container_wrap fullsize'  ><div class='container av-section-cont-open' ><div class='template-page content  av-content-full alpha units'><div class='post-entry post-entry-type-page post-entry-22'><div class='entry-content-wrapper clearfix'>\n<div  data-slideshow-options=\"{&quot;animation&quot;:&quot;fade&quot;,&quot;autoplay&quot;:false,&quot;loop_autoplay&quot;:&quot;once&quot;,&quot;interval&quot;:5,&quot;loop_manual&quot;:&quot;manual-endless&quot;,&quot;autoplay_stopper&quot;:false,&quot;noNavigation&quot;:false,&quot;show_slide_delay&quot;:90}\" class='avia-content-slider avia-content-grid-active avia-content-slider1 avia-content-slider-odd  avia-builder-el-4  avia-builder-el-no-sibling  av-slideshow-ui av-control-default   av-no-slider-navigation av-slideshow-manual av-loop-once av-loop-manual-endless '  itemscope=\"itemscope\" itemtype=\"https:\/\/schema.org\/Blog\" ><div class=\"avia-content-slider-inner\"><div class=\"slide-entry-wrap\"><article class='slide-entry flex_column  post-entry post-entry-1120 slide-entry-overview slide-loop-1 slide-parity-odd  av_one_third first real-thumbnail posttype-post post-format-standard'  itemscope=\"itemscope\" itemtype=\"https:\/\/schema.org\/CreativeWork\" ><a href='https:\/\/www.chirurgie-hn.de\/klinik\/2025\/03\/12\/aerztliche-fortbildung-zum-thema-struma-maligna-2\/' data-rel='slide-1' class='slide-image' title='Krankenschwester (m\/w\/d) f\u00fcr die Fr\u00fch- und Sp\u00e4tschicht gesucht'><img decoding=\"async\" fetchpriority=\"high\" width=\"495\" height=\"400\" src=\"https:\/\/www.chirurgie-hn.de\/klinik\/wp-content\/uploads\/2025\/05\/Foto-GuK-495x400.jpg\" class=\"wp-image-1131 avia-img-lazy-loading-not-1131 attachment-portfolio size-portfolio wp-post-image\" alt=\"\" srcset=\"https:\/\/www.chirurgie-hn.de\/klinik\/wp-content\/uploads\/2025\/05\/Foto-GuK-495x400.jpg 495w, https:\/\/www.chirurgie-hn.de\/klinik\/wp-content\/uploads\/2025\/05\/Foto-GuK-845x684.jpg 845w\" sizes=\"(max-width: 495px) 100vw, 495px\" \/><\/a><div class=\"slide-content\"><header class=\"entry-content-header\" aria-label=\"Slide: Krankenschwester (m\/w\/d) f\u00fcr die Fr\u00fch- und Sp\u00e4tschicht gesucht\"><h3 class='slide-entry-title entry-title '  itemprop=\"headline\" ><a href='https:\/\/www.chirurgie-hn.de\/klinik\/2025\/03\/12\/aerztliche-fortbildung-zum-thema-struma-maligna-2\/' title='Krankenschwester (m\/w\/d) f\u00fcr die Fr\u00fch- und Sp\u00e4tschicht gesucht'>Krankenschwester (m\/w\/d) f\u00fcr die Fr\u00fch- und Sp\u00e4tschicht gesucht<\/a><\/h3><span class=\"av-vertical-delimiter\"><\/span><\/header><div class=\"slide-meta\"><time class='slide-meta-time updated'  itemprop=\"datePublished\" datetime=\"2025-03-12T08:18:54+01:00\" >12. M\u00e4rz 2025<\/time><div class=\"slide-meta-del\">\/<\/div><div class=\"slide-meta-comments\"><a href='https:\/\/www.chirurgie-hn.de\/klinik\/2025\/03\/12\/aerztliche-fortbildung-zum-thema-struma-maligna-2\/#respond'>0 Kommentare<\/a><\/div><\/div><div class='slide-entry-excerpt entry-content'  itemprop=\"text\" >Wir sind ein hochqualifiziertes Chirurgenteam und behandeln unsere\u2026<div class=\"read-more-link\"><a href=\"https:\/\/www.chirurgie-hn.de\/klinik\/2025\/03\/12\/aerztliche-fortbildung-zum-thema-struma-maligna-2\/\" class=\"more-link\">Weiterlesen<span class='more-link-arrow avia-svg-icon avia-font-svg_entypo-fontello' data-av_svg_icon='right-open-big' data-av_iconset='svg_entypo-fontello'><svg version=\"1.1\" xmlns=\"http:\/\/www.w3.org\/2000\/svg\" width=\"15\" height=\"32\" viewBox=\"0 0 15 32\" preserveAspectRatio=\"xMidYMid meet\" role=\"graphics-symbol\" aria-hidden=\"true\">\n<path d=\"M0.416 27.84l11.456-11.84-11.456-11.904q-0.832-0.832 0-1.536 0.832-0.832 1.536 0l12.544 12.608q0.768 0.832 0 1.6l-12.544 12.608q-0.704 0.832-1.536 0-0.832-0.704 0-1.536z\"><\/path>\n<\/svg><\/span><\/a><\/div><\/div><\/div><footer class=\"entry-footer\"><\/footer><span class='hidden'>\n\t\t\t\t<span class='av-structured-data'  itemprop=\"image\" itemscope=\"itemscope\" itemtype=\"https:\/\/schema.org\/ImageObject\" >\n\t\t\t\t\t\t<span itemprop='url'>https:\/\/www.chirurgie-hn.de\/klinik\/wp-content\/uploads\/2025\/05\/Foto-GuK.jpg<\/span>\n\t\t\t\t\t\t<span itemprop='height'>1205<\/span>\n\t\t\t\t\t\t<span itemprop='width'>1772<\/span>\n\t\t\t\t<\/span>\n\t\t\t\t<span class='av-structured-data'  itemprop=\"publisher\" itemtype=\"https:\/\/schema.org\/Organization\" itemscope=\"itemscope\" >\n\t\t\t\t\t\t<span itemprop='name'>hammer<\/span>\n\t\t\t\t\t\t<span itemprop='logo' itemscope itemtype='https:\/\/schema.org\/ImageObject'>\n\t\t\t\t\t\t\t<span itemprop='url'>https:\/\/www.chirurgie-hn.de\/klinik\/wp-content\/uploads\/2026\/01\/logo-klinik.svg<\/span>\n\t\t\t\t\t\t<\/span>\n\t\t\t\t<\/span><span class='av-structured-data'  itemprop=\"author\" itemscope=\"itemscope\" itemtype=\"https:\/\/schema.org\/Person\" ><span itemprop='name'>hammer<\/span><\/span><span class='av-structured-data'  itemprop=\"datePublished\" datetime=\"2016-11-15T13:19:27+01:00\" >2025-03-12 08:18:54<\/span><span class='av-structured-data'  itemprop=\"dateModified\" itemtype=\"https:\/\/schema.org\/dateModified\" >2026-04-30 16:33:21<\/span><span class='av-structured-data'  itemprop=\"mainEntityOfPage\" itemtype=\"https:\/\/schema.org\/mainEntityOfPage\" ><span itemprop='name'>Krankenschwester (m\/w\/d) f\u00fcr die Fr\u00fch- und Sp\u00e4tschicht gesucht<\/span><\/span><\/span><\/article><article class='slide-entry flex_column  post-entry post-entry-908 slide-entry-overview slide-loop-2 slide-parity-even  av_one_third  real-thumbnail posttype-post post-format-standard'  itemscope=\"itemscope\" itemtype=\"https:\/\/schema.org\/CreativeWork\" ><a href='https:\/\/www.chirurgie-hn.de\/klinik\/2019\/11\/29\/bestnoten-fuer-die-klinik-am-rathenauplatz-im-aok-krankenhausnavigator\/' data-rel='slide-1' class='slide-image' title='Bestnoten f\u00fcr das SLK-MVZ und SLK-Klinik am Rathenauplatz GmbH im AOK-Krankenhausnavigator'><img decoding=\"async\" fetchpriority=\"high\" width=\"495\" height=\"340\" src=\"https:\/\/www.chirurgie-hn.de\/klinik\/wp-content\/uploads\/2016\/11\/teaser-anfahrt-3-495x340.jpg\" class=\"wp-image-294 avia-img-lazy-loading-not-294 attachment-portfolio size-portfolio wp-post-image\" alt=\"Anfahrt\" \/><\/a><div class=\"slide-content\"><header class=\"entry-content-header\" aria-label=\"Slide: Bestnoten f\u00fcr das SLK-MVZ und SLK-Klinik am Rathenauplatz GmbH im AOK-Krankenhausnavigator\"><h3 class='slide-entry-title entry-title '  itemprop=\"headline\" ><a href='https:\/\/www.chirurgie-hn.de\/klinik\/2019\/11\/29\/bestnoten-fuer-die-klinik-am-rathenauplatz-im-aok-krankenhausnavigator\/' title='Bestnoten f\u00fcr das SLK-MVZ und SLK-Klinik am Rathenauplatz GmbH im AOK-Krankenhausnavigator'>Bestnoten f\u00fcr das SLK-MVZ und SLK-Klinik am Rathenauplatz GmbH im AOK-Krankenhausnavigator<\/a><\/h3><span class=\"av-vertical-delimiter\"><\/span><\/header><div class=\"slide-meta\"><time class='slide-meta-time updated'  itemprop=\"datePublished\" datetime=\"2019-11-29T19:24:52+01:00\" >29. November 2019<\/time><div class=\"slide-meta-del\">\/<\/div><div class=\"slide-meta-comments\"><a href='https:\/\/www.chirurgie-hn.de\/klinik\/2019\/11\/29\/bestnoten-fuer-die-klinik-am-rathenauplatz-im-aok-krankenhausnavigator\/#respond'>0 Kommentare<\/a><\/div><\/div><div class='slide-entry-excerpt entry-content'  itemprop=\"text\" >Im neuen AOK-Krankenhausnavigator erh\u00e4lt die SLK-Klinik Am Rathenauplatz\u2026<div class=\"read-more-link\"><a href=\"https:\/\/www.chirurgie-hn.de\/klinik\/2019\/11\/29\/bestnoten-fuer-die-klinik-am-rathenauplatz-im-aok-krankenhausnavigator\/\" class=\"more-link\">Weiterlesen<span class='more-link-arrow avia-svg-icon avia-font-svg_entypo-fontello' data-av_svg_icon='right-open-big' data-av_iconset='svg_entypo-fontello'><svg version=\"1.1\" xmlns=\"http:\/\/www.w3.org\/2000\/svg\" width=\"15\" height=\"32\" viewBox=\"0 0 15 32\" preserveAspectRatio=\"xMidYMid meet\" role=\"graphics-symbol\" aria-hidden=\"true\">\n<path d=\"M0.416 27.84l11.456-11.84-11.456-11.904q-0.832-0.832 0-1.536 0.832-0.832 1.536 0l12.544 12.608q0.768 0.832 0 1.6l-12.544 12.608q-0.704 0.832-1.536 0-0.832-0.704 0-1.536z\"><\/path>\n<\/svg><\/span><\/a><\/div><\/div><\/div><footer class=\"entry-footer\"><\/footer><span class='hidden'>\n\t\t\t\t<span class='av-structured-data'  itemprop=\"image\" itemscope=\"itemscope\" itemtype=\"https:\/\/schema.org\/ImageObject\" >\n\t\t\t\t\t\t<span itemprop='url'>https:\/\/www.chirurgie-hn.de\/klinik\/wp-content\/uploads\/2016\/11\/teaser-anfahrt-3.jpg<\/span>\n\t\t\t\t\t\t<span itemprop='height'>340<\/span>\n\t\t\t\t\t\t<span itemprop='width'>500<\/span>\n\t\t\t\t<\/span>\n\t\t\t\t<span class='av-structured-data'  itemprop=\"publisher\" itemtype=\"https:\/\/schema.org\/Organization\" itemscope=\"itemscope\" >\n\t\t\t\t\t\t<span itemprop='name'>klinik-redakteur<\/span>\n\t\t\t\t\t\t<span itemprop='logo' itemscope itemtype='https:\/\/schema.org\/ImageObject'>\n\t\t\t\t\t\t\t<span itemprop='url'>https:\/\/www.chirurgie-hn.de\/klinik\/wp-content\/uploads\/2026\/01\/logo-klinik.svg<\/span>\n\t\t\t\t\t\t<\/span>\n\t\t\t\t<\/span><span class='av-structured-data'  itemprop=\"author\" itemscope=\"itemscope\" itemtype=\"https:\/\/schema.org\/Person\" ><span itemprop='name'>klinik-redakteur<\/span><\/span><span class='av-structured-data'  itemprop=\"datePublished\" datetime=\"2016-11-15T13:19:27+01:00\" >2019-11-29 19:24:52<\/span><span class='av-structured-data'  itemprop=\"dateModified\" itemtype=\"https:\/\/schema.org\/dateModified\" >2026-01-23 11:43:26<\/span><span class='av-structured-data'  itemprop=\"mainEntityOfPage\" itemtype=\"https:\/\/schema.org\/mainEntityOfPage\" ><span itemprop='name'>Bestnoten f\u00fcr das SLK-MVZ und SLK-Klinik am Rathenauplatz GmbH im AOK-Krankenhausnavigator<\/span><\/span><\/span><\/article><article class='slide-entry flex_column  post-entry post-entry-859 slide-entry-overview slide-loop-3 slide-parity-odd  post-entry-last  av_one_third  real-thumbnail posttype-post post-format-standard'  itemscope=\"itemscope\" itemtype=\"https:\/\/schema.org\/CreativeWork\" ><a href='https:\/\/www.chirurgie-hn.de\/klinik\/2019\/06\/11\/venen-kompetenz-zentrum\/' data-rel='slide-1' class='slide-image' title='Venen Kompetenz-Zentrum'><img decoding=\"async\" fetchpriority=\"high\" width=\"495\" height=\"400\" src=\"https:\/\/www.chirurgie-hn.de\/klinik\/wp-content\/uploads\/2019\/06\/Venen-Kompetenz-Zentrum-495x400.jpg\" class=\"wp-image-870 avia-img-lazy-loading-not-870 attachment-portfolio size-portfolio wp-post-image\" alt=\"\" srcset=\"https:\/\/www.chirurgie-hn.de\/klinik\/wp-content\/uploads\/2019\/06\/Venen-Kompetenz-Zentrum-495x400.jpg 495w, https:\/\/www.chirurgie-hn.de\/klinik\/wp-content\/uploads\/2019\/06\/Venen-Kompetenz-Zentrum-845x684.jpg 845w\" sizes=\"(max-width: 495px) 100vw, 495px\" \/><\/a><div class=\"slide-content\"><header class=\"entry-content-header\" aria-label=\"Slide: Venen Kompetenz-Zentrum\"><h3 class='slide-entry-title entry-title '  itemprop=\"headline\" ><a href='https:\/\/www.chirurgie-hn.de\/klinik\/2019\/06\/11\/venen-kompetenz-zentrum\/' title='Venen Kompetenz-Zentrum'>Venen Kompetenz-Zentrum<\/a><\/h3><span class=\"av-vertical-delimiter\"><\/span><\/header><div class=\"slide-meta\"><time class='slide-meta-time updated'  itemprop=\"datePublished\" datetime=\"2019-06-11T10:26:07+02:00\" >11. Juni 2019<\/time><div class=\"slide-meta-del\">\/<\/div><div class=\"slide-meta-comments\"><a href='https:\/\/www.chirurgie-hn.de\/klinik\/2019\/06\/11\/venen-kompetenz-zentrum\/#respond'>0 Kommentare<\/a><\/div><\/div><div class='slide-entry-excerpt entry-content'  itemprop=\"text\" >Seit M\u00e4rz 2019 sind wir als Venen Kompetenz-Zentrum zertifiziert\r\nIm\u2026<div class=\"read-more-link\"><a href=\"https:\/\/www.chirurgie-hn.de\/klinik\/2019\/06\/11\/venen-kompetenz-zentrum\/\" class=\"more-link\">Weiterlesen<span class='more-link-arrow avia-svg-icon avia-font-svg_entypo-fontello' data-av_svg_icon='right-open-big' data-av_iconset='svg_entypo-fontello'><svg version=\"1.1\" xmlns=\"http:\/\/www.w3.org\/2000\/svg\" width=\"15\" height=\"32\" viewBox=\"0 0 15 32\" preserveAspectRatio=\"xMidYMid meet\" role=\"graphics-symbol\" aria-hidden=\"true\">\n<path d=\"M0.416 27.84l11.456-11.84-11.456-11.904q-0.832-0.832 0-1.536 0.832-0.832 1.536 0l12.544 12.608q0.768 0.832 0 1.6l-12.544 12.608q-0.704 0.832-1.536 0-0.832-0.704 0-1.536z\"><\/path>\n<\/svg><\/span><\/a><\/div><\/div><\/div><footer class=\"entry-footer\"><\/footer><span class='hidden'>\n\t\t\t\t<span class='av-structured-data'  itemprop=\"image\" itemscope=\"itemscope\" itemtype=\"https:\/\/schema.org\/ImageObject\" >\n\t\t\t\t\t\t<span itemprop='url'>https:\/\/www.chirurgie-hn.de\/klinik\/wp-content\/uploads\/2019\/06\/Venen-Kompetenz-Zentrum.jpg<\/span>\n\t\t\t\t\t\t<span itemprop='height'>1200<\/span>\n\t\t\t\t\t\t<span itemprop='width'>1600<\/span>\n\t\t\t\t<\/span>\n\t\t\t\t<span class='av-structured-data'  itemprop=\"publisher\" itemtype=\"https:\/\/schema.org\/Organization\" itemscope=\"itemscope\" >\n\t\t\t\t\t\t<span itemprop='name'>hammer<\/span>\n\t\t\t\t\t\t<span itemprop='logo' itemscope itemtype='https:\/\/schema.org\/ImageObject'>\n\t\t\t\t\t\t\t<span itemprop='url'>https:\/\/www.chirurgie-hn.de\/klinik\/wp-content\/uploads\/2026\/01\/logo-klinik.svg<\/span>\n\t\t\t\t\t\t<\/span>\n\t\t\t\t<\/span><span class='av-structured-data'  itemprop=\"author\" itemscope=\"itemscope\" itemtype=\"https:\/\/schema.org\/Person\" ><span itemprop='name'>hammer<\/span><\/span><span class='av-structured-data'  itemprop=\"datePublished\" datetime=\"2016-11-15T13:19:27+01:00\" >2019-06-11 10:26:07<\/span><span class='av-structured-data'  itemprop=\"dateModified\" itemtype=\"https:\/\/schema.org\/dateModified\" >2019-06-17 08:59:23<\/span><span class='av-structured-data'  itemprop=\"mainEntityOfPage\" itemtype=\"https:\/\/schema.org\/mainEntityOfPage\" ><span itemprop='name'>Venen Kompetenz-Zentrum<\/span><\/span><\/span><\/article><\/div><\/div><\/div>\n\n","protected":false},"excerpt":{"rendered":"","protected":false},"author":1,"featured_media":0,"parent":0,"menu_order":0,"comment_status":"closed","ping_status":"closed","template":"","meta":{"footnotes":""},"class_list":["post-22","page","type-page","status-publish","hentry"],"yoast_head":"<!-- This site is optimized with the Yoast SEO plugin v25.3.1 - https:\/\/yoast.com\/wordpress\/plugins\/seo\/ -->\n<title>Aktuelles - Klinik am Rathenauplatz<\/title>\n<meta name=\"robots\" content=\"index, follow, max-snippet:-1, max-image-preview:large, max-video-preview:-1\" \/>\n<link rel=\"canonical\" href=\"https:\/\/www.chirurgie-hn.de\/klinik\/aktuelles\/\" \/>\n<meta property=\"og:locale\" content=\"de_DE\" \/>\n<meta property=\"og:type\" content=\"article\" \/>\n<meta property=\"og:title\" content=\"Aktuelles - Klinik am Rathenauplatz\" \/>\n<meta property=\"og:url\" content=\"https:\/\/www.chirurgie-hn.de\/klinik\/aktuelles\/\" \/>\n<meta property=\"og:site_name\" content=\"Klinik am Rathenauplatz\" \/>\n<meta property=\"article:modified_time\" content=\"2023-04-26T14:41:59+00:00\" \/>\n<meta name=\"twitter:card\" content=\"summary_large_image\" \/>\n<meta name=\"twitter:label1\" content=\"Gesch\u00e4tzte Lesezeit\" \/>\n\t<meta name=\"twitter:data1\" content=\"1\u00a0Minute\" \/>\n<script type=\"application\/ld+json\" class=\"yoast-schema-graph\">{\"@context\":\"https:\/\/schema.org\",\"@graph\":[{\"@type\":\"WebPage\",\"@id\":\"https:\/\/www.chirurgie-hn.de\/klinik\/aktuelles\/\",\"url\":\"https:\/\/www.chirurgie-hn.de\/klinik\/aktuelles\/\",\"name\":\"Aktuelles - Klinik am Rathenauplatz\",\"isPartOf\":{\"@id\":\"https:\/\/www.chirurgie-hn.de\/klinik\/#website\"},\"datePublished\":\"2016-11-15T12:19:27+00:00\",\"dateModified\":\"2023-04-26T14:41:59+00:00\",\"breadcrumb\":{\"@id\":\"https:\/\/www.chirurgie-hn.de\/klinik\/aktuelles\/#breadcrumb\"},\"inLanguage\":\"de\",\"potentialAction\":[{\"@type\":\"ReadAction\",\"target\":[\"https:\/\/www.chirurgie-hn.de\/klinik\/aktuelles\/\"]}]},{\"@type\":\"BreadcrumbList\",\"@id\":\"https:\/\/www.chirurgie-hn.de\/klinik\/aktuelles\/#breadcrumb\",\"itemListElement\":[{\"@type\":\"ListItem\",\"position\":1,\"name\":\"Startseite\",\"item\":\"https:\/\/www.chirurgie-hn.de\/klinik\/die-klinik\/\"},{\"@type\":\"ListItem\",\"position\":2,\"name\":\"Aktuelles\"}]},{\"@type\":\"WebSite\",\"@id\":\"https:\/\/www.chirurgie-hn.de\/klinik\/#website\",\"url\":\"https:\/\/www.chirurgie-hn.de\/klinik\/\",\"name\":\"Klinik am Rathenauplatz\",\"description\":\"\",\"potentialAction\":[{\"@type\":\"SearchAction\",\"target\":{\"@type\":\"EntryPoint\",\"urlTemplate\":\"https:\/\/www.chirurgie-hn.de\/klinik\/?s={search_term_string}\"},\"query-input\":{\"@type\":\"PropertyValueSpecification\",\"valueRequired\":true,\"valueName\":\"search_term_string\"}}],\"inLanguage\":\"de\"}]}<\/script>\n<!-- \/ Yoast SEO plugin. -->","yoast_head_json":{"title":"Aktuelles - Klinik am Rathenauplatz","robots":{"index":"index","follow":"follow","max-snippet":"max-snippet:-1","max-image-preview":"max-image-preview:large","max-video-preview":"max-video-preview:-1"},"canonical":"https:\/\/www.chirurgie-hn.de\/klinik\/aktuelles\/","og_locale":"de_DE","og_type":"article","og_title":"Aktuelles - Klinik am Rathenauplatz","og_url":"https:\/\/www.chirurgie-hn.de\/klinik\/aktuelles\/","og_site_name":"Klinik am Rathenauplatz","article_modified_time":"2023-04-26T14:41:59+00:00","twitter_card":"summary_large_image","twitter_misc":{"Gesch\u00e4tzte Lesezeit":"1\u00a0Minute"},"schema":{"@context":"https:\/\/schema.org","@graph":[{"@type":"WebPage","@id":"https:\/\/www.chirurgie-hn.de\/klinik\/aktuelles\/","url":"https:\/\/www.chirurgie-hn.de\/klinik\/aktuelles\/","name":"Aktuelles - Klinik am Rathenauplatz","isPartOf":{"@id":"https:\/\/www.chirurgie-hn.de\/klinik\/#website"},"datePublished":"2016-11-15T12:19:27+00:00","dateModified":"2023-04-26T14:41:59+00:00","breadcrumb":{"@id":"https:\/\/www.chirurgie-hn.de\/klinik\/aktuelles\/#breadcrumb"},"inLanguage":"de","potentialAction":[{"@type":"ReadAction","target":["https:\/\/www.chirurgie-hn.de\/klinik\/aktuelles\/"]}]},{"@type":"BreadcrumbList","@id":"https:\/\/www.chirurgie-hn.de\/klinik\/aktuelles\/#breadcrumb","itemListElement":[{"@type":"ListItem","position":1,"name":"Startseite","item":"https:\/\/www.chirurgie-hn.de\/klinik\/die-klinik\/"},{"@type":"ListItem","position":2,"name":"Aktuelles"}]},{"@type":"WebSite","@id":"https:\/\/www.chirurgie-hn.de\/klinik\/#website","url":"https:\/\/www.chirurgie-hn.de\/klinik\/","name":"Klinik am Rathenauplatz","description":"","potentialAction":[{"@type":"SearchAction","target":{"@type":"EntryPoint","urlTemplate":"https:\/\/www.chirurgie-hn.de\/klinik\/?s={search_term_string}"},"query-input":{"@type":"PropertyValueSpecification","valueRequired":true,"valueName":"search_term_string"}}],"inLanguage":"de"}]}},"_links":{"self":[{"href":"https:\/\/www.chirurgie-hn.de\/klinik\/wp-json\/wp\/v2\/pages\/22","targetHints":{"allow":["GET"]}}],"collection":[{"href":"https:\/\/www.chirurgie-hn.de\/klinik\/wp-json\/wp\/v2\/pages"}],"about":[{"href":"https:\/\/www.chirurgie-hn.de\/klinik\/wp-json\/wp\/v2\/types\/page"}],"author":[{"embeddable":true,"href":"https:\/\/www.chirurgie-hn.de\/klinik\/wp-json\/wp\/v2\/users\/1"}],"replies":[{"embeddable":true,"href":"https:\/\/www.chirurgie-hn.de\/klinik\/wp-json\/wp\/v2\/comments?post=22"}],"version-history":[{"count":22,"href":"https:\/\/www.chirurgie-hn.de\/klinik\/wp-json\/wp\/v2\/pages\/22\/revisions"}],"predecessor-version":[{"id":1172,"href":"https:\/\/www.chirurgie-hn.de\/klinik\/wp-json\/wp\/v2\/pages\/22\/revisions\/1172"}],"wp:attachment":[{"href":"https:\/\/www.chirurgie-hn.de\/klinik\/wp-json\/wp\/v2\/media?parent=22"}],"curies":[{"name":"wp","href":"https:\/\/api.w.org\/{rel}","templated":true}]}}