{"id":24,"date":"2016-11-15T13:19:42","date_gmt":"2016-11-15T12:19:42","guid":{"rendered":"http:\/\/www.chirurgie-hn.de\/klinik\/?page_id=24"},"modified":"2026-01-23T11:44:07","modified_gmt":"2026-01-23T10:44:07","slug":"kontakt","status":"publish","type":"page","link":"https:\/\/www.chirurgie-hn.de\/klinik\/kontakt\/","title":{"rendered":"Kontakt"},"content":{"rendered":"<div id='full_slider_1'  class='avia-fullwidth-slider main_color avia-shadow   avia-builder-el-0  el_before_av_heading  avia-builder-el-first   container_wrap fullsize'  ><div  class='avia-slideshow av-8w1bc-ea831737b45a544b785c2de76f178044 avia-slideshow-featured av_slideshow_full avia-slide-slider av-slideshow-ui av-control-default av-slideshow-manual av-loop-once av-loop-manual-endless av-default-height-applied   avia-slideshow-1' data-slideshow-options=\"{&quot;animation&quot;:&quot;slide&quot;,&quot;autoplay&quot;:false,&quot;loop_autoplay&quot;:&quot;once&quot;,&quot;interval&quot;:5,&quot;loop_manual&quot;:&quot;manual-endless&quot;,&quot;autoplay_stopper&quot;:false,&quot;noNavigation&quot;:false,&quot;bg_slider&quot;:false,&quot;keep_padding&quot;:false,&quot;hoverpause&quot;:false,&quot;show_slide_delay&quot;:0}\"  itemprop=\"image\" itemscope=\"itemscope\" itemtype=\"https:\/\/schema.org\/ImageObject\" ><ul class='avia-slideshow-inner ' style='padding-bottom: 26.666666666667%;'><li  class='avia-slideshow-slide av-8w1bc-ea831737b45a544b785c2de76f178044__0  av-single-slide slide-1 slide-odd'><div data-rel='slideshow-1' class='avia-slide-wrap '   ><img decoding=\"async\" fetchpriority=\"high\" class=\"wp-image-175 avia-img-lazy-loading-not-175\"  src=\"https:\/\/www.chirurgie-hn.de\/klinik\/wp-content\/uploads\/2016\/11\/kontakt-privatklinik-heilbronn-1500x400.jpg\" width=\"1500\" height=\"400\" title='Kontakt zu unseren \u00c4rzten' alt='Kontakt zu unseren \u00c4rzten'  itemprop=\"thumbnailUrl\" srcset=\"https:\/\/www.chirurgie-hn.de\/klinik\/wp-content\/uploads\/2016\/11\/kontakt-privatklinik-heilbronn.jpg 1500w, https:\/\/www.chirurgie-hn.de\/klinik\/wp-content\/uploads\/2016\/11\/kontakt-privatklinik-heilbronn-300x80.jpg 300w, https:\/\/www.chirurgie-hn.de\/klinik\/wp-content\/uploads\/2016\/11\/kontakt-privatklinik-heilbronn-768x205.jpg 768w, https:\/\/www.chirurgie-hn.de\/klinik\/wp-content\/uploads\/2016\/11\/kontakt-privatklinik-heilbronn-1030x275.jpg 1030w, https:\/\/www.chirurgie-hn.de\/klinik\/wp-content\/uploads\/2016\/11\/kontakt-privatklinik-heilbronn-705x188.jpg 705w, https:\/\/www.chirurgie-hn.de\/klinik\/wp-content\/uploads\/2016\/11\/kontakt-privatklinik-heilbronn-450x120.jpg 450w\" sizes=\"(max-width: 1500px) 100vw, 1500px\" \/><\/div><\/li><\/ul><\/div><\/div><div id='after_full_slider_1'  class='main_color av_default_container_wrap container_wrap fullsize'  ><div class='container av-section-cont-open' ><div class='template-page content  av-content-full alpha units'><div class='post-entry post-entry-type-page post-entry-24'><div class='entry-content-wrapper clearfix'>\n\n<style type=\"text\/css\" data-created_by=\"avia_inline_auto\" id=\"style-css-av-wedk-35018ff230f442b13e8ad21744bea575\">\n#top .av-special-heading.av-wedk-35018ff230f442b13e8ad21744bea575{\npadding-bottom:20px;\n}\nbody .av-special-heading.av-wedk-35018ff230f442b13e8ad21744bea575 .av-special-heading-tag .heading-char{\nfont-size:25px;\n}\n.av-special-heading.av-wedk-35018ff230f442b13e8ad21744bea575 .av-subheading{\nfont-size:15px;\n}\n<\/style>\n<div  class='av-special-heading av-wedk-35018ff230f442b13e8ad21744bea575 av-special-heading-h1  avia-builder-el-1  el_after_av_slideshow_full  el_before_av_one_half  avia-builder-el-first '><h1 class='av-special-heading-tag '  itemprop=\"headline\"  >Ihr Kontakt zu uns<\/h1><div class=\"special-heading-border\"><div class=\"special-heading-inner-border\"><\/div><\/div><\/div>\n\n<style type=\"text\/css\" data-created_by=\"avia_inline_auto\" id=\"style-css-av-6war4-8f804d2f87bf48bd693528631edff460\">\n.flex_column.av-6war4-8f804d2f87bf48bd693528631edff460{\nborder-radius:0px 0px 0px 0px;\npadding:0px 0px 0px 0px;\n}\n<\/style>\n<div  class='flex_column av-6war4-8f804d2f87bf48bd693528631edff460 av_one_half  avia-builder-el-2  el_after_av_heading  el_before_av_one_half  first flex_column_div av-zero-column-padding  '     ><p><section  class='av_textblock_section av-69v1c-6e12dbf462cea24499d9d7c7e3a3beba '   itemscope=\"itemscope\" itemtype=\"https:\/\/schema.org\/CreativeWork\" ><div class='avia_textblock'  itemprop=\"text\" ><p><strong>SLK-MVZ und SLK-Klinik am Rathenauplatz GmbH<\/strong><\/p>\n<p>Happelstra\u00dfe 8<br \/>\n74074 Heilbronn<\/p>\n<p>Tel 07131 9423-14<br \/>\nFax 07131 9423-94<\/p>\n<p>E-mail: <a href=\"mailto:info@chirurgie-hn.de\">info@chirurgie-hn.de<\/a><\/p>\n<\/div><\/section><br \/>\n\n<style type=\"text\/css\" data-created_by=\"avia_inline_auto\" id=\"style-css-av-5sepw-c711cc17cc42c6ae2d8c4b4a6a81e2cf\">\n#top .hr.av-5sepw-c711cc17cc42c6ae2d8c4b4a6a81e2cf{\nmargin-top:0;\nmargin-bottom:8px;\n}\n.hr.av-5sepw-c711cc17cc42c6ae2d8c4b4a6a81e2cf .hr-inner{\nwidth:50px;\n}\n<\/style>\n<div  class='hr av-5sepw-c711cc17cc42c6ae2d8c4b4a6a81e2cf hr-custom  avia-builder-el-4  el_after_av_textblock  el_before_av_textblock  hr-center hr-icon-no'><span class='hr-inner inner-border-av-border-none'><span class=\"hr-inner-style\"><\/span><\/span><\/div><br \/>\n<section  class='av_textblock_section av-iseo-0e460e05cce02f09e6aa1d4080b02d61 '   itemscope=\"itemscope\" itemtype=\"https:\/\/schema.org\/CreativeWork\" ><div class='avia_textblock'  itemprop=\"text\" ><p><strong>Besuchszeiten<\/strong><\/p>\n<p>T\u00e4glich:<br \/>\n15.oo Uhr &#8211; 17.oo Uhr<\/p>\n<\/div><\/section><\/p><\/div>\n<style type=\"text\/css\" data-created_by=\"avia_inline_auto\" id=\"style-css-av-4b1qc-89899a5b7697bffce0e9ac792ffb838e\">\n.flex_column.av-4b1qc-89899a5b7697bffce0e9ac792ffb838e{\nborder-radius:0px 0px 0px 0px;\npadding:0px 0px 0px 0px;\n}\n<\/style>\n<div  class='flex_column av-4b1qc-89899a5b7697bffce0e9ac792ffb838e av_one_half  avia-builder-el-6  el_after_av_one_half  avia-builder-el-last  flex_column_div av-zero-column-padding  '     ><form action=\"https:\/\/www.chirurgie-hn.de\/klinik\/kontakt\/\" method=\"post\" data-fields-with-error=\"Fehler wurden in folgenden Feld(ern) gefunden:\" class=\"avia_ajax_form av-form-labels-hidden   avia-builder-el-7  avia-builder-el-no-sibling   \" data-avia-form-id=\"1\" data-avia-redirect='' ><fieldset><p class='  first_form  form_element form_fullwidth' id='element_avia_1_1'><label for=\"avia_1_1\">Name<\/label> <input name=\"avia_1_1\" class=\"text_input \" type=\"text\" id=\"avia_1_1\" value=\"\"  placeholder='Name'\/><\/p><p class='  first_form  form_element form_fullwidth' id='element_avia_2_1'><label for=\"avia_2_1\">E-Mail <abbr class=\"required\" title=\"ben\u00f6tigt\">*<\/abbr><\/label> <input name=\"avia_2_1\" class=\"text_input is_email\" type=\"text\" id=\"avia_2_1\" value=\"\"  placeholder='E-Mail*'\/><\/p><p class='  first_form  form_element form_fullwidth' id='element_avia_3_1'><label for=\"avia_3_1\">Betreff<\/label> <input name=\"avia_3_1\" class=\"text_input \" type=\"text\" id=\"avia_3_1\" value=\"\"  placeholder='Betreff'\/><\/p><p class='  first_form  form_element form_fullwidth' id='element_avia_4_1'><label for=\"avia_4_1\" class=\"textare_label hidden textare_label_avia_4_1\">Nachricht<\/label><textarea  placeholder='Nachricht' name=\"avia_4_1\" class=\"text_area \" cols=\"40\" rows=\"7\" id=\"avia_4_1\" ><\/textarea><\/p><p class='  first_form  form_element form_fullwidth av-last-visible-form-element' id='element_avia_5_1'><input  name=\"avia_5_1\" class=\"input_checkbox is_empty\" type=\"checkbox\" id=\"avia_5_1\" value=\"true\"\/><label class=\"input_checkbox_label\" for=\"avia_5_1\"> Ich stimme zu, dass meine Angaben aus dem Kontaktformular zur Beantwortung meiner Anfrage erhoben und verarbeitet werden. Die Daten werden nach abgeschlossener Bearbeitung Ihrer Anfrage gel\u00f6scht. Hinweis: Sie k\u00f6nnen Ihre Einwilligung jederzeit f\u00fcr die Zukunft per E-Mail an <a title=\"E-Mail an uns\" href=\"mailto:info@chirurgie-hn.de\">info@chirurgie-hn.de<\/a> widerrufen. Detaillierte Informationen zum Umgang mit Nutzerdaten finden Sie in unserer <a title=\"Erfahren Sie mehr\" href=\"\/klinik\/datenschutz\/\" target=\"_blank\" rel=\"noopener\">Datenschutzerkl\u00e4rung. <\/a> <abbr class=\"required\" title=\"ben\u00f6tigt\">*<\/abbr><\/label><\/p><p class=\"hidden\"><input type=\"text\" name=\"avia_6_1\" class=\"hidden \" id=\"avia_6_1\" value=\"\" \/><\/p><p class=\"form_element \"><input type=\"hidden\" value=\"1\" name=\"avia_generated_form1\" \/><input type=\"submit\" value=\"Senden\" class=\"button\"  data-sending-label=\"Sende\"\/><\/p><\/fieldset><\/form><div id=\"ajaxresponse_1\" class=\"ajaxresponse ajaxresponse_1 hidden\"><\/div><\/div><\/p>\n","protected":false},"excerpt":{"rendered":"","protected":false},"author":1,"featured_media":0,"parent":0,"menu_order":0,"comment_status":"closed","ping_status":"closed","template":"","meta":{"footnotes":""},"class_list":["post-24","page","type-page","status-publish","hentry"],"yoast_head":"<!-- This site is optimized with the Yoast SEO plugin v25.3.1 - https:\/\/yoast.com\/wordpress\/plugins\/seo\/ -->\n<title>Kontakt - Klinik am Rathenauplatz<\/title>\n<meta name=\"robots\" content=\"index, follow, max-snippet:-1, max-image-preview:large, max-video-preview:-1\" \/>\n<link rel=\"canonical\" href=\"https:\/\/www.chirurgie-hn.de\/klinik\/kontakt\/\" \/>\n<meta property=\"og:locale\" content=\"de_DE\" \/>\n<meta property=\"og:type\" content=\"article\" \/>\n<meta property=\"og:title\" content=\"Kontakt - Klinik am Rathenauplatz\" \/>\n<meta property=\"og:url\" content=\"https:\/\/www.chirurgie-hn.de\/klinik\/kontakt\/\" \/>\n<meta property=\"og:site_name\" content=\"Klinik am Rathenauplatz\" \/>\n<meta property=\"article:modified_time\" content=\"2026-01-23T10:44:07+00:00\" \/>\n<meta name=\"twitter:card\" content=\"summary_large_image\" \/>\n<meta name=\"twitter:label1\" content=\"Gesch\u00e4tzte Lesezeit\" \/>\n\t<meta name=\"twitter:data1\" content=\"1\u00a0Minute\" \/>\n<script type=\"application\/ld+json\" class=\"yoast-schema-graph\">{\"@context\":\"https:\/\/schema.org\",\"@graph\":[{\"@type\":\"WebPage\",\"@id\":\"https:\/\/www.chirurgie-hn.de\/klinik\/kontakt\/\",\"url\":\"https:\/\/www.chirurgie-hn.de\/klinik\/kontakt\/\",\"name\":\"Kontakt - Klinik am Rathenauplatz\",\"isPartOf\":{\"@id\":\"https:\/\/www.chirurgie-hn.de\/klinik\/#website\"},\"datePublished\":\"2016-11-15T12:19:42+00:00\",\"dateModified\":\"2026-01-23T10:44:07+00:00\",\"breadcrumb\":{\"@id\":\"https:\/\/www.chirurgie-hn.de\/klinik\/kontakt\/#breadcrumb\"},\"inLanguage\":\"de\",\"potentialAction\":[{\"@type\":\"ReadAction\",\"target\":[\"https:\/\/www.chirurgie-hn.de\/klinik\/kontakt\/\"]}]},{\"@type\":\"BreadcrumbList\",\"@id\":\"https:\/\/www.chirurgie-hn.de\/klinik\/kontakt\/#breadcrumb\",\"itemListElement\":[{\"@type\":\"ListItem\",\"position\":1,\"name\":\"Startseite\",\"item\":\"https:\/\/www.chirurgie-hn.de\/klinik\/die-klinik\/\"},{\"@type\":\"ListItem\",\"position\":2,\"name\":\"Kontakt\"}]},{\"@type\":\"WebSite\",\"@id\":\"https:\/\/www.chirurgie-hn.de\/klinik\/#website\",\"url\":\"https:\/\/www.chirurgie-hn.de\/klinik\/\",\"name\":\"Klinik am Rathenauplatz\",\"description\":\"\",\"potentialAction\":[{\"@type\":\"SearchAction\",\"target\":{\"@type\":\"EntryPoint\",\"urlTemplate\":\"https:\/\/www.chirurgie-hn.de\/klinik\/?s={search_term_string}\"},\"query-input\":{\"@type\":\"PropertyValueSpecification\",\"valueRequired\":true,\"valueName\":\"search_term_string\"}}],\"inLanguage\":\"de\"}]}<\/script>\n<!-- \/ Yoast SEO plugin. -->","yoast_head_json":{"title":"Kontakt - Klinik am Rathenauplatz","robots":{"index":"index","follow":"follow","max-snippet":"max-snippet:-1","max-image-preview":"max-image-preview:large","max-video-preview":"max-video-preview:-1"},"canonical":"https:\/\/www.chirurgie-hn.de\/klinik\/kontakt\/","og_locale":"de_DE","og_type":"article","og_title":"Kontakt - Klinik am Rathenauplatz","og_url":"https:\/\/www.chirurgie-hn.de\/klinik\/kontakt\/","og_site_name":"Klinik am Rathenauplatz","article_modified_time":"2026-01-23T10:44:07+00:00","twitter_card":"summary_large_image","twitter_misc":{"Gesch\u00e4tzte Lesezeit":"1\u00a0Minute"},"schema":{"@context":"https:\/\/schema.org","@graph":[{"@type":"WebPage","@id":"https:\/\/www.chirurgie-hn.de\/klinik\/kontakt\/","url":"https:\/\/www.chirurgie-hn.de\/klinik\/kontakt\/","name":"Kontakt - Klinik am Rathenauplatz","isPartOf":{"@id":"https:\/\/www.chirurgie-hn.de\/klinik\/#website"},"datePublished":"2016-11-15T12:19:42+00:00","dateModified":"2026-01-23T10:44:07+00:00","breadcrumb":{"@id":"https:\/\/www.chirurgie-hn.de\/klinik\/kontakt\/#breadcrumb"},"inLanguage":"de","potentialAction":[{"@type":"ReadAction","target":["https:\/\/www.chirurgie-hn.de\/klinik\/kontakt\/"]}]},{"@type":"BreadcrumbList","@id":"https:\/\/www.chirurgie-hn.de\/klinik\/kontakt\/#breadcrumb","itemListElement":[{"@type":"ListItem","position":1,"name":"Startseite","item":"https:\/\/www.chirurgie-hn.de\/klinik\/die-klinik\/"},{"@type":"ListItem","position":2,"name":"Kontakt"}]},{"@type":"WebSite","@id":"https:\/\/www.chirurgie-hn.de\/klinik\/#website","url":"https:\/\/www.chirurgie-hn.de\/klinik\/","name":"Klinik am Rathenauplatz","description":"","potentialAction":[{"@type":"SearchAction","target":{"@type":"EntryPoint","urlTemplate":"https:\/\/www.chirurgie-hn.de\/klinik\/?s={search_term_string}"},"query-input":{"@type":"PropertyValueSpecification","valueRequired":true,"valueName":"search_term_string"}}],"inLanguage":"de"}]}},"_links":{"self":[{"href":"https:\/\/www.chirurgie-hn.de\/klinik\/wp-json\/wp\/v2\/pages\/24","targetHints":{"allow":["GET"]}}],"collection":[{"href":"https:\/\/www.chirurgie-hn.de\/klinik\/wp-json\/wp\/v2\/pages"}],"about":[{"href":"https:\/\/www.chirurgie-hn.de\/klinik\/wp-json\/wp\/v2\/types\/page"}],"author":[{"embeddable":true,"href":"https:\/\/www.chirurgie-hn.de\/klinik\/wp-json\/wp\/v2\/users\/1"}],"replies":[{"embeddable":true,"href":"https:\/\/www.chirurgie-hn.de\/klinik\/wp-json\/wp\/v2\/comments?post=24"}],"version-history":[{"count":36,"href":"https:\/\/www.chirurgie-hn.de\/klinik\/wp-json\/wp\/v2\/pages\/24\/revisions"}],"predecessor-version":[{"id":1182,"href":"https:\/\/www.chirurgie-hn.de\/klinik\/wp-json\/wp\/v2\/pages\/24\/revisions\/1182"}],"wp:attachment":[{"href":"https:\/\/www.chirurgie-hn.de\/klinik\/wp-json\/wp\/v2\/media?parent=24"}],"curies":[{"name":"wp","href":"https:\/\/api.w.org\/{rel}","templated":true}]}}