{"id":368,"date":"2017-06-07T10:38:22","date_gmt":"2017-06-07T08:38:22","guid":{"rendered":"http:\/\/www.chirurgie-hn.de\/klinik\/?page_id=368"},"modified":"2017-07-24T09:26:15","modified_gmt":"2017-07-24T07:26:15","slug":"gefaesschirurgie","status":"publish","type":"page","link":"https:\/\/www.chirurgie-hn.de\/klinik\/schwerpunkte\/gefaesschirurgie\/","title":{"rendered":"Gef\u00e4\u00dfchirurgie"},"content":{"rendered":"<div id='full_slider_1'  class='avia-fullwidth-slider main_color avia-shadow   avia-builder-el-0  el_before_av_section  avia-builder-el-first   container_wrap fullsize'  ><div  class='avia-slideshow av-av_slideshow_full-4f3ef5c0d0c5e5a45e27d5f99336c2be avia-slideshow-featured av_slideshow_full avia-slide-slider av-slideshow-ui av-control-default av-slideshow-manual av-loop-once av-loop-manual-endless av-default-height-applied   avia-slideshow-1' data-slideshow-options=\"{&quot;animation&quot;:&quot;slide&quot;,&quot;autoplay&quot;:false,&quot;loop_autoplay&quot;:&quot;once&quot;,&quot;interval&quot;:5,&quot;loop_manual&quot;:&quot;manual-endless&quot;,&quot;autoplay_stopper&quot;:false,&quot;noNavigation&quot;:false,&quot;bg_slider&quot;:false,&quot;keep_padding&quot;:false,&quot;hoverpause&quot;:false,&quot;show_slide_delay&quot;:0}\"  itemprop=\"image\" itemscope=\"itemscope\" itemtype=\"https:\/\/schema.org\/ImageObject\" ><ul class='avia-slideshow-inner ' style='padding-bottom: 26.666666666667%;'><li  class='avia-slideshow-slide av-av_slideshow_full-4f3ef5c0d0c5e5a45e27d5f99336c2be__0  av-single-slide slide-1 slide-odd'><div data-rel='slideshow-1' class='avia-slide-wrap '   ><img decoding=\"async\" fetchpriority=\"high\" class=\"wp-image-228 avia-img-lazy-loading-not-228\"  src=\"https:\/\/www.chirurgie-hn.de\/klinik\/wp-content\/uploads\/2016\/11\/klinikleitfaden-heilbronn-neu-1500x400.jpg\" width=\"1500\" height=\"400\" title='Unser Klinikleitfaden' alt='Unser Klinikleitfaden'  itemprop=\"thumbnailUrl\" srcset=\"https:\/\/www.chirurgie-hn.de\/klinik\/wp-content\/uploads\/2016\/11\/klinikleitfaden-heilbronn-neu.jpg 1500w, https:\/\/www.chirurgie-hn.de\/klinik\/wp-content\/uploads\/2016\/11\/klinikleitfaden-heilbronn-neu-300x80.jpg 300w, https:\/\/www.chirurgie-hn.de\/klinik\/wp-content\/uploads\/2016\/11\/klinikleitfaden-heilbronn-neu-768x205.jpg 768w, https:\/\/www.chirurgie-hn.de\/klinik\/wp-content\/uploads\/2016\/11\/klinikleitfaden-heilbronn-neu-1030x275.jpg 1030w, https:\/\/www.chirurgie-hn.de\/klinik\/wp-content\/uploads\/2016\/11\/klinikleitfaden-heilbronn-neu-705x188.jpg 705w, https:\/\/www.chirurgie-hn.de\/klinik\/wp-content\/uploads\/2016\/11\/klinikleitfaden-heilbronn-neu-450x120.jpg 450w\" sizes=\"(max-width: 1500px) 100vw, 1500px\" \/><\/div><\/li><\/ul><\/div><\/div>\n<div id='av_section_1'  class='avia-section av-av_section-1c6c2555841528b1825f9cc1964bd443 main_color avia-section-large avia-no-border-styling  avia-builder-el-1  el_after_av_slideshow_full  avia-builder-el-last  avia-bg-style-scroll container_wrap fullsize'  ><div class='container av-section-cont-open' ><div class='template-page content  av-content-full alpha units'><div class='post-entry post-entry-type-page post-entry-368'><div class='entry-content-wrapper clearfix'>\n\n<style type=\"text\/css\" data-created_by=\"avia_inline_auto\" id=\"style-css-av-av_heading-3b63a04fd7efbb6a4a8be83841df8aa6\">\n#top .av-special-heading.av-av_heading-3b63a04fd7efbb6a4a8be83841df8aa6{\npadding-bottom:10px;\n}\nbody .av-special-heading.av-av_heading-3b63a04fd7efbb6a4a8be83841df8aa6 .av-special-heading-tag .heading-char{\nfont-size:25px;\n}\n.av-special-heading.av-av_heading-3b63a04fd7efbb6a4a8be83841df8aa6 .av-subheading{\nfont-size:15px;\n}\n<\/style>\n<div  class='av-special-heading av-av_heading-3b63a04fd7efbb6a4a8be83841df8aa6 av-special-heading-h1  avia-builder-el-2  el_before_av_one_half  avia-builder-el-first '><h1 class='av-special-heading-tag '  itemprop=\"headline\"  >Gef\u00e4\u00dfchirurgie<\/h1><div class=\"special-heading-border\"><div class=\"special-heading-inner-border\"><\/div><\/div><\/div>\n\n<style type=\"text\/css\" data-created_by=\"avia_inline_auto\" id=\"style-css-av-av_one_half-6126cab7d8fab8d08143dd2dacdf673c\">\n.flex_column.av-av_one_half-6126cab7d8fab8d08143dd2dacdf673c{\nborder-radius:0px 0px 0px 0px;\npadding:0px 0px 0px 0px;\n}\n<\/style>\n<div  class='flex_column av-av_one_half-6126cab7d8fab8d08143dd2dacdf673c av_one_half  avia-builder-el-3  el_after_av_heading  el_before_av_one_half  first flex_column_div av-zero-column-padding  '     ><section  class='av_textblock_section av-av_textblock-0366cc7376be6c9e82a3e9cc8987b64f '   itemscope=\"itemscope\" itemtype=\"https:\/\/schema.org\/CreativeWork\" ><div class='avia_textblock'  itemprop=\"text\" ><p>Mit unserem Schwerpunkt Gef\u00e4\u00dfchirurgie untersuchen und behandeln wir Erkrankungen der Arterien, Venen und Lymphgef\u00e4\u00dfe. Hierf\u00fcr stehen uns modernste Untersuchungstechniken wie Farbduplexsonographie zur Verf\u00fcgung.<\/p>\n<p>Wir sind sehr erfahren in der Diagnostik und Therapie von ven\u00f6sen und arteriellen Thrombosen, pavk (\u201eSchaufensterkrankheit\u201c), Erkrankungen der Halsschlagader (\u201eCarotis\u201c) und unklaren, schlecht heilenden Wunden im Bereich der Beine (Ulcus cruris).<\/p>\n<\/div><\/section><\/div>\n<style type=\"text\/css\" data-created_by=\"avia_inline_auto\" id=\"style-css-av-av_one_half-0aa7055fe62c3622faec82866afbaeb2\">\n.flex_column.av-av_one_half-0aa7055fe62c3622faec82866afbaeb2{\nborder-radius:0px 0px 0px 0px;\npadding:0px 0px 0px 0px;\n}\n<\/style>\n<div  class='flex_column av-av_one_half-0aa7055fe62c3622faec82866afbaeb2 av_one_half  avia-builder-el-5  el_after_av_one_half  el_before_av_hr  flex_column_div av-zero-column-padding  '     ><section  class='av_textblock_section av-av_textblock-0366cc7376be6c9e82a3e9cc8987b64f '   itemscope=\"itemscope\" itemtype=\"https:\/\/schema.org\/CreativeWork\" ><div class='avia_textblock'  itemprop=\"text\" ><p>Besonderer operativer Schwerpunkt \u00a0unserer Praxis und Klinik liegt in der\u00a0 Behandlung von varik\u00f6sen Erkrankungen des Venensystems (Krampfadern, Varikosis). \u00a0Moderne \u00a0endovaskul\u00e4re Behandlungsverfahren mit Radiallaser und Schaumsklerosierung sind uns ebenso vertraut wie herk\u00f6mmliche Operationsverfahren (\u201eVenenstripping\u201c).<\/p>\n<p>Auch die Implantation von ven\u00f6sen Portsystemen bildet einen\u00a0 Schwerpunkt unserer T\u00e4tigkeit.<\/p>\n<p>Bitte vereinbaren Sie einen Termin in unserer \u201eGef\u00e4\u00df-\/Ultraschallsprechstunde\u201c<\/p>\n<\/div><\/section><\/div>\n<style type=\"text\/css\" data-created_by=\"avia_inline_auto\" id=\"style-css-av-av_hr-1768bd9a2d174a57898c2274fd43429a\">\n#top .hr.av-av_hr-1768bd9a2d174a57898c2274fd43429a{\nmargin-top:10px;\nmargin-bottom:30px;\n}\n.hr.av-av_hr-1768bd9a2d174a57898c2274fd43429a .hr-inner{\nwidth:50px;\n}\n<\/style>\n<div  class='hr av-av_hr-1768bd9a2d174a57898c2274fd43429a hr-custom  avia-builder-el-7  el_after_av_one_half  el_before_av_toggle_container  hr-center hr-icon-no'><span class='hr-inner inner-border-av-border-none'><span class=\"hr-inner-style\"><\/span><\/span><\/div>\n<div  class='togglecontainer av-av_toggle_container-8e0c6e39d39b619a829887bd54fff3ed  avia-builder-el-8  el_after_av_hr  avia-builder-el-last  toggle_close_all' >\n<section class='av_toggle_section av-av_toggle-506981e5157174b800fb1527d6f7e3ad'  itemscope=\"itemscope\" itemtype=\"https:\/\/schema.org\/CreativeWork\" ><div role=\"tablist\" class=\"single_toggle\" data-tags=\"{Alle} \"  ><p id='toggle-toggle-id-1' data-fake-id='#toggle-id-1' class='toggler  av-title-above '  itemprop=\"headline\"  role='tab' tabindex='0' aria-controls='toggle-id-1' data-slide-speed=\"200\" data-title=\"Varikosis (Krampfadern)\" data-title-open=\"\" data-aria_collapsed=\"Click to expand: Varikosis (Krampfadern)\" data-aria_expanded=\"Click to collapse: Varikosis (Krampfadern)\">Varikosis (Krampfadern)<span class=\"toggle_icon\"><span class=\"vert_icon\"><\/span><span class=\"hor_icon\"><\/span><\/span><\/p><div id='toggle-id-1' aria-labelledby='toggle-toggle-id-1' role='region' class='toggle_wrap  av-title-above'  ><div class='toggle_content invers-color '  itemprop=\"text\" ><\/div><\/div><\/div><\/section>\n<section class='av_toggle_section av-av_toggle-a654825ce89b034e64246e0c3ecdeef6'  itemscope=\"itemscope\" itemtype=\"https:\/\/schema.org\/CreativeWork\" ><div role=\"tablist\" class=\"single_toggle\" data-tags=\"{Alle} \"  ><p id='toggle-toggle-id-2' data-fake-id='#toggle-id-2' class='toggler  av-title-above '  itemprop=\"headline\"  role='tab' tabindex='0' aria-controls='toggle-id-2' data-slide-speed=\"200\" data-title=\"Ven\u00f6ses Portsystem (\u201ePortanlage\u201c)\" data-title-open=\"\" data-aria_collapsed=\"Click to expand: Ven\u00f6ses Portsystem (\u201ePortanlage\u201c)\" data-aria_expanded=\"Click to collapse: Ven\u00f6ses Portsystem (\u201ePortanlage\u201c)\">Ven\u00f6ses Portsystem (\u201ePortanlage\u201c)<span class=\"toggle_icon\"><span class=\"vert_icon\"><\/span><span class=\"hor_icon\"><\/span><\/span><\/p><div id='toggle-id-2' aria-labelledby='toggle-toggle-id-2' role='region' class='toggle_wrap  av-title-above'  ><div class='toggle_content invers-color '  itemprop=\"text\" ><\/div><\/div><\/div><\/section>\n<section class='av_toggle_section av-av_toggle-a5f9ffcf23b49a6851b7f096566fa9d4'  itemscope=\"itemscope\" itemtype=\"https:\/\/schema.org\/CreativeWork\" ><div role=\"tablist\" class=\"single_toggle\" data-tags=\"{Alle} \"  ><p id='toggle-toggle-id-3' data-fake-id='#toggle-id-3' class='toggler  av-title-above '  itemprop=\"headline\"  role='tab' tabindex='0' aria-controls='toggle-id-3' data-slide-speed=\"200\" data-title=\"Tiefe Venenthrombose, TVT (ven\u00f6se \u201eThrombose\u201c)\" data-title-open=\"\" data-aria_collapsed=\"Click to expand: Tiefe Venenthrombose, TVT (ven\u00f6se \u201eThrombose\u201c)\" data-aria_expanded=\"Click to collapse: Tiefe Venenthrombose, TVT (ven\u00f6se \u201eThrombose\u201c)\">Tiefe Venenthrombose, TVT (ven\u00f6se \u201eThrombose\u201c)<span class=\"toggle_icon\"><span class=\"vert_icon\"><\/span><span class=\"hor_icon\"><\/span><\/span><\/p><div id='toggle-id-3' aria-labelledby='toggle-toggle-id-3' role='region' class='toggle_wrap  av-title-above'  ><div class='toggle_content invers-color '  itemprop=\"text\" ><\/div><\/div><\/div><\/section>\n<section class='av_toggle_section av-av_toggle-801f158c84705538614b6ed35bf0134e'  itemscope=\"itemscope\" itemtype=\"https:\/\/schema.org\/CreativeWork\" ><div role=\"tablist\" class=\"single_toggle\" data-tags=\"{Alle} \"  ><p id='toggle-toggle-id-4' data-fake-id='#toggle-id-4' class='toggler  av-title-above '  itemprop=\"headline\"  role='tab' tabindex='0' aria-controls='toggle-id-4' data-slide-speed=\"200\" data-title=\"Oberfl\u00e4chliche Venenthrombose, OVT (\u201eThrombophlebitis\u201c, \u201eVenenentz\u00fcndung\u201c)\" data-title-open=\"\" data-aria_collapsed=\"Click to expand: Oberfl\u00e4chliche Venenthrombose, OVT (\u201eThrombophlebitis\u201c, \u201eVenenentz\u00fcndung\u201c)\" data-aria_expanded=\"Click to collapse: Oberfl\u00e4chliche Venenthrombose, OVT (\u201eThrombophlebitis\u201c, \u201eVenenentz\u00fcndung\u201c)\">Oberfl\u00e4chliche Venenthrombose, OVT (\u201eThrombophlebitis\u201c, \u201eVenenentz\u00fcndung\u201c)<span class=\"toggle_icon\"><span class=\"vert_icon\"><\/span><span class=\"hor_icon\"><\/span><\/span><\/p><div id='toggle-id-4' aria-labelledby='toggle-toggle-id-4' role='region' class='toggle_wrap  av-title-above'  ><div class='toggle_content invers-color '  itemprop=\"text\" ><\/div><\/div><\/div><\/section>\n<section class='av_toggle_section av-av_toggle-54e9685e65e1a3d6abbb2b0313d8ae30'  itemscope=\"itemscope\" itemtype=\"https:\/\/schema.org\/CreativeWork\" ><div role=\"tablist\" class=\"single_toggle\" data-tags=\"{Alle} \"  ><p id='toggle-toggle-id-5' data-fake-id='#toggle-id-5' class='toggler  av-title-above '  itemprop=\"headline\"  role='tab' tabindex='0' aria-controls='toggle-id-5' data-slide-speed=\"200\" data-title=\"Periphere Arterielle VerschlussKrankheit (pAVK, \u201eSchaufensterkrankheit\u201c)\" data-title-open=\"\" data-aria_collapsed=\"Click to expand: Periphere Arterielle VerschlussKrankheit (pAVK, \u201eSchaufensterkrankheit\u201c)\" data-aria_expanded=\"Click to collapse: Periphere Arterielle VerschlussKrankheit (pAVK, \u201eSchaufensterkrankheit\u201c)\">Periphere Arterielle VerschlussKrankheit (pAVK, \u201eSchaufensterkrankheit\u201c)<span class=\"toggle_icon\"><span class=\"vert_icon\"><\/span><span class=\"hor_icon\"><\/span><\/span><\/p><div id='toggle-id-5' aria-labelledby='toggle-toggle-id-5' role='region' class='toggle_wrap  av-title-above'  ><div class='toggle_content invers-color '  itemprop=\"text\" ><\/div><\/div><\/div><\/section>\n<section class='av_toggle_section av-av_toggle-6c4a80fc777689439ed2ddb70e478a30'  itemscope=\"itemscope\" itemtype=\"https:\/\/schema.org\/CreativeWork\" ><div role=\"tablist\" class=\"single_toggle\" data-tags=\"{Alle} \"  ><p id='toggle-toggle-id-6' data-fake-id='#toggle-id-6' class='toggler  av-title-above '  itemprop=\"headline\"  role='tab' tabindex='0' aria-controls='toggle-id-6' data-slide-speed=\"200\" data-title=\"Erkrankungen der Halsschlagader (Arteria carotis)\" data-title-open=\"\" data-aria_collapsed=\"Click to expand: Erkrankungen der Halsschlagader (Arteria carotis)\" data-aria_expanded=\"Click to collapse: Erkrankungen der Halsschlagader (Arteria carotis)\">Erkrankungen der Halsschlagader (Arteria carotis)<span class=\"toggle_icon\"><span class=\"vert_icon\"><\/span><span class=\"hor_icon\"><\/span><\/span><\/p><div id='toggle-id-6' aria-labelledby='toggle-toggle-id-6' role='region' class='toggle_wrap  av-title-above'  ><div class='toggle_content invers-color '  itemprop=\"text\" ><\/div><\/div><\/div><\/section>\n<section class='av_toggle_section av-av_toggle-4c70a4e517400049e167e259793563e2'  itemscope=\"itemscope\" itemtype=\"https:\/\/schema.org\/CreativeWork\" ><div role=\"tablist\" class=\"single_toggle\" data-tags=\"{Alle} \"  ><p id='toggle-toggle-id-7' data-fake-id='#toggle-id-7' class='toggler  av-title-above '  itemprop=\"headline\"  role='tab' tabindex='0' aria-controls='toggle-id-7' data-slide-speed=\"200\" data-title=\"Ulcus cruris (\u201eoffene Beine\u201c)\" data-title-open=\"\" data-aria_collapsed=\"Click to expand: Ulcus cruris (\u201eoffene Beine\u201c)\" data-aria_expanded=\"Click to collapse: Ulcus cruris (\u201eoffene Beine\u201c)\">Ulcus cruris (\u201eoffene Beine\u201c)<span class=\"toggle_icon\"><span class=\"vert_icon\"><\/span><span class=\"hor_icon\"><\/span><\/span><\/p><div id='toggle-id-7' aria-labelledby='toggle-toggle-id-7' role='region' class='toggle_wrap  av-title-above'  ><div class='toggle_content invers-color '  itemprop=\"text\" ><\/div><\/div><\/div><\/section>\n<\/div>\n\n","protected":false},"excerpt":{"rendered":"","protected":false},"author":1,"featured_media":0,"parent":240,"menu_order":0,"comment_status":"closed","ping_status":"closed","template":"","meta":{"footnotes":""},"class_list":["post-368","page","type-page","status-publish","hentry"],"yoast_head":"<!-- This site is optimized with the Yoast SEO plugin v25.3.1 - https:\/\/yoast.com\/wordpress\/plugins\/seo\/ -->\n<title>Gef\u00e4\u00dfchirurgie - Klinik am Rathenauplatz<\/title>\n<meta name=\"robots\" content=\"index, follow, max-snippet:-1, max-image-preview:large, max-video-preview:-1\" \/>\n<link rel=\"canonical\" href=\"https:\/\/www.chirurgie-hn.de\/klinik\/schwerpunkte\/gefaesschirurgie\/\" \/>\n<meta property=\"og:locale\" content=\"de_DE\" \/>\n<meta property=\"og:type\" content=\"article\" \/>\n<meta property=\"og:title\" content=\"Gef\u00e4\u00dfchirurgie - Klinik am Rathenauplatz\" \/>\n<meta property=\"og:url\" content=\"https:\/\/www.chirurgie-hn.de\/klinik\/schwerpunkte\/gefaesschirurgie\/\" \/>\n<meta property=\"og:site_name\" content=\"Klinik am Rathenauplatz\" \/>\n<meta property=\"article:modified_time\" content=\"2017-07-24T07:26:15+00:00\" \/>\n<meta name=\"twitter:card\" content=\"summary_large_image\" \/>\n<meta name=\"twitter:label1\" content=\"Gesch\u00e4tzte Lesezeit\" \/>\n\t<meta name=\"twitter:data1\" content=\"3\u00a0Minuten\" \/>\n<script type=\"application\/ld+json\" class=\"yoast-schema-graph\">{\"@context\":\"https:\/\/schema.org\",\"@graph\":[{\"@type\":\"WebPage\",\"@id\":\"https:\/\/www.chirurgie-hn.de\/klinik\/schwerpunkte\/gefaesschirurgie\/\",\"url\":\"https:\/\/www.chirurgie-hn.de\/klinik\/schwerpunkte\/gefaesschirurgie\/\",\"name\":\"Gef\u00e4\u00dfchirurgie - Klinik am Rathenauplatz\",\"isPartOf\":{\"@id\":\"https:\/\/www.chirurgie-hn.de\/klinik\/#website\"},\"datePublished\":\"2017-06-07T08:38:22+00:00\",\"dateModified\":\"2017-07-24T07:26:15+00:00\",\"breadcrumb\":{\"@id\":\"https:\/\/www.chirurgie-hn.de\/klinik\/schwerpunkte\/gefaesschirurgie\/#breadcrumb\"},\"inLanguage\":\"de\",\"potentialAction\":[{\"@type\":\"ReadAction\",\"target\":[\"https:\/\/www.chirurgie-hn.de\/klinik\/schwerpunkte\/gefaesschirurgie\/\"]}]},{\"@type\":\"BreadcrumbList\",\"@id\":\"https:\/\/www.chirurgie-hn.de\/klinik\/schwerpunkte\/gefaesschirurgie\/#breadcrumb\",\"itemListElement\":[{\"@type\":\"ListItem\",\"position\":1,\"name\":\"Startseite\",\"item\":\"https:\/\/www.chirurgie-hn.de\/klinik\/die-klinik\/\"},{\"@type\":\"ListItem\",\"position\":2,\"name\":\"Schwerpunkte\",\"item\":\"https:\/\/www.chirurgie-hn.de\/klinik\/schwerpunkte\/\"},{\"@type\":\"ListItem\",\"position\":3,\"name\":\"Gef\u00e4\u00dfchirurgie\"}]},{\"@type\":\"WebSite\",\"@id\":\"https:\/\/www.chirurgie-hn.de\/klinik\/#website\",\"url\":\"https:\/\/www.chirurgie-hn.de\/klinik\/\",\"name\":\"Klinik am Rathenauplatz\",\"description\":\"\",\"potentialAction\":[{\"@type\":\"SearchAction\",\"target\":{\"@type\":\"EntryPoint\",\"urlTemplate\":\"https:\/\/www.chirurgie-hn.de\/klinik\/?s={search_term_string}\"},\"query-input\":{\"@type\":\"PropertyValueSpecification\",\"valueRequired\":true,\"valueName\":\"search_term_string\"}}],\"inLanguage\":\"de\"}]}<\/script>\n<!-- \/ Yoast SEO plugin. -->","yoast_head_json":{"title":"Gef\u00e4\u00dfchirurgie - Klinik am Rathenauplatz","robots":{"index":"index","follow":"follow","max-snippet":"max-snippet:-1","max-image-preview":"max-image-preview:large","max-video-preview":"max-video-preview:-1"},"canonical":"https:\/\/www.chirurgie-hn.de\/klinik\/schwerpunkte\/gefaesschirurgie\/","og_locale":"de_DE","og_type":"article","og_title":"Gef\u00e4\u00dfchirurgie - Klinik am Rathenauplatz","og_url":"https:\/\/www.chirurgie-hn.de\/klinik\/schwerpunkte\/gefaesschirurgie\/","og_site_name":"Klinik am Rathenauplatz","article_modified_time":"2017-07-24T07:26:15+00:00","twitter_card":"summary_large_image","twitter_misc":{"Gesch\u00e4tzte Lesezeit":"3\u00a0Minuten"},"schema":{"@context":"https:\/\/schema.org","@graph":[{"@type":"WebPage","@id":"https:\/\/www.chirurgie-hn.de\/klinik\/schwerpunkte\/gefaesschirurgie\/","url":"https:\/\/www.chirurgie-hn.de\/klinik\/schwerpunkte\/gefaesschirurgie\/","name":"Gef\u00e4\u00dfchirurgie - Klinik am Rathenauplatz","isPartOf":{"@id":"https:\/\/www.chirurgie-hn.de\/klinik\/#website"},"datePublished":"2017-06-07T08:38:22+00:00","dateModified":"2017-07-24T07:26:15+00:00","breadcrumb":{"@id":"https:\/\/www.chirurgie-hn.de\/klinik\/schwerpunkte\/gefaesschirurgie\/#breadcrumb"},"inLanguage":"de","potentialAction":[{"@type":"ReadAction","target":["https:\/\/www.chirurgie-hn.de\/klinik\/schwerpunkte\/gefaesschirurgie\/"]}]},{"@type":"BreadcrumbList","@id":"https:\/\/www.chirurgie-hn.de\/klinik\/schwerpunkte\/gefaesschirurgie\/#breadcrumb","itemListElement":[{"@type":"ListItem","position":1,"name":"Startseite","item":"https:\/\/www.chirurgie-hn.de\/klinik\/die-klinik\/"},{"@type":"ListItem","position":2,"name":"Schwerpunkte","item":"https:\/\/www.chirurgie-hn.de\/klinik\/schwerpunkte\/"},{"@type":"ListItem","position":3,"name":"Gef\u00e4\u00dfchirurgie"}]},{"@type":"WebSite","@id":"https:\/\/www.chirurgie-hn.de\/klinik\/#website","url":"https:\/\/www.chirurgie-hn.de\/klinik\/","name":"Klinik am Rathenauplatz","description":"","potentialAction":[{"@type":"SearchAction","target":{"@type":"EntryPoint","urlTemplate":"https:\/\/www.chirurgie-hn.de\/klinik\/?s={search_term_string}"},"query-input":{"@type":"PropertyValueSpecification","valueRequired":true,"valueName":"search_term_string"}}],"inLanguage":"de"}]}},"_links":{"self":[{"href":"https:\/\/www.chirurgie-hn.de\/klinik\/wp-json\/wp\/v2\/pages\/368","targetHints":{"allow":["GET"]}}],"collection":[{"href":"https:\/\/www.chirurgie-hn.de\/klinik\/wp-json\/wp\/v2\/pages"}],"about":[{"href":"https:\/\/www.chirurgie-hn.de\/klinik\/wp-json\/wp\/v2\/types\/page"}],"author":[{"embeddable":true,"href":"https:\/\/www.chirurgie-hn.de\/klinik\/wp-json\/wp\/v2\/users\/1"}],"replies":[{"embeddable":true,"href":"https:\/\/www.chirurgie-hn.de\/klinik\/wp-json\/wp\/v2\/comments?post=368"}],"version-history":[{"count":5,"href":"https:\/\/www.chirurgie-hn.de\/klinik\/wp-json\/wp\/v2\/pages\/368\/revisions"}],"predecessor-version":[{"id":1151,"href":"https:\/\/www.chirurgie-hn.de\/klinik\/wp-json\/wp\/v2\/pages\/368\/revisions\/1151"}],"up":[{"embeddable":true,"href":"https:\/\/www.chirurgie-hn.de\/klinik\/wp-json\/wp\/v2\/pages\/240"}],"wp:attachment":[{"href":"https:\/\/www.chirurgie-hn.de\/klinik\/wp-json\/wp\/v2\/media?parent=368"}],"curies":[{"name":"wp","href":"https:\/\/api.w.org\/{rel}","templated":true}]}}