{"id":1171,"date":"2022-05-23T14:39:02","date_gmt":"2022-05-23T12:39:02","guid":{"rendered":"https:\/\/www.chirurgie-hn.de\/praxis\/?page_id=1171"},"modified":"2025-03-18T18:37:10","modified_gmt":"2025-03-18T17:37:10","slug":"aktuelles","status":"publish","type":"page","link":"https:\/\/www.chirurgie-hn.de\/praxis\/aktuelles\/","title":{"rendered":"Aktuelles"},"content":{"rendered":"<h1>Medizinische Fachangestellte (m\/w\/d) in Vollzeit gesucht<\/h1>\n<p>Wir sind ein hochqualifiziertes Chirurgenteam und behandeln unsere Patientinnen und Patienten auf den Gebieten der Allgemeinchirurgie, der Orthop\u00e4die und der Gef\u00e4\u00dfchirurgie. Wir suchen ab sofort in Vollzeit eine Medizinische Fachangestellte (m\/w\/d)<\/p>\n<p><a href=\"https:\/\/www.chirurgie-hn.de\/praxis\/wp-content\/uploads\/2025\/03\/Stellenanzeige-MFA-032025.pdf\">Download Stellenbeschreibung (PDF)<\/a><\/p>\n<p>&nbsp;<\/p>\n","protected":false},"excerpt":{"rendered":"<p>Medizinische Fachangestellte (m\/w\/d) in Vollzeit gesucht Wir sind ein hochqualifiziertes Chirurgenteam und behandeln unsere Patientinnen und Patienten auf den Gebieten der Allgemeinchirurgie, der Orthop\u00e4die und der Gef\u00e4\u00dfchirurgie. Wir suchen ab sofort in Vollzeit eine Medizinische Fachangestellte (m\/w\/d) Download Stellenbeschreibung (PDF) &nbsp;<\/p>\n","protected":false},"author":2,"featured_media":1231,"parent":0,"menu_order":0,"comment_status":"closed","ping_status":"closed","template":"","meta":[],"yoast_head":"<!-- This site is optimized with the Yoast SEO plugin v20.0 - https:\/\/yoast.com\/wordpress\/plugins\/seo\/ -->\n<title>Aktuelles der Chirurgie in Heilbronn - Ihre Privatklinik f\u00fcr Chirurgie<\/title>\n<meta name=\"description\" content=\"Bleiben Sie immer auf dem neusten Stand und entdecken Sie die aktuellen News und Informationen zur Chirurgie in Heilbronn.\" \/>\n<meta name=\"robots\" content=\"index, follow, max-snippet:-1, max-image-preview:large, max-video-preview:-1\" \/>\n<link rel=\"canonical\" href=\"https:\/\/www.chirurgie-hn.de\/praxis\/aktuelles\/\" \/>\n<meta property=\"og:locale\" content=\"de_DE\" \/>\n<meta property=\"og:type\" content=\"article\" \/>\n<meta property=\"og:title\" content=\"Aktuelles der Chirurgie in Heilbronn - Ihre Privatklinik f\u00fcr Chirurgie\" \/>\n<meta property=\"og:description\" content=\"Bleiben Sie immer auf dem neusten Stand und entdecken Sie die aktuellen News und Informationen zur Chirurgie in Heilbronn.\" \/>\n<meta property=\"og:url\" content=\"https:\/\/www.chirurgie-hn.de\/praxis\/aktuelles\/\" \/>\n<meta property=\"og:site_name\" content=\"Chirurgische Privatklinik Heilbronn\" \/>\n<meta property=\"article:modified_time\" content=\"2025-03-18T17:37:10+00:00\" \/>\n<meta property=\"og:image\" content=\"https:\/\/www.chirurgie-hn.de\/praxis\/wp-content\/uploads\/2022\/09\/Unknown.jpg\" \/>\n\t<meta property=\"og:image:width\" content=\"500\" \/>\n\t<meta property=\"og:image:height\" content=\"340\" \/>\n\t<meta property=\"og:image:type\" content=\"image\/jpeg\" \/>\n<meta name=\"twitter:card\" content=\"summary_large_image\" \/>\n<meta name=\"twitter:label1\" content=\"Gesch\u00e4tzte Lesezeit\" \/>\n\t<meta name=\"twitter:data1\" content=\"1\u00a0Minute\" \/>\n<script type=\"application\/ld+json\" class=\"yoast-schema-graph\">{\"@context\":\"https:\/\/schema.org\",\"@graph\":[{\"@type\":\"WebPage\",\"@id\":\"https:\/\/www.chirurgie-hn.de\/praxis\/aktuelles\/\",\"url\":\"https:\/\/www.chirurgie-hn.de\/praxis\/aktuelles\/\",\"name\":\"Aktuelles der Chirurgie in Heilbronn - Ihre Privatklinik f\u00fcr Chirurgie\",\"isPartOf\":{\"@id\":\"https:\/\/www.chirurgie-hn.de\/praxis\/#website\"},\"datePublished\":\"2022-05-23T12:39:02+00:00\",\"dateModified\":\"2025-03-18T17:37:10+00:00\",\"description\":\"Bleiben Sie immer auf dem neusten Stand und entdecken Sie die aktuellen News und Informationen zur Chirurgie in Heilbronn.\",\"breadcrumb\":{\"@id\":\"https:\/\/www.chirurgie-hn.de\/praxis\/aktuelles\/#breadcrumb\"},\"inLanguage\":\"de\",\"potentialAction\":[{\"@type\":\"ReadAction\",\"target\":[\"https:\/\/www.chirurgie-hn.de\/praxis\/aktuelles\/\"]}]},{\"@type\":\"BreadcrumbList\",\"@id\":\"https:\/\/www.chirurgie-hn.de\/praxis\/aktuelles\/#breadcrumb\",\"itemListElement\":[{\"@type\":\"ListItem\",\"position\":1,\"name\":\"Startseite\",\"item\":\"https:\/\/www.chirurgie-hn.de\/praxis\/\"},{\"@type\":\"ListItem\",\"position\":2,\"name\":\"Aktuelles\"}]},{\"@type\":\"WebSite\",\"@id\":\"https:\/\/www.chirurgie-hn.de\/praxis\/#website\",\"url\":\"https:\/\/www.chirurgie-hn.de\/praxis\/\",\"name\":\"Chirurgische Privatklinik Heilbronn\",\"description\":\"Eine weitere WordPress-Website\",\"potentialAction\":[{\"@type\":\"SearchAction\",\"target\":{\"@type\":\"EntryPoint\",\"urlTemplate\":\"https:\/\/www.chirurgie-hn.de\/praxis\/?s={search_term_string}\"},\"query-input\":\"required name=search_term_string\"}],\"inLanguage\":\"de\"}]}<\/script>\n<!-- \/ Yoast SEO plugin. -->","yoast_head_json":{"title":"Aktuelles der Chirurgie in Heilbronn - Ihre Privatklinik f\u00fcr Chirurgie","description":"Bleiben Sie immer auf dem neusten Stand und entdecken Sie die aktuellen News und Informationen zur Chirurgie in Heilbronn.","robots":{"index":"index","follow":"follow","max-snippet":"max-snippet:-1","max-image-preview":"max-image-preview:large","max-video-preview":"max-video-preview:-1"},"canonical":"https:\/\/www.chirurgie-hn.de\/praxis\/aktuelles\/","og_locale":"de_DE","og_type":"article","og_title":"Aktuelles der Chirurgie in Heilbronn - Ihre Privatklinik f\u00fcr Chirurgie","og_description":"Bleiben Sie immer auf dem neusten Stand und entdecken Sie die aktuellen News und Informationen zur Chirurgie in Heilbronn.","og_url":"https:\/\/www.chirurgie-hn.de\/praxis\/aktuelles\/","og_site_name":"Chirurgische Privatklinik Heilbronn","article_modified_time":"2025-03-18T17:37:10+00:00","og_image":[{"width":500,"height":340,"url":"https:\/\/www.chirurgie-hn.de\/praxis\/wp-content\/uploads\/2022\/09\/Unknown.jpg","type":"image\/jpeg"}],"twitter_card":"summary_large_image","twitter_misc":{"Gesch\u00e4tzte Lesezeit":"1\u00a0Minute"},"schema":{"@context":"https:\/\/schema.org","@graph":[{"@type":"WebPage","@id":"https:\/\/www.chirurgie-hn.de\/praxis\/aktuelles\/","url":"https:\/\/www.chirurgie-hn.de\/praxis\/aktuelles\/","name":"Aktuelles der Chirurgie in Heilbronn - Ihre Privatklinik f\u00fcr Chirurgie","isPartOf":{"@id":"https:\/\/www.chirurgie-hn.de\/praxis\/#website"},"datePublished":"2022-05-23T12:39:02+00:00","dateModified":"2025-03-18T17:37:10+00:00","description":"Bleiben Sie immer auf dem neusten Stand und entdecken Sie die aktuellen News und Informationen zur Chirurgie in Heilbronn.","breadcrumb":{"@id":"https:\/\/www.chirurgie-hn.de\/praxis\/aktuelles\/#breadcrumb"},"inLanguage":"de","potentialAction":[{"@type":"ReadAction","target":["https:\/\/www.chirurgie-hn.de\/praxis\/aktuelles\/"]}]},{"@type":"BreadcrumbList","@id":"https:\/\/www.chirurgie-hn.de\/praxis\/aktuelles\/#breadcrumb","itemListElement":[{"@type":"ListItem","position":1,"name":"Startseite","item":"https:\/\/www.chirurgie-hn.de\/praxis\/"},{"@type":"ListItem","position":2,"name":"Aktuelles"}]},{"@type":"WebSite","@id":"https:\/\/www.chirurgie-hn.de\/praxis\/#website","url":"https:\/\/www.chirurgie-hn.de\/praxis\/","name":"Chirurgische Privatklinik Heilbronn","description":"Eine weitere WordPress-Website","potentialAction":[{"@type":"SearchAction","target":{"@type":"EntryPoint","urlTemplate":"https:\/\/www.chirurgie-hn.de\/praxis\/?s={search_term_string}"},"query-input":"required name=search_term_string"}],"inLanguage":"de"}]}},"_links":{"self":[{"href":"https:\/\/www.chirurgie-hn.de\/praxis\/wp-json\/wp\/v2\/pages\/1171"}],"collection":[{"href":"https:\/\/www.chirurgie-hn.de\/praxis\/wp-json\/wp\/v2\/pages"}],"about":[{"href":"https:\/\/www.chirurgie-hn.de\/praxis\/wp-json\/wp\/v2\/types\/page"}],"author":[{"embeddable":true,"href":"https:\/\/www.chirurgie-hn.de\/praxis\/wp-json\/wp\/v2\/users\/2"}],"replies":[{"embeddable":true,"href":"https:\/\/www.chirurgie-hn.de\/praxis\/wp-json\/wp\/v2\/comments?post=1171"}],"version-history":[{"count":22,"href":"https:\/\/www.chirurgie-hn.de\/praxis\/wp-json\/wp\/v2\/pages\/1171\/revisions"}],"predecessor-version":[{"id":1494,"href":"https:\/\/www.chirurgie-hn.de\/praxis\/wp-json\/wp\/v2\/pages\/1171\/revisions\/1494"}],"wp:featuredmedia":[{"embeddable":true,"href":"https:\/\/www.chirurgie-hn.de\/praxis\/wp-json\/wp\/v2\/media\/1231"}],"wp:attachment":[{"href":"https:\/\/www.chirurgie-hn.de\/praxis\/wp-json\/wp\/v2\/media?parent=1171"}],"curies":[{"name":"wp","href":"https:\/\/api.w.org\/{rel}","templated":true}]}}