{"id":14,"date":"2016-11-15T13:18:00","date_gmt":"2016-11-15T12:18:00","guid":{"rendered":"http:\/\/chirurgie-hn.de\/praxis\/?page_id=14"},"modified":"2025-12-04T14:22:00","modified_gmt":"2025-12-04T13:22:00","slug":"das-team","status":"publish","type":"page","link":"https:\/\/www.chirurgie-hn.de\/praxis\/das-team\/","title":{"rendered":"Das Team"},"content":{"rendered":"<div id='full_slider_1'  class='avia-fullwidth-slider main_color avia-shadow   avia-builder-el-0  el_before_av_heading  avia-builder-el-first   container_wrap fullsize'  ><div  class='avia-slideshow av-a2hpa-e53f25b4dc0a9fe7c51e7c19b078382b avia-slideshow-no scaling av_slideshow_full avia-slide-slider av-slideshow-ui av-control-default av-slideshow-manual av-loop-once av-loop-manual-endless av-default-height-applied   avia-slideshow-1' data-slideshow-options=\"{&quot;animation&quot;:&quot;slide&quot;,&quot;autoplay&quot;:false,&quot;loop_autoplay&quot;:&quot;once&quot;,&quot;interval&quot;:5,&quot;loop_manual&quot;:&quot;manual-endless&quot;,&quot;autoplay_stopper&quot;:false,&quot;noNavigation&quot;:false,&quot;bg_slider&quot;:false,&quot;keep_padding&quot;:false,&quot;hoverpause&quot;:false,&quot;show_slide_delay&quot;:0}\"  itemprop=\"image\" itemscope=\"itemscope\" itemtype=\"https:\/\/schema.org\/ImageObject\" ><ul class='avia-slideshow-inner ' style='padding-bottom: 44.282238442822%;'><li  class='avia-slideshow-slide av-a2hpa-e53f25b4dc0a9fe7c51e7c19b078382b__0  av-single-slide slide-1 slide-odd'><div data-rel='slideshow-1' class='avia-slide-wrap '   ><img decoding=\"async\" class=\"wp-image-1330 avia-img-lazy-loading-not-1330\"  src=\"https:\/\/www.chirurgie-hn.de\/praxis\/wp-content\/uploads\/2023\/04\/Header-neu.jpg\" width=\"1233\" height=\"546\" title='Header neu' alt=''  itemprop=\"thumbnailUrl\" srcset=\"https:\/\/www.chirurgie-hn.de\/praxis\/wp-content\/uploads\/2023\/04\/Header-neu.jpg 1233w, https:\/\/www.chirurgie-hn.de\/praxis\/wp-content\/uploads\/2023\/04\/Header-neu-300x133.jpg 300w, https:\/\/www.chirurgie-hn.de\/praxis\/wp-content\/uploads\/2023\/04\/Header-neu-1030x456.jpg 1030w, https:\/\/www.chirurgie-hn.de\/praxis\/wp-content\/uploads\/2023\/04\/Header-neu-768x340.jpg 768w, https:\/\/www.chirurgie-hn.de\/praxis\/wp-content\/uploads\/2023\/04\/Header-neu-705x312.jpg 705w, https:\/\/www.chirurgie-hn.de\/praxis\/wp-content\/uploads\/2023\/04\/Header-neu-450x199.jpg 450w\" sizes=\"(max-width: 1233px) 100vw, 1233px\" \/><\/div><\/li><\/ul><\/div><\/div><div id='after_full_slider_1'  class='main_color av_default_container_wrap container_wrap fullsize'  ><div class='container av-section-cont-open' ><div class='template-page content  av-content-full alpha units'><div class='post-entry post-entry-type-page post-entry-14'><div class='entry-content-wrapper clearfix'>\n\n<style type=\"text\/css\" data-created_by=\"avia_inline_auto\" id=\"style-css-av-xrd6-4c599a3405ea4d6bd7a6f9a59712a692\">\n#top .av-special-heading.av-xrd6-4c599a3405ea4d6bd7a6f9a59712a692{\npadding-bottom:20px;\n}\nbody .av-special-heading.av-xrd6-4c599a3405ea4d6bd7a6f9a59712a692 .av-special-heading-tag .heading-char{\nfont-size:25px;\n}\n.av-special-heading.av-xrd6-4c599a3405ea4d6bd7a6f9a59712a692 .av-subheading{\nfont-size:15px;\n}\n<\/style>\n<div  class='av-special-heading av-xrd6-4c599a3405ea4d6bd7a6f9a59712a692 av-special-heading-h1  avia-builder-el-1  el_after_av_slideshow_full  el_before_av_one_third  avia-builder-el-first '><h1 class='av-special-heading-tag '  itemprop=\"headline\"  >Unser Team<\/h1><div class=\"special-heading-border\"><div class=\"special-heading-inner-border\"><\/div><\/div><\/div>\n\n<style type=\"text\/css\" data-created_by=\"avia_inline_auto\" id=\"style-css-av-5bpbm-3efa6700544ffa75039e5795836d4310\">\n.flex_column.av-5bpbm-3efa6700544ffa75039e5795836d4310{\nborder-radius:0px 0px 0px 0px;\npadding:0px 0px 0px 0px;\n}\n<\/style>\n<div  class='flex_column av-5bpbm-3efa6700544ffa75039e5795836d4310 av_one_third  avia-builder-el-2  el_after_av_heading  el_before_av_one_third  first flex_column_div av-zero-column-padding  '     ><section  class='avia-team-member av-4g6ty-cb645787580f1f83a178b3e5c81f7d56  avia-builder-el-3  avia-builder-el-no-sibling '  itemscope=\"itemscope\" itemtype=\"https:\/\/schema.org\/Person\" ><div class=\"team-img-container\"><img decoding=\"async\" class='wp-image-1071 avia-img-lazy-loading-not-1071 avia_image avia_image_team' src=\"https:\/\/www.chirurgie-hn.de\/praxis\/wp-content\/uploads\/2019\/05\/Simpfendoerfer-300x231.jpg\" alt='Dr. med. Andreas Simpfend\u00f6rfer'  itemprop=\"image\"   height=\"231\" width=\"300\" srcset=\"https:\/\/www.chirurgie-hn.de\/praxis\/wp-content\/uploads\/2019\/05\/Simpfendoerfer-300x231.jpg 300w, https:\/\/www.chirurgie-hn.de\/praxis\/wp-content\/uploads\/2019\/05\/Simpfendoerfer-495x382.jpg 495w, https:\/\/www.chirurgie-hn.de\/praxis\/wp-content\/uploads\/2019\/05\/Simpfendoerfer-450x346.jpg 450w, https:\/\/www.chirurgie-hn.de\/praxis\/wp-content\/uploads\/2019\/05\/Simpfendoerfer.jpg 497w\" sizes=\"(max-width: 300px) 100vw, 300px\" \/><\/div><h3 class='team-member-name '  itemprop=\"name\" >Dr. med. Andreas Simpfend\u00f6rfer<\/h3><div class='team-member-job-title '  itemprop=\"jobTitle\" >Facharzt f\u00fcr Chirurgie, Unfallchirurgie<br \/>\nFacharzt f\u00fcr Orthop\u00e4die und Unfallchirurgie, Sportmedizin, Notfallmedizin<\/div><span class='hidden team-member-affiliation'  itemprop=\"affiliation\" >Chirurgische Privatklinik Heilbronn<\/span><\/section><\/div>\n\n<style type=\"text\/css\" data-created_by=\"avia_inline_auto\" id=\"style-css-av-3xeli-1abbb5eda10cdeb14234e36ac049750d\">\n.flex_column.av-3xeli-1abbb5eda10cdeb14234e36ac049750d{\nborder-radius:0px 0px 0px 0px;\npadding:0px 0px 0px 0px;\n}\n<\/style>\n<div  class='flex_column av-3xeli-1abbb5eda10cdeb14234e36ac049750d av_one_third  avia-builder-el-4  el_after_av_one_third  el_before_av_one_third  flex_column_div av-zero-column-padding  '     ><section  class='avia-team-member av-3820q-28787fff4d0f8d37d766b0916af52ccb  avia-builder-el-5  avia-builder-el-no-sibling '  itemscope=\"itemscope\" itemtype=\"https:\/\/schema.org\/Person\" ><div class=\"team-img-container\"><img decoding=\"async\" class='wp-image-1072 avia-img-lazy-loading-not-1072 avia_image avia_image_team' src=\"https:\/\/www.chirurgie-hn.de\/praxis\/wp-content\/uploads\/2019\/05\/Raupp-300x231.jpg\" alt='Dr. med. J\u00fcrgen Raupp'  itemprop=\"image\"   height=\"231\" width=\"300\" srcset=\"https:\/\/www.chirurgie-hn.de\/praxis\/wp-content\/uploads\/2019\/05\/Raupp-300x231.jpg 300w, https:\/\/www.chirurgie-hn.de\/praxis\/wp-content\/uploads\/2019\/05\/Raupp-495x382.jpg 495w, https:\/\/www.chirurgie-hn.de\/praxis\/wp-content\/uploads\/2019\/05\/Raupp-450x346.jpg 450w, https:\/\/www.chirurgie-hn.de\/praxis\/wp-content\/uploads\/2019\/05\/Raupp.jpg 497w\" sizes=\"(max-width: 300px) 100vw, 300px\" \/><\/div><h3 class='team-member-name '  itemprop=\"name\" >Dr. med. J\u00fcrgen Raupp<\/h3><div class='team-member-job-title '  itemprop=\"jobTitle\" >Facharzt f\u00fcr Chirurgie, Viszeralchirurgie<br \/>\nFacharzt f\u00fcr Gef\u00e4\u00dfchirurgie, Sportmedizin, Notfallmedizin<\/div><span class='hidden team-member-affiliation'  itemprop=\"affiliation\" >Chirurgische Privatklinik Heilbronn<\/span><\/section><\/div>\n\n<style type=\"text\/css\" data-created_by=\"avia_inline_auto\" id=\"style-css-av-2wf6y-24e8a1c79813bcfb6ac6bd72c12dfae0\">\n.flex_column.av-2wf6y-24e8a1c79813bcfb6ac6bd72c12dfae0{\nborder-radius:0px 0px 0px 0px;\npadding:0px 0px 0px 0px;\n}\n<\/style>\n<div  class='flex_column av-2wf6y-24e8a1c79813bcfb6ac6bd72c12dfae0 av_one_third  avia-builder-el-6  el_after_av_one_third  el_before_av_one_third  flex_column_div av-zero-column-padding  '     ><section  class='avia-team-member av-24iy6-8e1eaf3e7c8ec44d79243e6ab9878af3  avia-builder-el-7  avia-builder-el-no-sibling '  itemscope=\"itemscope\" itemtype=\"https:\/\/schema.org\/Person\" ><div class=\"team-img-container\"><img decoding=\"async\" class='wp-image-1073 avia-img-lazy-loading-not-1073 avia_image avia_image_team' src=\"https:\/\/www.chirurgie-hn.de\/praxis\/wp-content\/uploads\/2019\/05\/Mueller-300x231.jpg\" alt='Dr. med. Corinna M\u00fcller'  itemprop=\"image\"   height=\"231\" width=\"300\" srcset=\"https:\/\/www.chirurgie-hn.de\/praxis\/wp-content\/uploads\/2019\/05\/Mueller-300x231.jpg 300w, https:\/\/www.chirurgie-hn.de\/praxis\/wp-content\/uploads\/2019\/05\/Mueller-495x382.jpg 495w, https:\/\/www.chirurgie-hn.de\/praxis\/wp-content\/uploads\/2019\/05\/Mueller-450x346.jpg 450w, https:\/\/www.chirurgie-hn.de\/praxis\/wp-content\/uploads\/2019\/05\/Mueller.jpg 497w\" sizes=\"(max-width: 300px) 100vw, 300px\" \/><\/div><h3 class='team-member-name '  itemprop=\"name\" >Dr. med. Corinna M\u00fcller<\/h3><div class='team-member-job-title '  itemprop=\"jobTitle\" >Fach\u00e4rztin f\u00fcr Chirurgie, Unfallchirurgie<br \/>\nFach\u00e4rztin f\u00fcr Orthop\u00e4die und Unfallchirurgie<\/div><span class='hidden team-member-affiliation'  itemprop=\"affiliation\" >Chirurgische Privatklinik Heilbronn<\/span><\/section><\/div>\n<style type=\"text\/css\" data-created_by=\"avia_inline_auto\" id=\"style-css-av-1lany-18247ef6e09ef0a55871467c1c95369a\">\n.flex_column.av-1lany-18247ef6e09ef0a55871467c1c95369a{\nborder-radius:0px 0px 0px 0px;\npadding:0px 0px 0px 0px;\n}\n<\/style>\n<div  class='flex_column av-1lany-18247ef6e09ef0a55871467c1c95369a av_one_third  avia-builder-el-8  el_after_av_one_third  el_before_av_one_third  first flex_column_div av-zero-column-padding  column-top-margin'     ><section  class='avia-team-member av-xfbu-f9ae4351d60c97cb20b3220f4277293a  avia-builder-el-9  avia-builder-el-no-sibling '  itemscope=\"itemscope\" itemtype=\"https:\/\/schema.org\/Person\" ><div class=\"team-img-container\"><img decoding=\"async\" class='wp-image-1074 avia-img-lazy-loading-not-1074 avia_image avia_image_team' src=\"https:\/\/www.chirurgie-hn.de\/praxis\/wp-content\/uploads\/2019\/05\/Stumpp-300x231.jpg\" alt='Dr. med. Florian Stumpp'  itemprop=\"image\"   height=\"231\" width=\"300\" srcset=\"https:\/\/www.chirurgie-hn.de\/praxis\/wp-content\/uploads\/2019\/05\/Stumpp-300x231.jpg 300w, https:\/\/www.chirurgie-hn.de\/praxis\/wp-content\/uploads\/2019\/05\/Stumpp-495x382.jpg 495w, https:\/\/www.chirurgie-hn.de\/praxis\/wp-content\/uploads\/2019\/05\/Stumpp-450x346.jpg 450w, https:\/\/www.chirurgie-hn.de\/praxis\/wp-content\/uploads\/2019\/05\/Stumpp.jpg 497w\" sizes=\"(max-width: 300px) 100vw, 300px\" \/><\/div><h3 class='team-member-name '  itemprop=\"name\" >Dr. med. Florian Stumpp<\/h3><div class='team-member-job-title '  itemprop=\"jobTitle\" >Facharzt f\u00fcr Chirurgie<\/div><span class='hidden team-member-affiliation'  itemprop=\"affiliation\" >Chirurgische Privatklinik Heilbronn<\/span><\/section><\/div><\/p>\n\n<style type=\"text\/css\" data-created_by=\"avia_inline_auto\" id=\"style-css-av-63adm-7f80195def09d37954f5c3b181d9967b\">\n.flex_column.av-63adm-7f80195def09d37954f5c3b181d9967b{\nborder-radius:0px 0px 0px 0px;\npadding:0px 0px 0px 0px;\n}\n<\/style>\n<div  class='flex_column av-63adm-7f80195def09d37954f5c3b181d9967b av_one_third  avia-builder-el-10  el_after_av_one_third  el_before_av_one_third  flex_column_div av-zero-column-padding  column-top-margin'     ><section  class='avia-team-member av-5l3o6-d0213ee313bf377313c248c4db59adcf  avia-builder-el-11  avia-builder-el-no-sibling '  itemscope=\"itemscope\" itemtype=\"https:\/\/schema.org\/Person\" ><div class=\"team-img-container\"><img decoding=\"async\" class='wp-image-1156 avia-img-lazy-loading-not-1156 avia_image avia_image_team' src=\"https:\/\/www.chirurgie-hn.de\/praxis\/wp-content\/uploads\/2021\/03\/Dotti-300x231.jpg\" alt='Federico Dotti'  itemprop=\"image\"   height=\"231\" width=\"300\" srcset=\"https:\/\/www.chirurgie-hn.de\/praxis\/wp-content\/uploads\/2021\/03\/Dotti-300x231.jpg 300w, https:\/\/www.chirurgie-hn.de\/praxis\/wp-content\/uploads\/2021\/03\/Dotti-768x592.jpg 768w, https:\/\/www.chirurgie-hn.de\/praxis\/wp-content\/uploads\/2021\/03\/Dotti-1030x794.jpg 1030w, https:\/\/www.chirurgie-hn.de\/praxis\/wp-content\/uploads\/2021\/03\/Dotti-1500x1156.jpg 1500w, https:\/\/www.chirurgie-hn.de\/praxis\/wp-content\/uploads\/2021\/03\/Dotti-705x543.jpg 705w, https:\/\/www.chirurgie-hn.de\/praxis\/wp-content\/uploads\/2021\/03\/Dotti-450x347.jpg 450w, https:\/\/www.chirurgie-hn.de\/praxis\/wp-content\/uploads\/2021\/03\/Dotti.jpg 1512w\" sizes=\"(max-width: 300px) 100vw, 300px\" \/><\/div><h3 class='team-member-name '  itemprop=\"name\" >Federico Dotti<\/h3><div class='team-member-job-title '  itemprop=\"jobTitle\" >Facharzt f\u00fcr Chirurgie, Viszeralchirurgie<\/div><span class='hidden team-member-affiliation'  itemprop=\"affiliation\" >Chirurgische Privatklinik Heilbronn<\/span><\/section><\/div>\n\n<style type=\"text\/css\" data-created_by=\"avia_inline_auto\" id=\"style-css-av-1lany-2-718e9ecc3c258d86579bab5113e2a433\">\n.flex_column.av-1lany-2-718e9ecc3c258d86579bab5113e2a433{\nborder-radius:0px 0px 0px 0px;\npadding:0px 0px 0px 0px;\n}\n<\/style>\n<div  class='flex_column av-1lany-2-718e9ecc3c258d86579bab5113e2a433 av_one_third  avia-builder-el-12  el_after_av_one_third  el_before_av_textblock  flex_column_div av-zero-column-padding  column-top-margin'     ><section  class='avia-team-member av-xfbu-1-ae0da7538075deafc84b426af5c39e77  avia-builder-el-13  avia-builder-el-no-sibling '  itemscope=\"itemscope\" itemtype=\"https:\/\/schema.org\/Person\" ><div class=\"team-img-container\"><img decoding=\"async\" class='wp-image-1080 avia-img-lazy-loading-not-1080 avia_image avia_image_team' src=\"https:\/\/www.chirurgie-hn.de\/praxis\/wp-content\/uploads\/2019\/05\/Stechele-300x231.jpg\" alt='Wiebke Stechele*'  itemprop=\"image\"   height=\"231\" width=\"300\" srcset=\"https:\/\/www.chirurgie-hn.de\/praxis\/wp-content\/uploads\/2019\/05\/Stechele-300x231.jpg 300w, https:\/\/www.chirurgie-hn.de\/praxis\/wp-content\/uploads\/2019\/05\/Stechele-495x382.jpg 495w, https:\/\/www.chirurgie-hn.de\/praxis\/wp-content\/uploads\/2019\/05\/Stechele-450x346.jpg 450w, https:\/\/www.chirurgie-hn.de\/praxis\/wp-content\/uploads\/2019\/05\/Stechele.jpg 497w\" sizes=\"(max-width: 300px) 100vw, 300px\" \/><\/div><h3 class='team-member-name '  itemprop=\"name\" >Wiebke Stechele*<\/h3><div class='team-member-job-title '  itemprop=\"jobTitle\" >Fach\u00e4rztin f\u00fcr Chirurgie<\/div><span class='hidden team-member-affiliation'  itemprop=\"affiliation\" >Chirurgische Privatklinik Heilbronn<\/span><\/section><\/div>\n<section  class='av_textblock_section av-k05b7raw-1cd11da1195491eee6f6178369c23067 '   itemscope=\"itemscope\" itemtype=\"https:\/\/schema.org\/CreativeWork\" ><div class='avia_textblock'  itemprop=\"text\" ><p>* angestellte Fach\u00e4rzte<\/p>\n<\/div><\/section>\n","protected":false},"excerpt":{"rendered":"","protected":false},"author":1,"featured_media":0,"parent":0,"menu_order":0,"comment_status":"closed","ping_status":"closed","template":"","meta":[],"yoast_head":"<!-- This site is optimized with the Yoast SEO plugin v20.0 - https:\/\/yoast.com\/wordpress\/plugins\/seo\/ -->\n<title>Das Team - Chirurgische Privatklinik Heilbronn<\/title>\n<meta name=\"robots\" content=\"index, follow, max-snippet:-1, max-image-preview:large, max-video-preview:-1\" \/>\n<link rel=\"canonical\" href=\"https:\/\/www.chirurgie-hn.de\/praxis\/das-team\/\" \/>\n<meta property=\"og:locale\" content=\"de_DE\" \/>\n<meta property=\"og:type\" content=\"article\" \/>\n<meta property=\"og:title\" content=\"Das Team - Chirurgische Privatklinik Heilbronn\" \/>\n<meta property=\"og:url\" content=\"https:\/\/www.chirurgie-hn.de\/praxis\/das-team\/\" \/>\n<meta property=\"og:site_name\" content=\"Chirurgische Privatklinik Heilbronn\" \/>\n<meta property=\"article:modified_time\" content=\"2025-12-04T13:22:00+00:00\" \/>\n<meta name=\"twitter:card\" content=\"summary_large_image\" \/>\n<meta name=\"twitter:label1\" content=\"Gesch\u00e4tzte Lesezeit\" \/>\n\t<meta name=\"twitter:data1\" content=\"4\u00a0Minuten\" \/>\n<script type=\"application\/ld+json\" class=\"yoast-schema-graph\">{\"@context\":\"https:\/\/schema.org\",\"@graph\":[{\"@type\":\"WebPage\",\"@id\":\"https:\/\/www.chirurgie-hn.de\/praxis\/das-team\/\",\"url\":\"https:\/\/www.chirurgie-hn.de\/praxis\/das-team\/\",\"name\":\"Das Team - Chirurgische Privatklinik Heilbronn\",\"isPartOf\":{\"@id\":\"https:\/\/www.chirurgie-hn.de\/praxis\/#website\"},\"datePublished\":\"2016-11-15T12:18:00+00:00\",\"dateModified\":\"2025-12-04T13:22:00+00:00\",\"breadcrumb\":{\"@id\":\"https:\/\/www.chirurgie-hn.de\/praxis\/das-team\/#breadcrumb\"},\"inLanguage\":\"de\",\"potentialAction\":[{\"@type\":\"ReadAction\",\"target\":[\"https:\/\/www.chirurgie-hn.de\/praxis\/das-team\/\"]}]},{\"@type\":\"BreadcrumbList\",\"@id\":\"https:\/\/www.chirurgie-hn.de\/praxis\/das-team\/#breadcrumb\",\"itemListElement\":[{\"@type\":\"ListItem\",\"position\":1,\"name\":\"Startseite\",\"item\":\"https:\/\/www.chirurgie-hn.de\/praxis\/\"},{\"@type\":\"ListItem\",\"position\":2,\"name\":\"Das Team\"}]},{\"@type\":\"WebSite\",\"@id\":\"https:\/\/www.chirurgie-hn.de\/praxis\/#website\",\"url\":\"https:\/\/www.chirurgie-hn.de\/praxis\/\",\"name\":\"Chirurgische Privatklinik Heilbronn\",\"description\":\"Eine weitere WordPress-Website\",\"potentialAction\":[{\"@type\":\"SearchAction\",\"target\":{\"@type\":\"EntryPoint\",\"urlTemplate\":\"https:\/\/www.chirurgie-hn.de\/praxis\/?s={search_term_string}\"},\"query-input\":\"required name=search_term_string\"}],\"inLanguage\":\"de\"}]}<\/script>\n<!-- \/ Yoast SEO plugin. -->","yoast_head_json":{"title":"Das Team - Chirurgische Privatklinik Heilbronn","robots":{"index":"index","follow":"follow","max-snippet":"max-snippet:-1","max-image-preview":"max-image-preview:large","max-video-preview":"max-video-preview:-1"},"canonical":"https:\/\/www.chirurgie-hn.de\/praxis\/das-team\/","og_locale":"de_DE","og_type":"article","og_title":"Das Team - Chirurgische Privatklinik Heilbronn","og_url":"https:\/\/www.chirurgie-hn.de\/praxis\/das-team\/","og_site_name":"Chirurgische Privatklinik Heilbronn","article_modified_time":"2025-12-04T13:22:00+00:00","twitter_card":"summary_large_image","twitter_misc":{"Gesch\u00e4tzte Lesezeit":"4\u00a0Minuten"},"schema":{"@context":"https:\/\/schema.org","@graph":[{"@type":"WebPage","@id":"https:\/\/www.chirurgie-hn.de\/praxis\/das-team\/","url":"https:\/\/www.chirurgie-hn.de\/praxis\/das-team\/","name":"Das Team - Chirurgische Privatklinik Heilbronn","isPartOf":{"@id":"https:\/\/www.chirurgie-hn.de\/praxis\/#website"},"datePublished":"2016-11-15T12:18:00+00:00","dateModified":"2025-12-04T13:22:00+00:00","breadcrumb":{"@id":"https:\/\/www.chirurgie-hn.de\/praxis\/das-team\/#breadcrumb"},"inLanguage":"de","potentialAction":[{"@type":"ReadAction","target":["https:\/\/www.chirurgie-hn.de\/praxis\/das-team\/"]}]},{"@type":"BreadcrumbList","@id":"https:\/\/www.chirurgie-hn.de\/praxis\/das-team\/#breadcrumb","itemListElement":[{"@type":"ListItem","position":1,"name":"Startseite","item":"https:\/\/www.chirurgie-hn.de\/praxis\/"},{"@type":"ListItem","position":2,"name":"Das Team"}]},{"@type":"WebSite","@id":"https:\/\/www.chirurgie-hn.de\/praxis\/#website","url":"https:\/\/www.chirurgie-hn.de\/praxis\/","name":"Chirurgische Privatklinik Heilbronn","description":"Eine weitere WordPress-Website","potentialAction":[{"@type":"SearchAction","target":{"@type":"EntryPoint","urlTemplate":"https:\/\/www.chirurgie-hn.de\/praxis\/?s={search_term_string}"},"query-input":"required name=search_term_string"}],"inLanguage":"de"}]}},"_links":{"self":[{"href":"https:\/\/www.chirurgie-hn.de\/praxis\/wp-json\/wp\/v2\/pages\/14"}],"collection":[{"href":"https:\/\/www.chirurgie-hn.de\/praxis\/wp-json\/wp\/v2\/pages"}],"about":[{"href":"https:\/\/www.chirurgie-hn.de\/praxis\/wp-json\/wp\/v2\/types\/page"}],"author":[{"embeddable":true,"href":"https:\/\/www.chirurgie-hn.de\/praxis\/wp-json\/wp\/v2\/users\/1"}],"replies":[{"embeddable":true,"href":"https:\/\/www.chirurgie-hn.de\/praxis\/wp-json\/wp\/v2\/comments?post=14"}],"version-history":[{"count":34,"href":"https:\/\/www.chirurgie-hn.de\/praxis\/wp-json\/wp\/v2\/pages\/14\/revisions"}],"predecessor-version":[{"id":1481,"href":"https:\/\/www.chirurgie-hn.de\/praxis\/wp-json\/wp\/v2\/pages\/14\/revisions\/1481"}],"wp:attachment":[{"href":"https:\/\/www.chirurgie-hn.de\/praxis\/wp-json\/wp\/v2\/media?parent=14"}],"curies":[{"name":"wp","href":"https:\/\/api.w.org\/{rel}","templated":true}]}}