{"id":26,"date":"2016-11-15T13:20:15","date_gmt":"2016-11-15T12:20:15","guid":{"rendered":"http:\/\/chirurgie-hn.de\/praxis\/?page_id=26"},"modified":"2026-01-23T11:52:31","modified_gmt":"2026-01-23T10:52:31","slug":"historie","status":"publish","type":"page","link":"https:\/\/www.chirurgie-hn.de\/praxis\/die-praxis\/historie\/","title":{"rendered":"Historie"},"content":{"rendered":"<div id='full_slider_1'  class='avia-fullwidth-slider main_color avia-shadow   avia-builder-el-0  el_before_av_section  avia-builder-el-first   container_wrap fullsize'  ><div  class='avia-slideshow av-51jfq-65ba7a7c7fbbe1f8743aa2b582e64851 avia-slideshow-featured av_slideshow_full avia-slide-slider av-slideshow-ui av-control-default av-slideshow-manual av-loop-once av-loop-manual-endless av-default-height-applied   avia-slideshow-1' data-slideshow-options=\"{&quot;animation&quot;:&quot;slide&quot;,&quot;autoplay&quot;:false,&quot;loop_autoplay&quot;:&quot;once&quot;,&quot;interval&quot;:5,&quot;loop_manual&quot;:&quot;manual-endless&quot;,&quot;autoplay_stopper&quot;:false,&quot;noNavigation&quot;:false,&quot;bg_slider&quot;:false,&quot;keep_padding&quot;:false,&quot;hoverpause&quot;:false,&quot;show_slide_delay&quot;:0}\"  itemprop=\"image\" itemscope=\"itemscope\" itemtype=\"https:\/\/schema.org\/ImageObject\" ><ul class='avia-slideshow-inner ' style='padding-bottom: 26.666666666667%;'><li  class='avia-slideshow-slide av-51jfq-65ba7a7c7fbbe1f8743aa2b582e64851__0  av-single-slide slide-1 slide-odd'><div data-rel='slideshow-1' class='avia-slide-wrap '   ><img decoding=\"async\" class=\"wp-image-746 avia-img-lazy-loading-not-746\"  src=\"https:\/\/www.chirurgie-hn.de\/praxis\/wp-content\/uploads\/2016\/11\/praxis-klinik-historie-1500x400.jpg\" width=\"1500\" height=\"400\" title='Unsere Historie' alt=''  itemprop=\"thumbnailUrl\" srcset=\"https:\/\/www.chirurgie-hn.de\/praxis\/wp-content\/uploads\/2016\/11\/praxis-klinik-historie.jpg 1500w, https:\/\/www.chirurgie-hn.de\/praxis\/wp-content\/uploads\/2016\/11\/praxis-klinik-historie-300x80.jpg 300w, https:\/\/www.chirurgie-hn.de\/praxis\/wp-content\/uploads\/2016\/11\/praxis-klinik-historie-768x205.jpg 768w, https:\/\/www.chirurgie-hn.de\/praxis\/wp-content\/uploads\/2016\/11\/praxis-klinik-historie-1030x275.jpg 1030w, https:\/\/www.chirurgie-hn.de\/praxis\/wp-content\/uploads\/2016\/11\/praxis-klinik-historie-705x188.jpg 705w, https:\/\/www.chirurgie-hn.de\/praxis\/wp-content\/uploads\/2016\/11\/praxis-klinik-historie-450x120.jpg 450w\" sizes=\"(max-width: 1500px) 100vw, 1500px\" \/><\/div><\/li><\/ul><\/div><\/div>\n<div id='av_section_1'  class='avia-section av-45maa-a43293d5726c3096008a675cb9895bc5 main_color avia-section-large avia-no-border-styling  avia-builder-el-1  el_after_av_slideshow_full  avia-builder-el-last  avia-bg-style-scroll container_wrap fullsize'  ><div class='container av-section-cont-open' ><div class='template-page content  av-content-full alpha units'><div class='post-entry post-entry-type-page post-entry-26'><div class='entry-content-wrapper clearfix'>\n\n<style type=\"text\/css\" data-created_by=\"avia_inline_auto\" id=\"style-css-av-39dq-21cec5e42fbed20521245f603b729f05\">\n#top .av-special-heading.av-39dq-21cec5e42fbed20521245f603b729f05{\npadding-bottom:10px;\n}\nbody .av-special-heading.av-39dq-21cec5e42fbed20521245f603b729f05 .av-special-heading-tag .heading-char{\nfont-size:25px;\n}\n.av-special-heading.av-39dq-21cec5e42fbed20521245f603b729f05 .av-subheading{\nfont-size:15px;\n}\n<\/style>\n<div  class='av-special-heading av-39dq-21cec5e42fbed20521245f603b729f05 av-special-heading-h1  avia-builder-el-2  el_before_av_one_half  avia-builder-el-first '><h1 class='av-special-heading-tag '  itemprop=\"headline\"  >Historie vom SLK-MVZ und der SLK-Klinik<\/h1><div class=\"special-heading-border\"><div class=\"special-heading-inner-border\"><\/div><\/div><\/div>\n\n<style type=\"text\/css\" data-created_by=\"avia_inline_auto\" id=\"style-css-av-2nubu-8589630b1ae171e0dfe5e44c00059e70\">\n.flex_column.av-2nubu-8589630b1ae171e0dfe5e44c00059e70{\nborder-radius:0px 0px 0px 0px;\npadding:0px 0px 0px 0px;\n}\n<\/style>\n<div  class='flex_column av-2nubu-8589630b1ae171e0dfe5e44c00059e70 av_one_half  avia-builder-el-3  el_after_av_heading  el_before_av_one_half  first flex_column_div av-zero-column-padding  '     ><section  class='av_textblock_section av-1vjyq-3ef1cfd818cc3b21715a26df364ea526 '   itemscope=\"itemscope\" itemtype=\"https:\/\/schema.org\/CreativeWork\" ><div class='avia_textblock'  itemprop=\"text\" ><p>Das heutige \u201eSLK-MVZ und die SLK-Klinik am Rathenauplatz\u201c wurde 1966 als \u201ePraxis und Privatklinik Dr. Fritz\u201c in der Pestalozzistra\u00dfe 19-21 in Heilbronn gegr\u00fcndet und 1977 zur \u201eGemeinschaftspraxis und Privatklinik Dr. Fritz und Dr. Gl\u00f6ckner\u201c erweitert.<\/p>\n<p>1987 \u00fcbernahm Dr. M\u00fctsch den Anteil von Dr. Fritz. Gemeinsam mit Dr. Gl\u00f6ckner wurden Praxis und Klinik wesentlich vergr\u00f6\u00dfert. Im Jahr 2000 trat Dr. Ku\u00dfmaul der Gemeinschaftspraxis bei und \u00fcbernahm den Anteil von Dr. Gl\u00f6ckner.<\/p>\n<p>Mit dem Eintritt von Dr. Simpfend\u00f6rfer (2008) und Dr. Raupp (2012) bestand die Gemeinschaftspraxis nun aus 4 Fach\u00e4rzten f\u00fcr Chirurgie, die Schwerpunkte von Praxis und Klinik deckten nun die gesamte Allgemeinchirurgie, Unfallchirurgie, Orthop\u00e4die und Gef\u00e4\u00dfchirurgie ab.<\/p>\n<\/div><\/section><\/div>\n<style type=\"text\/css\" data-created_by=\"avia_inline_auto\" id=\"style-css-av-5t1q-3bab7deecc610cddf3fdfb91a84eda80\">\n.flex_column.av-5t1q-3bab7deecc610cddf3fdfb91a84eda80{\nborder-radius:0px 0px 0px 0px;\npadding:0px 0px 0px 0px;\n}\n<\/style>\n<div  class='flex_column av-5t1q-3bab7deecc610cddf3fdfb91a84eda80 av_one_half  avia-builder-el-5  el_after_av_one_half  avia-builder-el-last  flex_column_div av-zero-column-padding  '     ><section  class='av_textblock_section av-z34y-d7f1f51ab760a79fd2cd374e4f984461 '   itemscope=\"itemscope\" itemtype=\"https:\/\/schema.org\/CreativeWork\" ><div class='avia_textblock'  itemprop=\"text\" ><p>Mit dem Umzug in die Happelstra\u00dfe am Rathenauplatz im August 2017 erfolgte nochmals eine wesentliche Vergr\u00f6\u00dferung von Praxis und Klinik. Aus der \u201cChirurgischen Praxis und Privatklinik Heilbronn\u201c wurde die \u201ePraxis und Klinik am Rathenauplatz\u201c.<\/p>\n<p>Im Fr\u00fchjahr 2019 beendete Dr. M\u00fctsch seine kassen\u00e4rztliche T\u00e4tigkeit, seine Nachfolgerin wurde die erfahrene Unfallchirurgin Frau Dr. M\u00fcller.<\/p>\n<p>Auch 2020 hatten wir unsere Klinik und Praxis nochmals vergr\u00f6\u00dfert. Seit 01.04.20 verst\u00e4rkt Dr. Stumpp als erfahrener Allgemeinchirurg unser Team.<\/p>\n<p>Zum 01.04.2021 beendete nun Dr. Ku\u00dfmaul seine jahrzehntelange erfolgreiche kassen\u00e4rztliche T\u00e4tigkeit. Sein Nachfolger ist Federico Dotti, erfahrener Allgemein- und Viszeralchirurg.<\/p>\n<\/div><\/section><\/div>\n","protected":false},"excerpt":{"rendered":"","protected":false},"author":1,"featured_media":0,"parent":11,"menu_order":0,"comment_status":"closed","ping_status":"closed","template":"","meta":[],"yoast_head":"<!-- This site is optimized with the Yoast SEO plugin v20.0 - https:\/\/yoast.com\/wordpress\/plugins\/seo\/ -->\n<title>Historie - Chirurgische Privatklinik Heilbronn<\/title>\n<meta name=\"robots\" content=\"index, follow, max-snippet:-1, max-image-preview:large, max-video-preview:-1\" \/>\n<link rel=\"canonical\" href=\"https:\/\/www.chirurgie-hn.de\/praxis\/die-praxis\/historie\/\" \/>\n<meta property=\"og:locale\" content=\"de_DE\" \/>\n<meta property=\"og:type\" content=\"article\" \/>\n<meta property=\"og:title\" content=\"Historie - Chirurgische Privatklinik Heilbronn\" \/>\n<meta property=\"og:url\" content=\"https:\/\/www.chirurgie-hn.de\/praxis\/die-praxis\/historie\/\" \/>\n<meta property=\"og:site_name\" content=\"Chirurgische Privatklinik Heilbronn\" \/>\n<meta property=\"article:modified_time\" content=\"2026-01-23T10:52:31+00:00\" \/>\n<meta name=\"twitter:card\" content=\"summary_large_image\" \/>\n<meta name=\"twitter:label1\" content=\"Gesch\u00e4tzte Lesezeit\" \/>\n\t<meta name=\"twitter:data1\" content=\"3\u00a0Minuten\" \/>\n<script type=\"application\/ld+json\" class=\"yoast-schema-graph\">{\"@context\":\"https:\/\/schema.org\",\"@graph\":[{\"@type\":\"WebPage\",\"@id\":\"https:\/\/www.chirurgie-hn.de\/praxis\/die-praxis\/historie\/\",\"url\":\"https:\/\/www.chirurgie-hn.de\/praxis\/die-praxis\/historie\/\",\"name\":\"Historie - Chirurgische Privatklinik Heilbronn\",\"isPartOf\":{\"@id\":\"https:\/\/www.chirurgie-hn.de\/praxis\/#website\"},\"datePublished\":\"2016-11-15T12:20:15+00:00\",\"dateModified\":\"2026-01-23T10:52:31+00:00\",\"breadcrumb\":{\"@id\":\"https:\/\/www.chirurgie-hn.de\/praxis\/die-praxis\/historie\/#breadcrumb\"},\"inLanguage\":\"de\",\"potentialAction\":[{\"@type\":\"ReadAction\",\"target\":[\"https:\/\/www.chirurgie-hn.de\/praxis\/die-praxis\/historie\/\"]}]},{\"@type\":\"BreadcrumbList\",\"@id\":\"https:\/\/www.chirurgie-hn.de\/praxis\/die-praxis\/historie\/#breadcrumb\",\"itemListElement\":[{\"@type\":\"ListItem\",\"position\":1,\"name\":\"Startseite\",\"item\":\"https:\/\/www.chirurgie-hn.de\/praxis\/\"},{\"@type\":\"ListItem\",\"position\":2,\"name\":\"Die Praxis\",\"item\":\"https:\/\/www.chirurgie-hn.de\/praxis\/\"},{\"@type\":\"ListItem\",\"position\":3,\"name\":\"Historie\"}]},{\"@type\":\"WebSite\",\"@id\":\"https:\/\/www.chirurgie-hn.de\/praxis\/#website\",\"url\":\"https:\/\/www.chirurgie-hn.de\/praxis\/\",\"name\":\"Chirurgische Privatklinik Heilbronn\",\"description\":\"Eine weitere WordPress-Website\",\"potentialAction\":[{\"@type\":\"SearchAction\",\"target\":{\"@type\":\"EntryPoint\",\"urlTemplate\":\"https:\/\/www.chirurgie-hn.de\/praxis\/?s={search_term_string}\"},\"query-input\":\"required name=search_term_string\"}],\"inLanguage\":\"de\"}]}<\/script>\n<!-- \/ Yoast SEO plugin. -->","yoast_head_json":{"title":"Historie - Chirurgische Privatklinik Heilbronn","robots":{"index":"index","follow":"follow","max-snippet":"max-snippet:-1","max-image-preview":"max-image-preview:large","max-video-preview":"max-video-preview:-1"},"canonical":"https:\/\/www.chirurgie-hn.de\/praxis\/die-praxis\/historie\/","og_locale":"de_DE","og_type":"article","og_title":"Historie - Chirurgische Privatklinik Heilbronn","og_url":"https:\/\/www.chirurgie-hn.de\/praxis\/die-praxis\/historie\/","og_site_name":"Chirurgische Privatklinik Heilbronn","article_modified_time":"2026-01-23T10:52:31+00:00","twitter_card":"summary_large_image","twitter_misc":{"Gesch\u00e4tzte Lesezeit":"3\u00a0Minuten"},"schema":{"@context":"https:\/\/schema.org","@graph":[{"@type":"WebPage","@id":"https:\/\/www.chirurgie-hn.de\/praxis\/die-praxis\/historie\/","url":"https:\/\/www.chirurgie-hn.de\/praxis\/die-praxis\/historie\/","name":"Historie - Chirurgische Privatklinik Heilbronn","isPartOf":{"@id":"https:\/\/www.chirurgie-hn.de\/praxis\/#website"},"datePublished":"2016-11-15T12:20:15+00:00","dateModified":"2026-01-23T10:52:31+00:00","breadcrumb":{"@id":"https:\/\/www.chirurgie-hn.de\/praxis\/die-praxis\/historie\/#breadcrumb"},"inLanguage":"de","potentialAction":[{"@type":"ReadAction","target":["https:\/\/www.chirurgie-hn.de\/praxis\/die-praxis\/historie\/"]}]},{"@type":"BreadcrumbList","@id":"https:\/\/www.chirurgie-hn.de\/praxis\/die-praxis\/historie\/#breadcrumb","itemListElement":[{"@type":"ListItem","position":1,"name":"Startseite","item":"https:\/\/www.chirurgie-hn.de\/praxis\/"},{"@type":"ListItem","position":2,"name":"Die Praxis","item":"https:\/\/www.chirurgie-hn.de\/praxis\/"},{"@type":"ListItem","position":3,"name":"Historie"}]},{"@type":"WebSite","@id":"https:\/\/www.chirurgie-hn.de\/praxis\/#website","url":"https:\/\/www.chirurgie-hn.de\/praxis\/","name":"Chirurgische Privatklinik Heilbronn","description":"Eine weitere WordPress-Website","potentialAction":[{"@type":"SearchAction","target":{"@type":"EntryPoint","urlTemplate":"https:\/\/www.chirurgie-hn.de\/praxis\/?s={search_term_string}"},"query-input":"required name=search_term_string"}],"inLanguage":"de"}]}},"_links":{"self":[{"href":"https:\/\/www.chirurgie-hn.de\/praxis\/wp-json\/wp\/v2\/pages\/26"}],"collection":[{"href":"https:\/\/www.chirurgie-hn.de\/praxis\/wp-json\/wp\/v2\/pages"}],"about":[{"href":"https:\/\/www.chirurgie-hn.de\/praxis\/wp-json\/wp\/v2\/types\/page"}],"author":[{"embeddable":true,"href":"https:\/\/www.chirurgie-hn.de\/praxis\/wp-json\/wp\/v2\/users\/1"}],"replies":[{"embeddable":true,"href":"https:\/\/www.chirurgie-hn.de\/praxis\/wp-json\/wp\/v2\/comments?post=26"}],"version-history":[{"count":22,"href":"https:\/\/www.chirurgie-hn.de\/praxis\/wp-json\/wp\/v2\/pages\/26\/revisions"}],"predecessor-version":[{"id":1166,"href":"https:\/\/www.chirurgie-hn.de\/praxis\/wp-json\/wp\/v2\/pages\/26\/revisions\/1166"}],"up":[{"embeddable":true,"href":"https:\/\/www.chirurgie-hn.de\/praxis\/wp-json\/wp\/v2\/pages\/11"}],"wp:attachment":[{"href":"https:\/\/www.chirurgie-hn.de\/praxis\/wp-json\/wp\/v2\/media?parent=26"}],"curies":[{"name":"wp","href":"https:\/\/api.w.org\/{rel}","templated":true}]}}