{"id":30,"date":"2016-11-15T13:20:46","date_gmt":"2016-11-15T12:20:46","guid":{"rendered":"http:\/\/chirurgie-hn.de\/praxis\/?page_id=30"},"modified":"2019-05-20T16:38:11","modified_gmt":"2019-05-20T14:38:11","slug":"gebaeude-und-technik","status":"publish","type":"page","link":"https:\/\/www.chirurgie-hn.de\/praxis\/die-praxis\/gebaeude-und-technik\/","title":{"rendered":"Geb\u00e4ude und Technik"},"content":{"rendered":"<div id='full_slider_1'  class='avia-fullwidth-slider main_color avia-shadow   avia-builder-el-0  el_before_av_section  avia-builder-el-first   container_wrap fullsize'  ><div  class='avia-slideshow av-50ax2-ab0e98c7825d17227d931d3531178318 avia-slideshow-featured av_slideshow_full avia-slide-slider av-slideshow-ui av-control-default av-slideshow-manual av-loop-once av-loop-manual-endless av-default-height-applied   avia-slideshow-1' data-slideshow-options=\"{&quot;animation&quot;:&quot;slide&quot;,&quot;autoplay&quot;:false,&quot;loop_autoplay&quot;:&quot;once&quot;,&quot;interval&quot;:5,&quot;loop_manual&quot;:&quot;manual-endless&quot;,&quot;autoplay_stopper&quot;:false,&quot;noNavigation&quot;:false,&quot;bg_slider&quot;:false,&quot;keep_padding&quot;:false,&quot;hoverpause&quot;:false,&quot;show_slide_delay&quot;:0}\"  itemprop=\"image\" itemscope=\"itemscope\" itemtype=\"https:\/\/schema.org\/ImageObject\" ><ul class='avia-slideshow-inner ' style='padding-bottom: 26.666666666667%;'><li  class='avia-slideshow-slide av-50ax2-ab0e98c7825d17227d931d3531178318__0  av-single-slide slide-1 slide-odd'><div data-rel='slideshow-1' class='avia-slide-wrap '   ><img decoding=\"async\" class=\"wp-image-732 avia-img-lazy-loading-not-732\"  src=\"https:\/\/www.chirurgie-hn.de\/praxis\/wp-content\/uploads\/2016\/11\/gebaeude-technik-1500x400.jpg\" width=\"1500\" height=\"400\" title='Technik in unserer Praxis' alt=''  itemprop=\"thumbnailUrl\" srcset=\"https:\/\/www.chirurgie-hn.de\/praxis\/wp-content\/uploads\/2016\/11\/gebaeude-technik.jpg 1500w, https:\/\/www.chirurgie-hn.de\/praxis\/wp-content\/uploads\/2016\/11\/gebaeude-technik-300x80.jpg 300w, https:\/\/www.chirurgie-hn.de\/praxis\/wp-content\/uploads\/2016\/11\/gebaeude-technik-768x205.jpg 768w, https:\/\/www.chirurgie-hn.de\/praxis\/wp-content\/uploads\/2016\/11\/gebaeude-technik-1030x275.jpg 1030w, https:\/\/www.chirurgie-hn.de\/praxis\/wp-content\/uploads\/2016\/11\/gebaeude-technik-705x188.jpg 705w, https:\/\/www.chirurgie-hn.de\/praxis\/wp-content\/uploads\/2016\/11\/gebaeude-technik-450x120.jpg 450w\" sizes=\"(max-width: 1500px) 100vw, 1500px\" \/><\/div><\/li><\/ul><\/div><\/div>\n<div id='av_section_1'  class='avia-section av-44l92-ddd9870d0a5bccd8b65b047bc1678151 main_color avia-section-large avia-no-border-styling  avia-builder-el-1  el_after_av_slideshow_full  avia-builder-el-last  avia-bg-style-scroll container_wrap fullsize'  ><div class='container av-section-cont-open' ><div class='template-page content  av-content-full alpha units'><div class='post-entry post-entry-type-page post-entry-30'><div class='entry-content-wrapper clearfix'>\n\n<style type=\"text\/css\" data-created_by=\"avia_inline_auto\" id=\"style-css-av-av_heading-95e555e44842c7255d4eedd6a07d2860\">\n#top .av-special-heading.av-av_heading-95e555e44842c7255d4eedd6a07d2860{\npadding-bottom:10px;\n}\nbody .av-special-heading.av-av_heading-95e555e44842c7255d4eedd6a07d2860 .av-special-heading-tag .heading-char{\nfont-size:25px;\n}\n.av-special-heading.av-av_heading-95e555e44842c7255d4eedd6a07d2860 .av-subheading{\nfont-size:15px;\n}\n<\/style>\n<div  class='av-special-heading av-av_heading-95e555e44842c7255d4eedd6a07d2860 av-special-heading-h1  avia-builder-el-2  el_before_av_one_half  avia-builder-el-first '><h1 class='av-special-heading-tag '  itemprop=\"headline\"  >Geb\u00e4ude und Technik<\/h1><div class=\"special-heading-border\"><div class=\"special-heading-inner-border\"><\/div><\/div><\/div>\n\n<style type=\"text\/css\" data-created_by=\"avia_inline_auto\" id=\"style-css-av-2r3rq-a47659e9ce2f504770420b7842c1ab07\">\n.flex_column.av-2r3rq-a47659e9ce2f504770420b7842c1ab07{\nborder-radius:0px 0px 0px 0px;\npadding:0px 0px 0px 0px;\n}\n<\/style>\n<div  class='flex_column av-2r3rq-a47659e9ce2f504770420b7842c1ab07 av_one_half  avia-builder-el-3  el_after_av_heading  el_before_av_one_half  first flex_column_div av-zero-column-padding  '     ><section  class='av_textblock_section av-2abam-aa4588abb051546c1f867f8d5af53724 '   itemscope=\"itemscope\" itemtype=\"https:\/\/schema.org\/CreativeWork\" ><div class='avia_textblock'  itemprop=\"text\" ><p>Willkommen in unserer chirurgischen Gemeinschaftspraxis am Rathenauplatz. Sie wurde nach neuesten bautechnischen und hygienischen Standards konzipiert. Auf 1200 qm Grundfl\u00e4che stehen Ihnen ein gro\u00dfz\u00fcgiger Empfang mit Anmeldung und 2 Wartebereiche zur Verf\u00fcgung. Neben zehn Sprechzimmern und einer digitalen R\u00f6ntgeneinheit\u00a0 finden sich hier auch 2 hochmoderne Eingriffsr\u00e4ume f\u00fcr kleinere chirurgische Eingriffe und Behandlungen.<\/p>\n<\/div><\/section><\/div>\n<style type=\"text\/css\" data-created_by=\"avia_inline_auto\" id=\"style-css-av-4ju2-53cf6d546e9f8053bdd45de81511a094\">\n.flex_column.av-4ju2-53cf6d546e9f8053bdd45de81511a094{\nborder-radius:0px 0px 0px 0px;\npadding:0px 0px 0px 0px;\n}\n<\/style>\n<div  class='flex_column av-4ju2-53cf6d546e9f8053bdd45de81511a094 av_one_half  avia-builder-el-5  el_after_av_one_half  avia-builder-el-last  flex_column_div av-zero-column-padding  '     ><section  class='av_textblock_section av-tm2m-1f5fe11dd53faf1648982893e259ff4f '   itemscope=\"itemscope\" itemtype=\"https:\/\/schema.org\/CreativeWork\" ><div class='avia_textblock'  itemprop=\"text\" ><p>Im gesamten Praxisbereich haben Sie freien WLAN-Zugang.<\/p>\n<p><a href=\"\/praxis\/wp-content\/uploads\/2018\/02\/TZG170805WT_029H00.pdf\" target=\"_blank\" rel=\"noopener noreferrer\"><strong>Download Zeitungsartikel &#8222;Nach 51 Jahren alles neu&#8220;<\/strong><\/a><\/p>\n<p><a href=\"\/praxis\/wp-content\/uploads\/2018\/02\/TZG170902WT_034H00.pdf\" target=\"_blank\" rel=\"noopener noreferrer\"><strong>Download Zeitungsartikel &#8222;Quantensprung im Dienste der Patienten&#8220;<\/strong><\/a><\/p>\n<\/div><\/section><\/div>\n","protected":false},"excerpt":{"rendered":"","protected":false},"author":1,"featured_media":0,"parent":11,"menu_order":0,"comment_status":"closed","ping_status":"closed","template":"","meta":[],"yoast_head":"<!-- This site is optimized with the Yoast SEO plugin v20.0 - https:\/\/yoast.com\/wordpress\/plugins\/seo\/ -->\n<title>Geb\u00e4ude und Technik - Chirurgische Privatklinik Heilbronn<\/title>\n<meta name=\"robots\" content=\"index, follow, max-snippet:-1, max-image-preview:large, max-video-preview:-1\" \/>\n<link rel=\"canonical\" href=\"https:\/\/www.chirurgie-hn.de\/praxis\/die-praxis\/gebaeude-und-technik\/\" \/>\n<meta property=\"og:locale\" content=\"de_DE\" \/>\n<meta property=\"og:type\" content=\"article\" \/>\n<meta property=\"og:title\" content=\"Geb\u00e4ude und Technik - Chirurgische Privatklinik Heilbronn\" \/>\n<meta property=\"og:url\" content=\"https:\/\/www.chirurgie-hn.de\/praxis\/die-praxis\/gebaeude-und-technik\/\" \/>\n<meta property=\"og:site_name\" content=\"Chirurgische Privatklinik Heilbronn\" \/>\n<meta property=\"article:modified_time\" content=\"2019-05-20T14:38:11+00:00\" \/>\n<meta name=\"twitter:card\" content=\"summary_large_image\" \/>\n<meta name=\"twitter:label1\" content=\"Gesch\u00e4tzte Lesezeit\" \/>\n\t<meta name=\"twitter:data1\" content=\"3\u00a0Minuten\" \/>\n<script type=\"application\/ld+json\" class=\"yoast-schema-graph\">{\"@context\":\"https:\/\/schema.org\",\"@graph\":[{\"@type\":\"WebPage\",\"@id\":\"https:\/\/www.chirurgie-hn.de\/praxis\/die-praxis\/gebaeude-und-technik\/\",\"url\":\"https:\/\/www.chirurgie-hn.de\/praxis\/die-praxis\/gebaeude-und-technik\/\",\"name\":\"Geb\u00e4ude und Technik - Chirurgische Privatklinik Heilbronn\",\"isPartOf\":{\"@id\":\"https:\/\/www.chirurgie-hn.de\/praxis\/#website\"},\"datePublished\":\"2016-11-15T12:20:46+00:00\",\"dateModified\":\"2019-05-20T14:38:11+00:00\",\"breadcrumb\":{\"@id\":\"https:\/\/www.chirurgie-hn.de\/praxis\/die-praxis\/gebaeude-und-technik\/#breadcrumb\"},\"inLanguage\":\"de\",\"potentialAction\":[{\"@type\":\"ReadAction\",\"target\":[\"https:\/\/www.chirurgie-hn.de\/praxis\/die-praxis\/gebaeude-und-technik\/\"]}]},{\"@type\":\"BreadcrumbList\",\"@id\":\"https:\/\/www.chirurgie-hn.de\/praxis\/die-praxis\/gebaeude-und-technik\/#breadcrumb\",\"itemListElement\":[{\"@type\":\"ListItem\",\"position\":1,\"name\":\"Startseite\",\"item\":\"https:\/\/www.chirurgie-hn.de\/praxis\/die-praxis\/\"},{\"@type\":\"ListItem\",\"position\":2,\"name\":\"Die Praxis\",\"item\":\"https:\/\/www.chirurgie-hn.de\/praxis\/die-praxis\/\"},{\"@type\":\"ListItem\",\"position\":3,\"name\":\"Geb\u00e4ude und Technik\"}]},{\"@type\":\"WebSite\",\"@id\":\"https:\/\/www.chirurgie-hn.de\/praxis\/#website\",\"url\":\"https:\/\/www.chirurgie-hn.de\/praxis\/\",\"name\":\"Chirurgische Privatklinik Heilbronn\",\"description\":\"Eine weitere WordPress-Website\",\"potentialAction\":[{\"@type\":\"SearchAction\",\"target\":{\"@type\":\"EntryPoint\",\"urlTemplate\":\"https:\/\/www.chirurgie-hn.de\/praxis\/?s={search_term_string}\"},\"query-input\":\"required name=search_term_string\"}],\"inLanguage\":\"de\"}]}<\/script>\n<!-- \/ Yoast SEO plugin. -->","yoast_head_json":{"title":"Geb\u00e4ude und Technik - Chirurgische Privatklinik Heilbronn","robots":{"index":"index","follow":"follow","max-snippet":"max-snippet:-1","max-image-preview":"max-image-preview:large","max-video-preview":"max-video-preview:-1"},"canonical":"https:\/\/www.chirurgie-hn.de\/praxis\/die-praxis\/gebaeude-und-technik\/","og_locale":"de_DE","og_type":"article","og_title":"Geb\u00e4ude und Technik - Chirurgische Privatklinik Heilbronn","og_url":"https:\/\/www.chirurgie-hn.de\/praxis\/die-praxis\/gebaeude-und-technik\/","og_site_name":"Chirurgische Privatklinik Heilbronn","article_modified_time":"2019-05-20T14:38:11+00:00","twitter_card":"summary_large_image","twitter_misc":{"Gesch\u00e4tzte Lesezeit":"3\u00a0Minuten"},"schema":{"@context":"https:\/\/schema.org","@graph":[{"@type":"WebPage","@id":"https:\/\/www.chirurgie-hn.de\/praxis\/die-praxis\/gebaeude-und-technik\/","url":"https:\/\/www.chirurgie-hn.de\/praxis\/die-praxis\/gebaeude-und-technik\/","name":"Geb\u00e4ude und Technik - Chirurgische Privatklinik Heilbronn","isPartOf":{"@id":"https:\/\/www.chirurgie-hn.de\/praxis\/#website"},"datePublished":"2016-11-15T12:20:46+00:00","dateModified":"2019-05-20T14:38:11+00:00","breadcrumb":{"@id":"https:\/\/www.chirurgie-hn.de\/praxis\/die-praxis\/gebaeude-und-technik\/#breadcrumb"},"inLanguage":"de","potentialAction":[{"@type":"ReadAction","target":["https:\/\/www.chirurgie-hn.de\/praxis\/die-praxis\/gebaeude-und-technik\/"]}]},{"@type":"BreadcrumbList","@id":"https:\/\/www.chirurgie-hn.de\/praxis\/die-praxis\/gebaeude-und-technik\/#breadcrumb","itemListElement":[{"@type":"ListItem","position":1,"name":"Startseite","item":"https:\/\/www.chirurgie-hn.de\/praxis\/die-praxis\/"},{"@type":"ListItem","position":2,"name":"Die Praxis","item":"https:\/\/www.chirurgie-hn.de\/praxis\/die-praxis\/"},{"@type":"ListItem","position":3,"name":"Geb\u00e4ude und Technik"}]},{"@type":"WebSite","@id":"https:\/\/www.chirurgie-hn.de\/praxis\/#website","url":"https:\/\/www.chirurgie-hn.de\/praxis\/","name":"Chirurgische Privatklinik Heilbronn","description":"Eine weitere WordPress-Website","potentialAction":[{"@type":"SearchAction","target":{"@type":"EntryPoint","urlTemplate":"https:\/\/www.chirurgie-hn.de\/praxis\/?s={search_term_string}"},"query-input":"required name=search_term_string"}],"inLanguage":"de"}]}},"_links":{"self":[{"href":"https:\/\/www.chirurgie-hn.de\/praxis\/wp-json\/wp\/v2\/pages\/30"}],"collection":[{"href":"https:\/\/www.chirurgie-hn.de\/praxis\/wp-json\/wp\/v2\/pages"}],"about":[{"href":"https:\/\/www.chirurgie-hn.de\/praxis\/wp-json\/wp\/v2\/types\/page"}],"author":[{"embeddable":true,"href":"https:\/\/www.chirurgie-hn.de\/praxis\/wp-json\/wp\/v2\/users\/1"}],"replies":[{"embeddable":true,"href":"https:\/\/www.chirurgie-hn.de\/praxis\/wp-json\/wp\/v2\/comments?post=30"}],"version-history":[{"count":14,"href":"https:\/\/www.chirurgie-hn.de\/praxis\/wp-json\/wp\/v2\/pages\/30\/revisions"}],"predecessor-version":[{"id":1050,"href":"https:\/\/www.chirurgie-hn.de\/praxis\/wp-json\/wp\/v2\/pages\/30\/revisions\/1050"}],"up":[{"embeddable":true,"href":"https:\/\/www.chirurgie-hn.de\/praxis\/wp-json\/wp\/v2\/pages\/11"}],"wp:attachment":[{"href":"https:\/\/www.chirurgie-hn.de\/praxis\/wp-json\/wp\/v2\/media?parent=30"}],"curies":[{"name":"wp","href":"https:\/\/api.w.org\/{rel}","templated":true}]}}