{"id":760,"date":"2017-09-12T09:09:00","date_gmt":"2017-09-12T07:09:00","guid":{"rendered":"http:\/\/www.chirurgie-hn.de\/praxis\/?page_id=760"},"modified":"2017-09-12T09:09:00","modified_gmt":"2017-09-12T07:09:00","slug":"krankheitsbilder","status":"publish","type":"page","link":"https:\/\/www.chirurgie-hn.de\/praxis\/krankheitsbilder\/","title":{"rendered":"Krankheitsbilder"},"content":{"rendered":"<div id='full_slider_1'  class='avia-fullwidth-slider main_color avia-shadow   avia-builder-el-0  el_before_av_heading  avia-builder-el-first   container_wrap fullsize'  ><div  class='avia-slideshow av-av_slideshow_full-4f3ef5c0d0c5e5a45e27d5f99336c2be avia-slideshow-featured av_slideshow_full avia-slide-slider av-slideshow-ui av-control-default av-slideshow-manual av-loop-once av-loop-manual-endless av-default-height-applied   avia-slideshow-1' data-slideshow-options=\"{&quot;animation&quot;:&quot;slide&quot;,&quot;autoplay&quot;:false,&quot;loop_autoplay&quot;:&quot;once&quot;,&quot;interval&quot;:5,&quot;loop_manual&quot;:&quot;manual-endless&quot;,&quot;autoplay_stopper&quot;:false,&quot;noNavigation&quot;:false,&quot;bg_slider&quot;:false,&quot;keep_padding&quot;:false,&quot;hoverpause&quot;:false,&quot;show_slide_delay&quot;:0}\"  itemprop=\"image\" itemscope=\"itemscope\" itemtype=\"https:\/\/schema.org\/ImageObject\" ><ul class='avia-slideshow-inner ' style='padding-bottom: 26.666666666667%;'><li  class='avia-slideshow-slide av-av_slideshow_full-4f3ef5c0d0c5e5a45e27d5f99336c2be__0  av-single-slide slide-1 slide-odd'><div data-rel='slideshow-1' class='avia-slide-wrap '   ><img decoding=\"async\" class=\"wp-image-199 avia-img-lazy-loading-not-199\"  src=\"https:\/\/www.chirurgie-hn.de\/praxis\/wp-content\/uploads\/2016\/11\/privatklinik-heilbronn-merkblaetter-3-1500x400.jpg\" width=\"1500\" height=\"400\" title='Merkbl\u00e4tter rund um unsere Klinik' alt='Merkbl\u00e4tter rund um unsere Klinik'  itemprop=\"thumbnailUrl\" srcset=\"https:\/\/www.chirurgie-hn.de\/praxis\/wp-content\/uploads\/2016\/11\/privatklinik-heilbronn-merkblaetter-3.jpg 1500w, https:\/\/www.chirurgie-hn.de\/praxis\/wp-content\/uploads\/2016\/11\/privatklinik-heilbronn-merkblaetter-3-300x80.jpg 300w, https:\/\/www.chirurgie-hn.de\/praxis\/wp-content\/uploads\/2016\/11\/privatklinik-heilbronn-merkblaetter-3-768x205.jpg 768w, https:\/\/www.chirurgie-hn.de\/praxis\/wp-content\/uploads\/2016\/11\/privatklinik-heilbronn-merkblaetter-3-1030x275.jpg 1030w, https:\/\/www.chirurgie-hn.de\/praxis\/wp-content\/uploads\/2016\/11\/privatklinik-heilbronn-merkblaetter-3-705x188.jpg 705w, https:\/\/www.chirurgie-hn.de\/praxis\/wp-content\/uploads\/2016\/11\/privatklinik-heilbronn-merkblaetter-3-450x120.jpg 450w\" sizes=\"(max-width: 1500px) 100vw, 1500px\" \/><\/div><\/li><\/ul><\/div><\/div><div id='after_full_slider_1'  class='main_color av_default_container_wrap container_wrap fullsize'  ><div class='container av-section-cont-open' ><div class='template-page content  av-content-full alpha units'><div class='post-entry post-entry-type-page post-entry-760'><div class='entry-content-wrapper clearfix'>\n\n<style type=\"text\/css\" data-created_by=\"avia_inline_auto\" id=\"style-css-av-av_heading-a940b4de59e90125a7f5a95dd569ac41\">\n#top .av-special-heading.av-av_heading-a940b4de59e90125a7f5a95dd569ac41{\npadding-bottom:0;\n}\nbody .av-special-heading.av-av_heading-a940b4de59e90125a7f5a95dd569ac41 .av-special-heading-tag .heading-char{\nfont-size:25px;\n}\n.av-special-heading.av-av_heading-a940b4de59e90125a7f5a95dd569ac41 .av-subheading{\nfont-size:15px;\n}\n<\/style>\n<div  class='av-special-heading av-av_heading-a940b4de59e90125a7f5a95dd569ac41 av-special-heading-h1  avia-builder-el-1  el_after_av_slideshow_full  el_before_av_section  avia-builder-el-no-sibling '><h1 class='av-special-heading-tag '  itemprop=\"headline\"  >Krankheitsbilder<\/h1><div class=\"special-heading-border\"><div class=\"special-heading-inner-border\"><\/div><\/div><\/div>\n<\/div><\/div><\/div><!-- close content main div --><\/div><\/div><div id='av_section_1'  class='avia-section av-av_section-f5416f04ad720a2c47933a0c3c5c9f4d main_color avia-section-no-padding avia-no-border-styling  avia-builder-el-2  el_after_av_heading  avia-builder-el-last  avia-bg-style-scroll container_wrap fullsize'  ><div class='container av-section-cont-open' ><div class='template-page content  av-content-full alpha units'><div class='post-entry post-entry-type-page post-entry-760'><div class='entry-content-wrapper clearfix'>\n\n<style type=\"text\/css\" data-created_by=\"avia_inline_auto\" id=\"style-css-av-av_one_half-6126cab7d8fab8d08143dd2dacdf673c\">\n.flex_column.av-av_one_half-6126cab7d8fab8d08143dd2dacdf673c{\nborder-radius:0px 0px 0px 0px;\npadding:0px 0px 0px 0px;\n}\n<\/style>\n<div  class='flex_column av-av_one_half-6126cab7d8fab8d08143dd2dacdf673c av_one_half  avia-builder-el-3  el_before_av_one_half  avia-builder-el-first  first flex_column_div av-zero-column-padding  '     ><section  class='av_textblock_section av-av_textblock-0366cc7376be6c9e82a3e9cc8987b64f '   itemscope=\"itemscope\" itemtype=\"https:\/\/schema.org\/CreativeWork\" ><div class='avia_textblock'  itemprop=\"text\" ><h3>Nabelhernie (Nabelbruch)<\/h3>\n<p><strong>Definition<\/strong><\/p>\n<p>Bei einem Nabelbruch handelt es sich um eine Hernie (Bruch) der vorderen Bauchwand im Bereich des Nabels. Hierbei treten Anteile der Baucheingeweide durch eine L\u00fccke\u00a0 (Bruchpforte) nach au\u00dfen, so dass sie\u00a0 als Schwellung zu sehen sind. Diese kann schmerzhaft sein. \u00a0Oft l\u00e4sst sich der vorgefallene Bruchinhalt (z.B. Darm) gut in den Bauchraum zur\u00fcckschieben. In seltenen F\u00e4llen ist dies nicht m\u00f6glich. Ob und welche Operation wir Ihnen empfehlen, entscheidet eine klinische Untersuchung in unserer Praxis.<\/p>\n<p><strong>\u00a0Operative Behandlung<\/strong><\/p>\n<p>Nur eine chirurgische Behandlung durch Verschluss der Bruchl\u00fccke kann bei Nabelbr\u00fcchen eine Heilung herbeif\u00fchren. Eine erfolgreiche konservative Behandlung, etwa durch Bauchmuskeltraining, \u00a0ist nicht m\u00f6glich. Bei sehr \u00fcbergewichtigen Patienten erweist sich allerdings eine Gewichtsreduktion als \u00a0sinnvoll.<\/p>\n<p>Je nach Beschaffenheit der Bauchwand und Gr\u00f6\u00dfe des Bruches wird die L\u00fccke direkt mit einer Naht verschlossen, in anderen F\u00e4llen ist die Verst\u00e4rkung mit einem Kunststoffnetz notwendig. Oft k\u00f6nnen wir Ihnen schon bei der Erstuntersuchung sagen, ob ein Kunststoffnetz notwendig ist oder nicht. Von au\u00dfen ist das Netz nach der Operation nicht sichtbar. Es wird im Bereich der Bruchl\u00fccke eingelegt und festgen\u00e4ht.<\/p>\n<p>Im Normalfall dauert die Operation \u00a0zwischen 15 und 45 Minuten und wird in unserer Klinik meistens in\u00a0 Vollnarkose durchgef\u00fchrt. Grunds\u00e4tzlich ist aber auch ein lokales oder regionales Narkoseverfahren m\u00f6glich. Einzelheiten hierzu wird der Narkosearzt vor der Operation mit Ihnen besprechen. Bei Nabelhernien mit gro\u00dfen Wundfl\u00e4chen kann ein kleiner Schlauch (Redon-Drainage) eingelegt werden. Er leitet \u00a0\u00fcbersch\u00fcssiges Wundsekret ab und wird in der Regel \u00a0am ersten Tag nach der Operation entfernt.<\/p>\n<\/div><\/section><\/div>\n<style type=\"text\/css\" data-created_by=\"avia_inline_auto\" id=\"style-css-av-av_one_half-0aa7055fe62c3622faec82866afbaeb2\">\n.flex_column.av-av_one_half-0aa7055fe62c3622faec82866afbaeb2{\nborder-radius:0px 0px 0px 0px;\npadding:0px 0px 0px 0px;\n}\n<\/style>\n<div  class='flex_column av-av_one_half-0aa7055fe62c3622faec82866afbaeb2 av_one_half  avia-builder-el-5  el_after_av_one_half  avia-builder-el-last  flex_column_div av-zero-column-padding  '     ><section  class='av_textblock_section av-av_textblock-0366cc7376be6c9e82a3e9cc8987b64f '   itemscope=\"itemscope\" itemtype=\"https:\/\/schema.org\/CreativeWork\" ><div class='avia_textblock'  itemprop=\"text\" ><p>Weitere Einzelheiten zur eigentlichen Operation entnehmen Sie bitte dem Aufkl\u00e4rungsbogen, der Ihnen im Rahmen der Erstuntersuchung ausgeh\u00e4ndigt wird. Die Operation erfolgt meist \u00fcber einen kosmetisch vorteilhaften bogenf\u00f6rmigen Hautschnitt \u00a0oberhalb des Nabels.<\/p>\n<p><strong>Ablauf<\/strong><\/p>\n<p>In der Regel erfolgt die Operation ambulant, d.h. sie kommen am Morgen n\u00fcchtern (kein Fr\u00fchst\u00fcck, keine Getr\u00e4nke) zur Operation in die Klinik am Rathenauplatz, 4.OG. Etwa zwei Stunden nach der Operation k\u00f6nnen Sie von einer erwachsenen Person abgeholt werden. Die Nachsorge mit Wundkontrolle und Entfernung des Hautfadens erfolgt normalerweise durch den Hausarzt. Bei Entlassung bekommen Sie \u00a0einen Arztbrief mit allen notwendigen Informationen f\u00fcr den Hausarzt ausgeh\u00e4ndigt. Im Notfall stehen wir aber\u00a0 f\u00fcr Sie jederzeit zur Verf\u00fcgung,\u00a0 eine Notfalltelefonnummer erhalten Sie bei Entlassung.<\/p>\n<p><strong>Nachbehandlung<\/strong><\/p>\n<p>Am ersten oder zweiten Tag nach der Operation erfolgt \u00fcblicherweise eine Wundkontrolle mit Wechsel des Verbands, auch eine eventuell eingelegte Drainage wird dann entfernt. Am dritten Tag nach der Operation d\u00fcrfen Sie duschen. Danach sollte ein neuer, trockener Verband aufgelegt werden. Die Hautnaht wird zwischen dem siebten und zehnten Tag nach der Operation entfernt. Normale k\u00f6rperliche Belastung wie Gehen, Treppensteigen usw. ist schon nach Entlassung wieder m\u00f6glich. Auf Sport mit starker Beanspruchung der Bauchmuskulatur sollte man 4 Wochen verzichten. Eine Thrombosevorbeugung durch Medikamente (\u201eThrombosespritze\u201c) nach der Operation ist routinem\u00e4\u00dfig nicht vorgesehen. Die Dauer der Krankmeldung ist unter anderem berufsabh\u00e4ngig und \u00a0wird individuell festgelegt.<\/p>\n<p>Wir f\u00fchren diese Operation in unserer Klinik mehrfach t\u00e4glich durch.<\/p>\n<\/div><\/section><\/div>\n","protected":false},"excerpt":{"rendered":"","protected":false},"author":1,"featured_media":0,"parent":0,"menu_order":0,"comment_status":"closed","ping_status":"closed","template":"","meta":[],"yoast_head":"<!-- This site is optimized with the Yoast SEO plugin v20.0 - https:\/\/yoast.com\/wordpress\/plugins\/seo\/ -->\n<title>Krankheitsbilder - Chirurgische Privatklinik Heilbronn<\/title>\n<meta name=\"robots\" content=\"index, follow, max-snippet:-1, max-image-preview:large, max-video-preview:-1\" \/>\n<link rel=\"canonical\" href=\"https:\/\/www.chirurgie-hn.de\/praxis\/krankheitsbilder\/\" \/>\n<meta property=\"og:locale\" content=\"de_DE\" \/>\n<meta property=\"og:type\" content=\"article\" \/>\n<meta property=\"og:title\" content=\"Krankheitsbilder - Chirurgische Privatklinik Heilbronn\" \/>\n<meta property=\"og:url\" content=\"https:\/\/www.chirurgie-hn.de\/praxis\/krankheitsbilder\/\" \/>\n<meta property=\"og:site_name\" content=\"Chirurgische Privatklinik Heilbronn\" \/>\n<meta name=\"twitter:card\" content=\"summary_large_image\" \/>\n<meta name=\"twitter:label1\" content=\"Gesch\u00e4tzte Lesezeit\" \/>\n\t<meta name=\"twitter:data1\" content=\"4\u00a0Minuten\" \/>\n<script type=\"application\/ld+json\" class=\"yoast-schema-graph\">{\"@context\":\"https:\/\/schema.org\",\"@graph\":[{\"@type\":\"WebPage\",\"@id\":\"https:\/\/www.chirurgie-hn.de\/praxis\/krankheitsbilder\/\",\"url\":\"https:\/\/www.chirurgie-hn.de\/praxis\/krankheitsbilder\/\",\"name\":\"Krankheitsbilder - Chirurgische Privatklinik Heilbronn\",\"isPartOf\":{\"@id\":\"https:\/\/www.chirurgie-hn.de\/praxis\/#website\"},\"datePublished\":\"2017-09-12T07:09:00+00:00\",\"dateModified\":\"2017-09-12T07:09:00+00:00\",\"breadcrumb\":{\"@id\":\"https:\/\/www.chirurgie-hn.de\/praxis\/krankheitsbilder\/#breadcrumb\"},\"inLanguage\":\"de\",\"potentialAction\":[{\"@type\":\"ReadAction\",\"target\":[\"https:\/\/www.chirurgie-hn.de\/praxis\/krankheitsbilder\/\"]}]},{\"@type\":\"BreadcrumbList\",\"@id\":\"https:\/\/www.chirurgie-hn.de\/praxis\/krankheitsbilder\/#breadcrumb\",\"itemListElement\":[{\"@type\":\"ListItem\",\"position\":1,\"name\":\"Startseite\",\"item\":\"https:\/\/www.chirurgie-hn.de\/praxis\/\"},{\"@type\":\"ListItem\",\"position\":2,\"name\":\"Krankheitsbilder\"}]},{\"@type\":\"WebSite\",\"@id\":\"https:\/\/www.chirurgie-hn.de\/praxis\/#website\",\"url\":\"https:\/\/www.chirurgie-hn.de\/praxis\/\",\"name\":\"Chirurgische Privatklinik Heilbronn\",\"description\":\"Eine weitere WordPress-Website\",\"potentialAction\":[{\"@type\":\"SearchAction\",\"target\":{\"@type\":\"EntryPoint\",\"urlTemplate\":\"https:\/\/www.chirurgie-hn.de\/praxis\/?s={search_term_string}\"},\"query-input\":\"required name=search_term_string\"}],\"inLanguage\":\"de\"}]}<\/script>\n<!-- \/ Yoast SEO plugin. -->","yoast_head_json":{"title":"Krankheitsbilder - Chirurgische Privatklinik Heilbronn","robots":{"index":"index","follow":"follow","max-snippet":"max-snippet:-1","max-image-preview":"max-image-preview:large","max-video-preview":"max-video-preview:-1"},"canonical":"https:\/\/www.chirurgie-hn.de\/praxis\/krankheitsbilder\/","og_locale":"de_DE","og_type":"article","og_title":"Krankheitsbilder - Chirurgische Privatklinik Heilbronn","og_url":"https:\/\/www.chirurgie-hn.de\/praxis\/krankheitsbilder\/","og_site_name":"Chirurgische Privatklinik Heilbronn","twitter_card":"summary_large_image","twitter_misc":{"Gesch\u00e4tzte Lesezeit":"4\u00a0Minuten"},"schema":{"@context":"https:\/\/schema.org","@graph":[{"@type":"WebPage","@id":"https:\/\/www.chirurgie-hn.de\/praxis\/krankheitsbilder\/","url":"https:\/\/www.chirurgie-hn.de\/praxis\/krankheitsbilder\/","name":"Krankheitsbilder - Chirurgische Privatklinik Heilbronn","isPartOf":{"@id":"https:\/\/www.chirurgie-hn.de\/praxis\/#website"},"datePublished":"2017-09-12T07:09:00+00:00","dateModified":"2017-09-12T07:09:00+00:00","breadcrumb":{"@id":"https:\/\/www.chirurgie-hn.de\/praxis\/krankheitsbilder\/#breadcrumb"},"inLanguage":"de","potentialAction":[{"@type":"ReadAction","target":["https:\/\/www.chirurgie-hn.de\/praxis\/krankheitsbilder\/"]}]},{"@type":"BreadcrumbList","@id":"https:\/\/www.chirurgie-hn.de\/praxis\/krankheitsbilder\/#breadcrumb","itemListElement":[{"@type":"ListItem","position":1,"name":"Startseite","item":"https:\/\/www.chirurgie-hn.de\/praxis\/"},{"@type":"ListItem","position":2,"name":"Krankheitsbilder"}]},{"@type":"WebSite","@id":"https:\/\/www.chirurgie-hn.de\/praxis\/#website","url":"https:\/\/www.chirurgie-hn.de\/praxis\/","name":"Chirurgische Privatklinik Heilbronn","description":"Eine weitere WordPress-Website","potentialAction":[{"@type":"SearchAction","target":{"@type":"EntryPoint","urlTemplate":"https:\/\/www.chirurgie-hn.de\/praxis\/?s={search_term_string}"},"query-input":"required name=search_term_string"}],"inLanguage":"de"}]}},"_links":{"self":[{"href":"https:\/\/www.chirurgie-hn.de\/praxis\/wp-json\/wp\/v2\/pages\/760"}],"collection":[{"href":"https:\/\/www.chirurgie-hn.de\/praxis\/wp-json\/wp\/v2\/pages"}],"about":[{"href":"https:\/\/www.chirurgie-hn.de\/praxis\/wp-json\/wp\/v2\/types\/page"}],"author":[{"embeddable":true,"href":"https:\/\/www.chirurgie-hn.de\/praxis\/wp-json\/wp\/v2\/users\/1"}],"replies":[{"embeddable":true,"href":"https:\/\/www.chirurgie-hn.de\/praxis\/wp-json\/wp\/v2\/comments?post=760"}],"version-history":[{"count":2,"href":"https:\/\/www.chirurgie-hn.de\/praxis\/wp-json\/wp\/v2\/pages\/760\/revisions"}],"predecessor-version":[{"id":763,"href":"https:\/\/www.chirurgie-hn.de\/praxis\/wp-json\/wp\/v2\/pages\/760\/revisions\/763"}],"wp:attachment":[{"href":"https:\/\/www.chirurgie-hn.de\/praxis\/wp-json\/wp\/v2\/media?parent=760"}],"curies":[{"name":"wp","href":"https:\/\/api.w.org\/{rel}","templated":true}]}}